{"id":114,"date":"2012-07-29T12:31:57","date_gmt":"2012-07-29T10:31:57","guid":{"rendered":"https:\/\/www.mitsektionen.se\/?page_id=114"},"modified":"2025-12-29T11:02:58","modified_gmt":"2025-12-29T10:02:58","slug":"styrelsen-2","status":"publish","type":"page","link":"https:\/\/www.mitsektionen.se\/en\/om-sektionen\/styrelsen-2\/","title":{"rendered":"The Board (CNS)"},"content":{"rendered":"<p>Styrelsen, \u00e4ven kallad det <b>Central Nervous System<\/b> (<i>CNS<\/i>), best\u00e5r av storhj\u00e4rnan (Ordf\u00f6rande), lillhj\u00e4rnan (Vice Ordf\u00f6rande) och ryggm\u00e4rgen (\u00f6vriga styrelseledam\u00f6ter).<\/p>\n<p>The central nervous system gathers information from the<br \/><b>Peripheral Nervous System<\/b> (<i>PNS<\/i>) and processes this information in order to send out relevant signals to the body (the chapter, THS, KTH and other important instances).<\/p>\n<p>Just as in the body, CNS has the general responsibility to make everything work in the correct way. In other words, the board has the overall responsibility for the chapter\u2019s day to day operation and economy.<\/p>\n<p>The board is democratically elected by the chapter to manage and administer its day to day operation and is led by the chapter\u2019s chairman.<\/p>\n<p>Du kan kontakta styrelsen genom att mejla till <a href=\"mailto:styrelsen-mit@ths.kth.se\">styrelsen-mit@ths.kth.se<\/a> eller mejladresserna nedan.<\/p>\n<table style=\"text-align: left; vertical-align: top; height: 832px;\" border=\"0\" width=\"590\">\n<tbody>\n<tr>\n<td colspan=\"4\">\n<h4>CNS 25\/26<\/h4>\n<\/td> <\/tr>\n\n<tr>\n<td colspan=\"2\" style=\"text-align: center;\">\n<img decoding=\"async\" src=\"https:\/\/www.mitsektionen.se\/wp-content\/uploads\/2025\/12\/IMG_0867-scaled.jpeg\" style=\"width: 50%; height: auto; margin-bottom: 20px;\">\n<\/td>\n<\/tr>\n<tr>\n<td><strong>Chairman<\/strong><\/td>\n<td><strong>Filip Stenlund<\/strong><\/td>\n<td><a href=\"mailto:ordf-mit@ths.kth.se\">ordf-mit@ths.kth.se<\/a><\/td>\n<\/tr>\n<tr>\n<td><strong>Vice chairman<\/strong><\/td>\n<td><strong>Rasmus Neuman<\/strong><\/td>\n<td><a href=\"mailto:vordf-mit@ths.kth.se\">vordf-mit@ths.kth.se<\/a><\/td>\n<\/tr>\n<tr>\n<td><strong>Treasurer<\/strong><\/td>\n<td><strong>Mert Affan<\/strong><\/td>\n<td><a href=\"mailto:kassor-mit@ths.kth.se\">kassor-mit@ths.kth.se<\/a><\/td>\n<\/tr>\n<tr>\n<td><strong>Secretary<\/strong><\/td>\n<td><strong>Olivia Uribe<\/strong><\/td>\n<td><a href=\"mailto:sekreterare-mit@ths.kth.se\">sekreterare-mit@ths.kth.se<\/a><\/td>\n<\/tr>\n<tr>\n<td><strong>Head of Communications<\/strong><\/td>\n<td><strong>Isabella Stillstr\u00f6m<\/strong><\/td>\n<td><a href=\"mailto:info-mit@ths.kth.se\">info-mit@ths.kth.se<\/a><\/td>\n<\/tr>\n<tr>\n<td><strong>Board Member<\/strong><\/td>\n<td><strong>Hanna Everbrand<\/strong><\/td>\n<td><\/td> <\/tr>\n<tr>\n<td><strong>Board Member<\/strong><\/td>\n<td><strong>Elise Hult\u00e9n<\/strong><\/td>\n<td><\/td> <\/tr>\n<tr>\n<td><strong>Appendix<\/strong><\/td>\n<td><strong>Evelina Nyberg<\/strong><\/td>\n<td><\/td> <\/tr>\n<\/tbody>\n<\/table>\n\n<ul class=\"wp-block-social-links aligncenter has-normal-icon-size has-visible-labels is-style-logos-only is-horizontal is-content-justification-center is-layout-flex wp-container-core-social-links-is-layout-499968f5 wp-block-social-links-is-layout-flex\"><li class=\"wp-social-link wp-social-link-instagram  wp-block-social-link\"><a rel=\"noopener nofollow\" target=\"_blank\" href=\"https:\/\/www.instagram.com\/mitstyrelse\/\" class=\"wp-block-social-link-anchor\"><svg width=\"24\" height=\"24\" viewbox=\"0 0 24 24\" version=\"1.1\" xmlns=\"http:\/\/www.w3.org\/2000\/svg\" aria-hidden=\"true\" focusable=\"false\"><path d=\"M12,4.622c2.403,0,2.688,0.009,3.637,0.052c0.877,0.04,1.354,0.187,1.671,0.31c0.42,0.163,0.72,0.358,1.035,0.673 c0.315,0.315,0.51,0.615,0.673,1.035c0.123,0.317,0.27,0.794,0.31,1.671c0.043,0.949,0.052,1.234,0.052,3.637 s-0.009,2.688-0.052,3.637c-0.04,0.877-0.187,1.354-0.31,1.671c-0.163,0.42-0.358,0.72-0.673,1.035 c-0.315,0.315-0.615,0.51-1.035,0.673c-0.317,0.123-0.794,0.27-1.671,0.31c-0.949,0.043-1.233,0.052-3.637,0.052 s-2.688-0.009-3.637-0.052c-0.877-0.04-1.354-0.187-1.671-0.31c-0.42-0.163-0.72-0.358-1.035-0.673 c-0.315-0.315-0.51-0.615-0.673-1.035c-0.123-0.317-0.27-0.794-0.31-1.671C4.631,14.688,4.622,14.403,4.622,12 s0.009-2.688,0.052-3.637c0.04-0.877,0.187-1.354,0.31-1.671c0.163-0.42,0.358-0.72,0.673-1.035 c0.315-0.315,0.615-0.51,1.035-0.673c0.317-0.123,0.794-0.27,1.671-0.31C9.312,4.631,9.597,4.622,12,4.622 M12,3 C9.556,3,9.249,3.01,8.289,3.054C7.331,3.098,6.677,3.25,6.105,3.472C5.513,3.702,5.011,4.01,4.511,4.511 c-0.5,0.5-0.808,1.002-1.038,1.594C3.25,6.677,3.098,7.331,3.054,8.289C3.01,9.249,3,9.556,3,12c0,2.444,0.01,2.751,0.054,3.711 c0.044,0.958,0.196,1.612,0.418,2.185c0.23,0.592,0.538,1.094,1.038,1.594c0.5,0.5,1.002,0.808,1.594,1.038 c0.572,0.222,1.227,0.375,2.185,0.418C9.249,20.99,9.556,21,12,21s2.751-0.01,3.711-0.054c0.958-0.044,1.612-0.196,2.185-0.418 c0.592-0.23,1.094-0.538,1.594-1.038c0.5-0.5,0.808-1.002,1.038-1.594c0.222-0.572,0.375-1.227,0.418-2.185 C20.99,14.751,21,14.444,21,12s-0.01-2.751-0.054-3.711c-0.044-0.958-0.196-1.612-0.418-2.185c-0.23-0.592-0.538-1.094-1.038-1.594 c-0.5-0.5-1.002-0.808-1.594-1.038c-0.572-0.222-1.227-0.375-2.185-0.418C14.751,3.01,14.444,3,12,3L12,3z M12,7.378 c-2.552,0-4.622,2.069-4.622,4.622S9.448,16.622,12,16.622s4.622-2.069,4.622-4.622S14.552,7.378,12,7.378z M12,15 c-1.657,0-3-1.343-3-3s1.343-3,3-3s3,1.343,3,3S13.657,15,12,15z M16.804,6.116c-0.596,0-1.08,0.484-1.08,1.08 s0.484,1.08,1.08,1.08c0.596,0,1.08-0.484,1.08-1.08S17.401,6.116,16.804,6.116z\"><\/path><\/svg><span class=\"wp-block-social-link-label\">mitstyrelse<\/span><\/a><\/li><\/ul>","protected":false},"excerpt":{"rendered":"<p>Styrelsen, \u00e4ven kallad det Centrala nervsystemet (CNS), best\u00e5r av storhj\u00e4rnan (Ordf\u00f6rande), lillhj\u00e4rnan (Vice Ordf\u00f6rande) och ryggm\u00e4rgen (\u00f6vriga styrelseledam\u00f6ter). Det centrala nervsystemet inh\u00e4mtar information fr\u00e5n detPerifera nervsystemet (PNS) och bearbetar denna f\u00f6r att d\u00e4refter skicka ut nya, relevanta signaler till kroppen (sektionen, THS, KTH och andra viktiga instanser). Precis som i kroppen har CNS det \u00f6vergripande&nbsp;&hellip;<\/p>","protected":false},"author":1,"featured_media":0,"parent":61,"menu_order":1,"comment_status":"closed","ping_status":"closed","template":"","meta":{"footnotes":""},"class_list":["post-114","page","type-page","status-publish","hentry"],"yoast_head":"<!-- This site is optimized with the Yoast SEO plugin v27.4 - https:\/\/yoast.com\/product\/yoast-seo-wordpress\/ -->\n<title>Styrelsen (CNS) - Sektionen f\u00f6r Medicinsk Teknik<\/title>\n<meta name=\"robots\" content=\"index, follow, max-snippet:-1, max-image-preview:large, max-video-preview:-1\" \/>\n<link rel=\"canonical\" href=\"https:\/\/www.mitsektionen.se\/en\/om-sektionen\/styrelsen-2\/\" \/>\n<meta property=\"og:locale\" content=\"en_US\" \/>\n<meta property=\"og:type\" content=\"article\" \/>\n<meta property=\"og:title\" content=\"Styrelsen (CNS) - Sektionen f\u00f6r Medicinsk Teknik\" \/>\n<meta property=\"og:description\" content=\"Styrelsen, \u00e4ven kallad det Centrala nervsystemet (CNS), best\u00e5r av storhj\u00e4rnan (Ordf\u00f6rande), lillhj\u00e4rnan (Vice Ordf\u00f6rande) och ryggm\u00e4rgen (\u00f6vriga styrelseledam\u00f6ter). Det centrala nervsystemet inh\u00e4mtar information fr\u00e5n detPerifera nervsystemet (PNS) och bearbetar denna f\u00f6r att d\u00e4refter skicka ut nya, relevanta signaler till kroppen (sektionen, THS, KTH och andra viktiga instanser). Precis som i kroppen har CNS det \u00f6vergripande&nbsp;&hellip;\" \/>\n<meta property=\"og:url\" content=\"https:\/\/www.mitsektionen.se\/en\/om-sektionen\/styrelsen-2\/\" \/>\n<meta property=\"og:site_name\" content=\"Sektionen f\u00f6r Medicinsk Teknik\" \/>\n<meta property=\"article:publisher\" content=\"https:\/\/www.facebook.com\/profile.php?id=100063481543287\" \/>\n<meta property=\"article:modified_time\" content=\"2025-12-29T10:02:58+00:00\" \/>\n<meta property=\"og:image\" content=\"https:\/\/www.mitsektionen.se\/wp-content\/uploads\/2025\/12\/IMG_0867-scaled.jpeg\" \/>\n<meta name=\"twitter:card\" content=\"summary_large_image\" \/>\n<meta name=\"twitter:label1\" content=\"Est. reading time\" \/>\n\t<meta name=\"twitter:data1\" content=\"1 minute\" \/>\n<script type=\"application\/ld+json\" class=\"yoast-schema-graph\">{\"@context\":\"https:\\\/\\\/schema.org\",\"@graph\":[{\"@type\":\"WebPage\",\"@id\":\"https:\\\/\\\/www.mitsektionen.se\\\/om-sektionen\\\/styrelsen-2\\\/\",\"url\":\"https:\\\/\\\/www.mitsektionen.se\\\/om-sektionen\\\/styrelsen-2\\\/\",\"name\":\"Styrelsen (CNS) - Sektionen f\u00f6r Medicinsk Teknik\",\"isPartOf\":{\"@id\":\"https:\\\/\\\/www.mitsektionen.se\\\/#website\"},\"primaryImageOfPage\":{\"@id\":\"https:\\\/\\\/www.mitsektionen.se\\\/om-sektionen\\\/styrelsen-2\\\/#primaryimage\"},\"image\":{\"@id\":\"https:\\\/\\\/www.mitsektionen.se\\\/om-sektionen\\\/styrelsen-2\\\/#primaryimage\"},\"thumbnailUrl\":\"https:\\\/\\\/www.mitsektionen.se\\\/wp-content\\\/uploads\\\/2025\\\/12\\\/IMG_0867-scaled.jpeg\",\"datePublished\":\"2012-07-29T10:31:57+00:00\",\"dateModified\":\"2025-12-29T10:02:58+00:00\",\"breadcrumb\":{\"@id\":\"https:\\\/\\\/www.mitsektionen.se\\\/om-sektionen\\\/styrelsen-2\\\/#breadcrumb\"},\"inLanguage\":\"en-US\",\"potentialAction\":[{\"@type\":\"ReadAction\",\"target\":[\"https:\\\/\\\/www.mitsektionen.se\\\/om-sektionen\\\/styrelsen-2\\\/\"]}]},{\"@type\":\"ImageObject\",\"inLanguage\":\"en-US\",\"@id\":\"https:\\\/\\\/www.mitsektionen.se\\\/om-sektionen\\\/styrelsen-2\\\/#primaryimage\",\"url\":\"https:\\\/\\\/www.mitsektionen.se\\\/wp-content\\\/uploads\\\/2025\\\/12\\\/IMG_0867-scaled.jpeg\",\"contentUrl\":\"https:\\\/\\\/www.mitsektionen.se\\\/wp-content\\\/uploads\\\/2025\\\/12\\\/IMG_0867-scaled.jpeg\"},{\"@type\":\"BreadcrumbList\",\"@id\":\"https:\\\/\\\/www.mitsektionen.se\\\/om-sektionen\\\/styrelsen-2\\\/#breadcrumb\",\"itemListElement\":[{\"@type\":\"ListItem\",\"position\":1,\"name\":\"Hem\",\"item\":\"https:\\\/\\\/www.mitsektionen.se\\\/\"},{\"@type\":\"ListItem\",\"position\":2,\"name\":\"Om sektionen\",\"item\":\"https:\\\/\\\/www.mitsektionen.se\\\/om-sektionen\\\/\"},{\"@type\":\"ListItem\",\"position\":3,\"name\":\"Styrelsen (CNS)\"}]},{\"@type\":\"WebSite\",\"@id\":\"https:\\\/\\\/www.mitsektionen.se\\\/#website\",\"url\":\"https:\\\/\\\/www.mitsektionen.se\\\/\",\"name\":\"Sektionen f\u00f6r Medicinsk Teknik\",\"description\":\"MedTech vid KTH\",\"publisher\":{\"@id\":\"https:\\\/\\\/www.mitsektionen.se\\\/#organization\"},\"potentialAction\":[{\"@type\":\"SearchAction\",\"target\":{\"@type\":\"EntryPoint\",\"urlTemplate\":\"https:\\\/\\\/www.mitsektionen.se\\\/?s={search_term_string}\"},\"query-input\":{\"@type\":\"PropertyValueSpecification\",\"valueRequired\":true,\"valueName\":\"search_term_string\"}}],\"inLanguage\":\"en-US\"},{\"@type\":\"Organization\",\"@id\":\"https:\\\/\\\/www.mitsektionen.se\\\/#organization\",\"name\":\"Sektionen f\u00f6r Medicinsk Teknik\",\"url\":\"https:\\\/\\\/www.mitsektionen.se\\\/\",\"logo\":{\"@type\":\"ImageObject\",\"inLanguage\":\"en-US\",\"@id\":\"https:\\\/\\\/www.mitsektionen.se\\\/#\\\/schema\\\/logo\\\/image\\\/\",\"url\":\"https:\\\/\\\/www.mitsektionen.se\\\/wp-content\\\/uploads\\\/2018\\\/05\\\/cropped-loggamit.png\",\"contentUrl\":\"https:\\\/\\\/www.mitsektionen.se\\\/wp-content\\\/uploads\\\/2018\\\/05\\\/cropped-loggamit.png\",\"width\":2361,\"height\":2385,\"caption\":\"Sektionen f\u00f6r Medicinsk Teknik\"},\"image\":{\"@id\":\"https:\\\/\\\/www.mitsektionen.se\\\/#\\\/schema\\\/logo\\\/image\\\/\"},\"sameAs\":[\"https:\\\/\\\/www.facebook.com\\\/profile.php?id=100063481543287\",\"https:\\\/\\\/www.instagram.com\\\/mitsektionen\\\/\",\"https:\\\/\\\/ca.linkedin.com\\\/company\\\/sektionen-fr-medicinsk-teknik\"]}]}<\/script>\n<!-- \/ Yoast SEO plugin. -->","yoast_head_json":{"title":"Styrelsen (CNS) - Sektionen f\u00f6r Medicinsk Teknik","robots":{"index":"index","follow":"follow","max-snippet":"max-snippet:-1","max-image-preview":"max-image-preview:large","max-video-preview":"max-video-preview:-1"},"canonical":"https:\/\/www.mitsektionen.se\/en\/om-sektionen\/styrelsen-2\/","og_locale":"en_US","og_type":"article","og_title":"Styrelsen (CNS) - Sektionen f\u00f6r Medicinsk Teknik","og_description":"Styrelsen, \u00e4ven kallad det Centrala nervsystemet (CNS), best\u00e5r av storhj\u00e4rnan (Ordf\u00f6rande), lillhj\u00e4rnan (Vice Ordf\u00f6rande) och ryggm\u00e4rgen (\u00f6vriga styrelseledam\u00f6ter). Det centrala nervsystemet inh\u00e4mtar information fr\u00e5n detPerifera nervsystemet (PNS) och bearbetar denna f\u00f6r att d\u00e4refter skicka ut nya, relevanta signaler till kroppen (sektionen, THS, KTH och andra viktiga instanser). Precis som i kroppen har CNS det \u00f6vergripande&nbsp;&hellip;","og_url":"https:\/\/www.mitsektionen.se\/en\/om-sektionen\/styrelsen-2\/","og_site_name":"Sektionen f\u00f6r Medicinsk Teknik","article_publisher":"https:\/\/www.facebook.com\/profile.php?id=100063481543287","article_modified_time":"2025-12-29T10:02:58+00:00","og_image":[{"url":"https:\/\/www.mitsektionen.se\/wp-content\/uploads\/2025\/12\/IMG_0867-scaled.jpeg","type":"","width":"","height":""}],"twitter_card":"summary_large_image","twitter_misc":{"Est. reading time":"1 minute"},"schema":{"@context":"https:\/\/schema.org","@graph":[{"@type":"WebPage","@id":"https:\/\/www.mitsektionen.se\/om-sektionen\/styrelsen-2\/","url":"https:\/\/www.mitsektionen.se\/om-sektionen\/styrelsen-2\/","name":"Styrelsen (CNS) - Sektionen f\u00f6r Medicinsk Teknik","isPartOf":{"@id":"https:\/\/www.mitsektionen.se\/#website"},"primaryImageOfPage":{"@id":"https:\/\/www.mitsektionen.se\/om-sektionen\/styrelsen-2\/#primaryimage"},"image":{"@id":"https:\/\/www.mitsektionen.se\/om-sektionen\/styrelsen-2\/#primaryimage"},"thumbnailUrl":"https:\/\/www.mitsektionen.se\/wp-content\/uploads\/2025\/12\/IMG_0867-scaled.jpeg","datePublished":"2012-07-29T10:31:57+00:00","dateModified":"2025-12-29T10:02:58+00:00","breadcrumb":{"@id":"https:\/\/www.mitsektionen.se\/om-sektionen\/styrelsen-2\/#breadcrumb"},"inLanguage":"en-US","potentialAction":[{"@type":"ReadAction","target":["https:\/\/www.mitsektionen.se\/om-sektionen\/styrelsen-2\/"]}]},{"@type":"ImageObject","inLanguage":"en-US","@id":"https:\/\/www.mitsektionen.se\/om-sektionen\/styrelsen-2\/#primaryimage","url":"https:\/\/www.mitsektionen.se\/wp-content\/uploads\/2025\/12\/IMG_0867-scaled.jpeg","contentUrl":"https:\/\/www.mitsektionen.se\/wp-content\/uploads\/2025\/12\/IMG_0867-scaled.jpeg"},{"@type":"BreadcrumbList","@id":"https:\/\/www.mitsektionen.se\/om-sektionen\/styrelsen-2\/#breadcrumb","itemListElement":[{"@type":"ListItem","position":1,"name":"Hem","item":"https:\/\/www.mitsektionen.se\/"},{"@type":"ListItem","position":2,"name":"Om sektionen","item":"https:\/\/www.mitsektionen.se\/om-sektionen\/"},{"@type":"ListItem","position":3,"name":"Styrelsen (CNS)"}]},{"@type":"WebSite","@id":"https:\/\/www.mitsektionen.se\/#website","url":"https:\/\/www.mitsektionen.se\/","name":"The Chapter of Medical Engineering","description":"MedTech vid KTH","publisher":{"@id":"https:\/\/www.mitsektionen.se\/#organization"},"potentialAction":[{"@type":"SearchAction","target":{"@type":"EntryPoint","urlTemplate":"https:\/\/www.mitsektionen.se\/?s={search_term_string}"},"query-input":{"@type":"PropertyValueSpecification","valueRequired":true,"valueName":"search_term_string"}}],"inLanguage":"en-US"},{"@type":"Organization","@id":"https:\/\/www.mitsektionen.se\/#organization","name":"The Chapter of Medical Engineering","url":"https:\/\/www.mitsektionen.se\/","logo":{"@type":"ImageObject","inLanguage":"en-US","@id":"https:\/\/www.mitsektionen.se\/#\/schema\/logo\/image\/","url":"https:\/\/www.mitsektionen.se\/wp-content\/uploads\/2018\/05\/cropped-loggamit.png","contentUrl":"https:\/\/www.mitsektionen.se\/wp-content\/uploads\/2018\/05\/cropped-loggamit.png","width":2361,"height":2385,"caption":"Sektionen f\u00f6r Medicinsk Teknik"},"image":{"@id":"https:\/\/www.mitsektionen.se\/#\/schema\/logo\/image\/"},"sameAs":["https:\/\/www.facebook.com\/profile.php?id=100063481543287","https:\/\/www.instagram.com\/mitsektionen\/","https:\/\/ca.linkedin.com\/company\/sektionen-fr-medicinsk-teknik"]}]}},"_links":{"self":[{"href":"https:\/\/www.mitsektionen.se\/en\/wp-json\/wp\/v2\/pages\/114","targetHints":{"allow":["GET"]}}],"collection":[{"href":"https:\/\/www.mitsektionen.se\/en\/wp-json\/wp\/v2\/pages"}],"about":[{"href":"https:\/\/www.mitsektionen.se\/en\/wp-json\/wp\/v2\/types\/page"}],"author":[{"embeddable":true,"href":"https:\/\/www.mitsektionen.se\/en\/wp-json\/wp\/v2\/users\/1"}],"replies":[{"embeddable":true,"href":"https:\/\/www.mitsektionen.se\/en\/wp-json\/wp\/v2\/comments?post=114"}],"version-history":[{"count":18,"href":"https:\/\/www.mitsektionen.se\/en\/wp-json\/wp\/v2\/pages\/114\/revisions"}],"predecessor-version":[{"id":11525,"href":"https:\/\/www.mitsektionen.se\/en\/wp-json\/wp\/v2\/pages\/114\/revisions\/11525"}],"up":[{"embeddable":true,"href":"https:\/\/www.mitsektionen.se\/en\/wp-json\/wp\/v2\/pages\/61"}],"wp:attachment":[{"href":"https:\/\/www.mitsektionen.se\/en\/wp-json\/wp\/v2\/media?parent=114"}],"curies":[{"name":"wp","href":"https:\/\/api.w.org\/{rel}","templated":true}]}}