{"id":142,"date":"2011-08-02T10:41:47","date_gmt":"2011-08-02T08:41:47","guid":{"rendered":"https:\/\/www.mitsektionen.se\/?page_id=142"},"modified":"2025-07-13T17:52:42","modified_gmt":"2025-07-13T15:52:42","slug":"sektionslokal","status":"publish","type":"page","link":"https:\/\/www.mitsektionen.se\/en\/om-sektionen\/sektionslokal\/","title":{"rendered":"Our Chapter Halls"},"content":{"rendered":"<p>As a medical engineering student you will study at two campuses during your time at KTH, Campus Valhallav\u00e4gen (Main Campus) and Campus Flemingsberg. During your master studies the location depends on which units you will choose.<\/p>\n<p>P\u00e5 Campus Valhallav\u00e4gen delar vi sektionslokal med Konglig Elektrosektionen. H\u00e4r kan medtagen lunch v\u00e4rmas. H\u00e4r kan man ocks\u00e5 plugga eller h\u00e4nga p\u00e5 kv\u00e4llarna. Lokalen ligger p\u00e5 Osquars backe 12 och kallas d\u00e4rav 12:an. Denna lokal tas om hand helt utav studenterna p\u00e5 sektionerna. Eftersom Konglig Elektrosektionen bott d\u00e4r sedan 1969 har de en grupp som st\u00e5r f\u00f6r fixerier och pyssel med lokalen. Denna grupp kallas K\u00e4llargillet och \u00e4r \u00e4ven \u00f6ppen f\u00f6r MiT-studenter, s\u00e5 g\u00e5 g\u00e4rna med d\u00e4r!<\/p>\n<p>P\u00e5 Campus Flemingsberg delar vi sektionslokal med Ingenj\u00f6rssektionen Flemingsberg (IsF) och R\u00f6da Korset (RKHSK). H\u00e4r kan medtagen lunch v\u00e4rmas. H\u00e4r kan man ocks\u00e5 plugga eller h\u00e4nga p\u00e5 kv\u00e4llarna. Lokalen ligger i huset Technology and Health p\u00e5 H\u00e4lsov\u00e4gen 11C.<\/p>\n<p>N\u00e4r studenter fr\u00e5n v\u00e5r sektion \u00e4r p\u00e5 andra campus, till exempel KI Solna har vi ingen sektionslokal att g\u00e5 till. P\u00e5 KI Solna kan man v\u00e4rma mat bl a vid f\u00f6rel\u00e4sningssalarna i Thorax. Om n\u00e5gon student l\u00e4ser en kurs p\u00e5 annat campus g\u00e5r det att prata med deras sektioner om matv\u00e4rmningsplats.<\/p>\n\n\n<h2 class=\"has-text-align-center has-background wp-block-heading\" style=\"background-color:#9ac7e9\">Rudan<\/h2>\n\n\n\n<iframe src=\"https:\/\/www.google.com\/maps\/embed?pb=!1m18!1m12!1m3!1d2041.6248071088294!2d17.93599095928573!3d59.222286418113036!2m3!1f0!2f0!3f0!3m2!1i1024!2i768!4f13.1!3m3!1m2!1s0x465f71172cd67d7b%3A0xb1c3ef6b9353c506!2sFISQ%20-%20Flemingsbergs%20Qlubbm%C3%A4steri!5e0!3m2!1ssv!2sse!4v1678446231050!5m2!1ssv!2sse\" width=\"1200\" height=\"450\" style=\"border:0;\" allowfullscreen=\"\" loading=\"lazy\" referrerpolicy=\"no-referrer-when-downgrade\"><\/iframe>\n\n\n\n<h2 class=\"has-text-align-center has-background wp-block-heading\" style=\"background-color:#9ac7e9\">Tolvan<\/h2>\n\n\n\n<iframe src=\"https:\/\/www.google.com\/maps\/embed?pb=!1m18!1m12!1m3!1d4068.267475879217!2d18.077678237103218!3d59.34741535747543!2m3!1f0!2f0!3f0!3m2!1i1024!2i768!4f13.1!3m3!1m2!1s0x465f9d4024722b4d%3A0x1a772d6ee3bbf6a9!2sTolvan!5e0!3m2!1ssv!2sse!4v1678445854475!5m2!1ssv!2sse\" width=\"1200\" height=\"450\" style=\"border:0;\" allowfullscreen=\"\" loading=\"lazy\" referrerpolicy=\"no-referrer-when-downgrade\"><\/iframe>","protected":false},"excerpt":{"rendered":"<p>Som MiT-student kommer du att vistas p\u00e5 \u00e5tminstone tv\u00e5 Campus under din studietid, Campus Valhallav\u00e4gen samt Campus Flemingsberg. Under masterutbildningen varierar Campus beroende p\u00e5 vilka kurser man har valt. P\u00e5 Campus Valhallav\u00e4gen delar vi sektionslokal med Konglig Elektrosektionen. H\u00e4r kan medtagen lunch v\u00e4rmas. H\u00e4r kan man ocks\u00e5 plugga eller h\u00e4nga p\u00e5 kv\u00e4llarna. Lokalen ligger p\u00e5&nbsp;&hellip;<\/p>","protected":false},"author":1,"featured_media":0,"parent":61,"menu_order":3,"comment_status":"open","ping_status":"closed","template":"","meta":{"footnotes":""},"class_list":["post-142","page","type-page","status-publish","hentry"],"yoast_head":"<!-- This site is optimized with the Yoast SEO plugin v27.4 - https:\/\/yoast.com\/product\/yoast-seo-wordpress\/ -->\n<title>V\u00e5ra sektionslokaler - Sektionen f\u00f6r Medicinsk Teknik<\/title>\n<meta name=\"robots\" content=\"index, follow, max-snippet:-1, max-image-preview:large, max-video-preview:-1\" \/>\n<link rel=\"canonical\" href=\"https:\/\/www.mitsektionen.se\/en\/om-sektionen\/sektionslokal\/\" \/>\n<meta property=\"og:locale\" content=\"en_US\" \/>\n<meta property=\"og:type\" content=\"article\" \/>\n<meta property=\"og:title\" content=\"V\u00e5ra sektionslokaler - Sektionen f\u00f6r Medicinsk Teknik\" \/>\n<meta property=\"og:description\" content=\"Som MiT-student kommer du att vistas p\u00e5 \u00e5tminstone tv\u00e5 Campus under din studietid, Campus Valhallav\u00e4gen samt Campus Flemingsberg. Under masterutbildningen varierar Campus beroende p\u00e5 vilka kurser man har valt. P\u00e5 Campus Valhallav\u00e4gen delar vi sektionslokal med Konglig Elektrosektionen. H\u00e4r kan medtagen lunch v\u00e4rmas. H\u00e4r kan man ocks\u00e5 plugga eller h\u00e4nga p\u00e5 kv\u00e4llarna. Lokalen ligger p\u00e5&nbsp;&hellip;\" \/>\n<meta property=\"og:url\" content=\"https:\/\/www.mitsektionen.se\/en\/om-sektionen\/sektionslokal\/\" \/>\n<meta property=\"og:site_name\" content=\"Sektionen f\u00f6r Medicinsk Teknik\" \/>\n<meta property=\"article:publisher\" content=\"https:\/\/www.facebook.com\/profile.php?id=100063481543287\" \/>\n<meta property=\"article:modified_time\" content=\"2025-07-13T15:52:42+00:00\" \/>\n<meta name=\"twitter:card\" content=\"summary_large_image\" \/>\n<meta name=\"twitter:label1\" content=\"Est. reading time\" \/>\n\t<meta name=\"twitter:data1\" content=\"1 minute\" \/>\n<script type=\"application\/ld+json\" class=\"yoast-schema-graph\">{\"@context\":\"https:\\\/\\\/schema.org\",\"@graph\":[{\"@type\":\"WebPage\",\"@id\":\"https:\\\/\\\/www.mitsektionen.se\\\/om-sektionen\\\/sektionslokal\\\/\",\"url\":\"https:\\\/\\\/www.mitsektionen.se\\\/om-sektionen\\\/sektionslokal\\\/\",\"name\":\"V\u00e5ra sektionslokaler - Sektionen f\u00f6r Medicinsk Teknik\",\"isPartOf\":{\"@id\":\"https:\\\/\\\/www.mitsektionen.se\\\/#website\"},\"datePublished\":\"2011-08-02T08:41:47+00:00\",\"dateModified\":\"2025-07-13T15:52:42+00:00\",\"breadcrumb\":{\"@id\":\"https:\\\/\\\/www.mitsektionen.se\\\/om-sektionen\\\/sektionslokal\\\/#breadcrumb\"},\"inLanguage\":\"en-US\",\"potentialAction\":[{\"@type\":\"ReadAction\",\"target\":[\"https:\\\/\\\/www.mitsektionen.se\\\/om-sektionen\\\/sektionslokal\\\/\"]}]},{\"@type\":\"BreadcrumbList\",\"@id\":\"https:\\\/\\\/www.mitsektionen.se\\\/om-sektionen\\\/sektionslokal\\\/#breadcrumb\",\"itemListElement\":[{\"@type\":\"ListItem\",\"position\":1,\"name\":\"Hem\",\"item\":\"https:\\\/\\\/www.mitsektionen.se\\\/\"},{\"@type\":\"ListItem\",\"position\":2,\"name\":\"Om sektionen\",\"item\":\"https:\\\/\\\/www.mitsektionen.se\\\/om-sektionen\\\/\"},{\"@type\":\"ListItem\",\"position\":3,\"name\":\"V\u00e5ra sektionslokaler\"}]},{\"@type\":\"WebSite\",\"@id\":\"https:\\\/\\\/www.mitsektionen.se\\\/#website\",\"url\":\"https:\\\/\\\/www.mitsektionen.se\\\/\",\"name\":\"Sektionen f\u00f6r Medicinsk Teknik\",\"description\":\"MedTech vid KTH\",\"publisher\":{\"@id\":\"https:\\\/\\\/www.mitsektionen.se\\\/#organization\"},\"potentialAction\":[{\"@type\":\"SearchAction\",\"target\":{\"@type\":\"EntryPoint\",\"urlTemplate\":\"https:\\\/\\\/www.mitsektionen.se\\\/?s={search_term_string}\"},\"query-input\":{\"@type\":\"PropertyValueSpecification\",\"valueRequired\":true,\"valueName\":\"search_term_string\"}}],\"inLanguage\":\"en-US\"},{\"@type\":\"Organization\",\"@id\":\"https:\\\/\\\/www.mitsektionen.se\\\/#organization\",\"name\":\"Sektionen f\u00f6r Medicinsk Teknik\",\"url\":\"https:\\\/\\\/www.mitsektionen.se\\\/\",\"logo\":{\"@type\":\"ImageObject\",\"inLanguage\":\"en-US\",\"@id\":\"https:\\\/\\\/www.mitsektionen.se\\\/#\\\/schema\\\/logo\\\/image\\\/\",\"url\":\"https:\\\/\\\/www.mitsektionen.se\\\/wp-content\\\/uploads\\\/2018\\\/05\\\/cropped-loggamit.png\",\"contentUrl\":\"https:\\\/\\\/www.mitsektionen.se\\\/wp-content\\\/uploads\\\/2018\\\/05\\\/cropped-loggamit.png\",\"width\":2361,\"height\":2385,\"caption\":\"Sektionen f\u00f6r Medicinsk Teknik\"},\"image\":{\"@id\":\"https:\\\/\\\/www.mitsektionen.se\\\/#\\\/schema\\\/logo\\\/image\\\/\"},\"sameAs\":[\"https:\\\/\\\/www.facebook.com\\\/profile.php?id=100063481543287\",\"https:\\\/\\\/www.instagram.com\\\/mitsektionen\\\/\",\"https:\\\/\\\/ca.linkedin.com\\\/company\\\/sektionen-fr-medicinsk-teknik\"]}]}<\/script>\n<!-- \/ Yoast SEO plugin. -->","yoast_head_json":{"title":"V\u00e5ra sektionslokaler - Sektionen f\u00f6r Medicinsk Teknik","robots":{"index":"index","follow":"follow","max-snippet":"max-snippet:-1","max-image-preview":"max-image-preview:large","max-video-preview":"max-video-preview:-1"},"canonical":"https:\/\/www.mitsektionen.se\/en\/om-sektionen\/sektionslokal\/","og_locale":"en_US","og_type":"article","og_title":"V\u00e5ra sektionslokaler - Sektionen f\u00f6r Medicinsk Teknik","og_description":"Som MiT-student kommer du att vistas p\u00e5 \u00e5tminstone tv\u00e5 Campus under din studietid, Campus Valhallav\u00e4gen samt Campus Flemingsberg. Under masterutbildningen varierar Campus beroende p\u00e5 vilka kurser man har valt. P\u00e5 Campus Valhallav\u00e4gen delar vi sektionslokal med Konglig Elektrosektionen. H\u00e4r kan medtagen lunch v\u00e4rmas. H\u00e4r kan man ocks\u00e5 plugga eller h\u00e4nga p\u00e5 kv\u00e4llarna. Lokalen ligger p\u00e5&nbsp;&hellip;","og_url":"https:\/\/www.mitsektionen.se\/en\/om-sektionen\/sektionslokal\/","og_site_name":"Sektionen f\u00f6r Medicinsk Teknik","article_publisher":"https:\/\/www.facebook.com\/profile.php?id=100063481543287","article_modified_time":"2025-07-13T15:52:42+00:00","twitter_card":"summary_large_image","twitter_misc":{"Est. reading time":"1 minute"},"schema":{"@context":"https:\/\/schema.org","@graph":[{"@type":"WebPage","@id":"https:\/\/www.mitsektionen.se\/om-sektionen\/sektionslokal\/","url":"https:\/\/www.mitsektionen.se\/om-sektionen\/sektionslokal\/","name":"V\u00e5ra sektionslokaler - Sektionen f\u00f6r Medicinsk Teknik","isPartOf":{"@id":"https:\/\/www.mitsektionen.se\/#website"},"datePublished":"2011-08-02T08:41:47+00:00","dateModified":"2025-07-13T15:52:42+00:00","breadcrumb":{"@id":"https:\/\/www.mitsektionen.se\/om-sektionen\/sektionslokal\/#breadcrumb"},"inLanguage":"en-US","potentialAction":[{"@type":"ReadAction","target":["https:\/\/www.mitsektionen.se\/om-sektionen\/sektionslokal\/"]}]},{"@type":"BreadcrumbList","@id":"https:\/\/www.mitsektionen.se\/om-sektionen\/sektionslokal\/#breadcrumb","itemListElement":[{"@type":"ListItem","position":1,"name":"Hem","item":"https:\/\/www.mitsektionen.se\/"},{"@type":"ListItem","position":2,"name":"Om sektionen","item":"https:\/\/www.mitsektionen.se\/om-sektionen\/"},{"@type":"ListItem","position":3,"name":"V\u00e5ra sektionslokaler"}]},{"@type":"WebSite","@id":"https:\/\/www.mitsektionen.se\/#website","url":"https:\/\/www.mitsektionen.se\/","name":"The Chapter of Medical Engineering","description":"MedTech vid KTH","publisher":{"@id":"https:\/\/www.mitsektionen.se\/#organization"},"potentialAction":[{"@type":"SearchAction","target":{"@type":"EntryPoint","urlTemplate":"https:\/\/www.mitsektionen.se\/?s={search_term_string}"},"query-input":{"@type":"PropertyValueSpecification","valueRequired":true,"valueName":"search_term_string"}}],"inLanguage":"en-US"},{"@type":"Organization","@id":"https:\/\/www.mitsektionen.se\/#organization","name":"The Chapter of Medical Engineering","url":"https:\/\/www.mitsektionen.se\/","logo":{"@type":"ImageObject","inLanguage":"en-US","@id":"https:\/\/www.mitsektionen.se\/#\/schema\/logo\/image\/","url":"https:\/\/www.mitsektionen.se\/wp-content\/uploads\/2018\/05\/cropped-loggamit.png","contentUrl":"https:\/\/www.mitsektionen.se\/wp-content\/uploads\/2018\/05\/cropped-loggamit.png","width":2361,"height":2385,"caption":"Sektionen f\u00f6r Medicinsk Teknik"},"image":{"@id":"https:\/\/www.mitsektionen.se\/#\/schema\/logo\/image\/"},"sameAs":["https:\/\/www.facebook.com\/profile.php?id=100063481543287","https:\/\/www.instagram.com\/mitsektionen\/","https:\/\/ca.linkedin.com\/company\/sektionen-fr-medicinsk-teknik"]}]}},"_links":{"self":[{"href":"https:\/\/www.mitsektionen.se\/en\/wp-json\/wp\/v2\/pages\/142","targetHints":{"allow":["GET"]}}],"collection":[{"href":"https:\/\/www.mitsektionen.se\/en\/wp-json\/wp\/v2\/pages"}],"about":[{"href":"https:\/\/www.mitsektionen.se\/en\/wp-json\/wp\/v2\/types\/page"}],"author":[{"embeddable":true,"href":"https:\/\/www.mitsektionen.se\/en\/wp-json\/wp\/v2\/users\/1"}],"replies":[{"embeddable":true,"href":"https:\/\/www.mitsektionen.se\/en\/wp-json\/wp\/v2\/comments?post=142"}],"version-history":[{"count":2,"href":"https:\/\/www.mitsektionen.se\/en\/wp-json\/wp\/v2\/pages\/142\/revisions"}],"predecessor-version":[{"id":8101,"href":"https:\/\/www.mitsektionen.se\/en\/wp-json\/wp\/v2\/pages\/142\/revisions\/8101"}],"up":[{"embeddable":true,"href":"https:\/\/www.mitsektionen.se\/en\/wp-json\/wp\/v2\/pages\/61"}],"wp:attachment":[{"href":"https:\/\/www.mitsektionen.se\/en\/wp-json\/wp\/v2\/media?parent=142"}],"curies":[{"name":"wp","href":"https:\/\/api.w.org\/{rel}","templated":true}]}}