{"id":221,"date":"2011-08-12T23:33:36","date_gmt":"2011-08-12T21:33:36","guid":{"rendered":"https:\/\/www.mitsektionen.se\/?page_id=221"},"modified":"2021-03-20T21:55:08","modified_gmt":"2021-03-20T20:55:08","slug":"arets-larare","status":"publish","type":"page","link":"https:\/\/www.mitsektionen.se\/en\/namnder-2\/msn-2\/arets-larare\/","title":{"rendered":"Teacher\/Assistant of the Year"},"content":{"rendered":"<p><strong>Teacher of the Year<\/strong><\/p>\n<p>Teacher of the Year is an award to a teacher that has, during the year that passed, encouraged\nthe students to develop and an excellent educator that actively listened to the students\u2019\nopinions.<\/p>\n<table style=\"text-align: left; vertical-align: top;\" border=\"0\">\n<tbody>\n<tr>\n<td colspan=\"4\">\n<h4>Previous awardees<\/h4>\n<\/td>\n<\/tr>\n<tr>\n<td>Year<\/td>\n<td>Name<\/td>\n<td>Course<\/td>\n<\/tr>\n<tr>\n<td>2010\/2011<\/td>\n<td>Anders Lindstr\u00f6m<\/td>\n<td>Computer Programming, Basic Course<\/td>\n<\/tr>\n<tr>\n<td>2011\/2012<\/td>\n<td>Armin Halilovic<\/td>\n<td>Algebra and Geometry\/Calculus in One\nVariable<\/td>\n<\/tr>\n<tr>\n<td>2012\/2013<\/td>\n<td>Stefan Karneb\u00e4ck<\/td>\n<td>Data- and Telecommunication<\/td>\n<\/tr>\n<tr>\n<td>2015\/2016<\/td>\n<td>Peter Sill\u00e9n<\/td>\n<td>Business Economics and Entrepreneurship<\/td>\n<\/tr>\n<tr>\n<td>2017\/2018<\/td>\n<td>Anna Burvall<\/td>\n<td>Electromagnetism and Waves<\/td>\n<\/tr>\n<tr>\n<td>2018\/2019<\/td>\n<td>Armin Halilovic<\/td>\n<td>Calculus in One Variable<\/td>\n<\/tr>\n<tr>\n<td>2019\/2020<\/td>\n<td>Martin Viklund<\/td>\n<td>Electromagnetism and Waves<\/td>\n<\/tr>\n<\/tbody>\n<\/table>\n<div><strong>Assistant of the Year<\/strong><\/div>\n<div>\n<p>Assistant of the Year is given to the individual that not only has given excellent exercises that\nexplained the questions well, but also shown great enthusiasm for the students and their\nability to pass the exam.<\/p>\n<table style=\"text-align: left; vertical-align: top;\" border=\"0\">\n<tbody>\n<tr>\n<td colspan=\"4\">\n<h4>Previous awardees<\/h4>\n<\/td>\n<\/tr>\n<tr>\n<td>Year<\/td>\n<td>Name<\/td>\n<td>Course<\/td>\n<\/tr>\n<tr>\n<td>2010\/2011<\/td>\n<td>Mariette Annergren<\/td>\n<td>Automatic Control, General Course<\/td>\n<\/tr>\n<tr>\n<td>2011\/2012<\/td>\n<td>Fredrik Bergholm<\/td>\n<td>Computer Programming, Basic Course<\/td>\n<\/tr>\n<tr>\n<td>2012\/2013<\/td>\n<td>Mathias Ohlin<\/td>\n<td>Electromagnetism and Waves<\/td>\n<\/tr>\n<tr>\n<td>2017\/2018<\/td>\n<td>Karl Olofsson<\/td>\n<td>Electromagnetism and Waves<\/td>\n<\/tr>\n<tr>\n<td>2017\/2018<\/td>\n<td>Anna Burvall<\/td>\n<td>Electromagnetism and Waves<\/td>\n<\/tr>\n<tr>\n<td>2019\/2020<\/td>\n<td>Khashaiar Noushin<\/td>\n<td>Calculus in One Variable<\/td>\n<\/tr>\n<tr>\n<td>2019\/2020<\/td>\n<td>Christel Sundberg<\/td>\n<td>Modern physics<\/td>\n<\/tr>\n<\/tbody>\n<\/table>\n<\/div>","protected":false},"excerpt":{"rendered":"<p>\u00c5rets l\u00e4rare \u00c5rets l\u00e4rare \u00e4r en utm\u00e4rkelse till en l\u00e4rare som under det g\u00e5ngna l\u00e4s\u00e5ret varit fr\u00e4mjande f\u00f6r utveckling av kursen och en god pedagog samt lyh\u00f6rd p\u00e5 studenternas \u00e5sikter. Tidigare vinnare L\u00e4s\u00e5r Namn Kurs 2010\/2011 Anders Lindstr\u00f6m Grundl\u00e4ggande programmering 2011\/2012 Armin Halilovic Algebra &amp; geometri\/Envariabelanalys 2012\/2013 Stefan Karneb\u00e4ck Data- och telekommunikation 2015\/2016 Peter Sill\u00e9n&nbsp;&hellip;<\/p>","protected":false},"author":8,"featured_media":0,"parent":37,"menu_order":2,"comment_status":"closed","ping_status":"closed","template":"","meta":{"footnotes":""},"class_list":["post-221","page","type-page","status-publish","hentry"],"yoast_head":"<!-- This site is optimized with the Yoast SEO plugin v27.4 - https:\/\/yoast.com\/product\/yoast-seo-wordpress\/ -->\n<title>\u00c5rets l\u00e4rare\/\u00f6vningsassistent - Sektionen f\u00f6r Medicinsk Teknik<\/title>\n<meta name=\"robots\" content=\"index, follow, max-snippet:-1, max-image-preview:large, max-video-preview:-1\" \/>\n<link rel=\"canonical\" href=\"https:\/\/www.mitsektionen.se\/en\/namnder-2\/msn-2\/arets-larare\/\" \/>\n<meta property=\"og:locale\" content=\"en_US\" \/>\n<meta property=\"og:type\" content=\"article\" \/>\n<meta property=\"og:title\" content=\"\u00c5rets l\u00e4rare\/\u00f6vningsassistent - Sektionen f\u00f6r Medicinsk Teknik\" \/>\n<meta property=\"og:description\" content=\"\u00c5rets l\u00e4rare \u00c5rets l\u00e4rare \u00e4r en utm\u00e4rkelse till en l\u00e4rare som under det g\u00e5ngna l\u00e4s\u00e5ret varit fr\u00e4mjande f\u00f6r utveckling av kursen och en god pedagog samt lyh\u00f6rd p\u00e5 studenternas \u00e5sikter. Tidigare vinnare L\u00e4s\u00e5r Namn Kurs 2010\/2011 Anders Lindstr\u00f6m Grundl\u00e4ggande programmering 2011\/2012 Armin Halilovic Algebra &amp; geometri\/Envariabelanalys 2012\/2013 Stefan Karneb\u00e4ck Data- och telekommunikation 2015\/2016 Peter Sill\u00e9n&nbsp;&hellip;\" \/>\n<meta property=\"og:url\" content=\"https:\/\/www.mitsektionen.se\/en\/namnder-2\/msn-2\/arets-larare\/\" \/>\n<meta property=\"og:site_name\" content=\"Sektionen f\u00f6r Medicinsk Teknik\" \/>\n<meta property=\"article:publisher\" content=\"https:\/\/www.facebook.com\/profile.php?id=100063481543287\" \/>\n<meta property=\"article:modified_time\" content=\"2021-03-20T20:55:08+00:00\" \/>\n<meta name=\"twitter:card\" content=\"summary_large_image\" \/>\n<meta name=\"twitter:label1\" content=\"Est. reading time\" \/>\n\t<meta name=\"twitter:data1\" content=\"1 minute\" \/>\n<script type=\"application\/ld+json\" class=\"yoast-schema-graph\">{\"@context\":\"https:\\\/\\\/schema.org\",\"@graph\":[{\"@type\":\"WebPage\",\"@id\":\"https:\\\/\\\/www.mitsektionen.se\\\/namnder-2\\\/msn-2\\\/arets-larare\\\/\",\"url\":\"https:\\\/\\\/www.mitsektionen.se\\\/namnder-2\\\/msn-2\\\/arets-larare\\\/\",\"name\":\"\u00c5rets l\u00e4rare\\\/\u00f6vningsassistent - Sektionen f\u00f6r Medicinsk Teknik\",\"isPartOf\":{\"@id\":\"https:\\\/\\\/www.mitsektionen.se\\\/#website\"},\"datePublished\":\"2011-08-12T21:33:36+00:00\",\"dateModified\":\"2021-03-20T20:55:08+00:00\",\"breadcrumb\":{\"@id\":\"https:\\\/\\\/www.mitsektionen.se\\\/namnder-2\\\/msn-2\\\/arets-larare\\\/#breadcrumb\"},\"inLanguage\":\"en-US\",\"potentialAction\":[{\"@type\":\"ReadAction\",\"target\":[\"https:\\\/\\\/www.mitsektionen.se\\\/namnder-2\\\/msn-2\\\/arets-larare\\\/\"]}]},{\"@type\":\"BreadcrumbList\",\"@id\":\"https:\\\/\\\/www.mitsektionen.se\\\/namnder-2\\\/msn-2\\\/arets-larare\\\/#breadcrumb\",\"itemListElement\":[{\"@type\":\"ListItem\",\"position\":1,\"name\":\"Hem\",\"item\":\"https:\\\/\\\/www.mitsektionen.se\\\/\"},{\"@type\":\"ListItem\",\"position\":2,\"name\":\"V\u00e5ra n\u00e4mnder\",\"item\":\"https:\\\/\\\/www.mitsektionen.se\\\/?page_id=2759\"},{\"@type\":\"ListItem\",\"position\":3,\"name\":\"Studien\u00e4mnden\",\"item\":\"https:\\\/\\\/www.mitsektionen.se\\\/namnder-2\\\/msn-2\\\/\"},{\"@type\":\"ListItem\",\"position\":4,\"name\":\"\u00c5rets l\u00e4rare\\\/\u00f6vningsassistent\"}]},{\"@type\":\"WebSite\",\"@id\":\"https:\\\/\\\/www.mitsektionen.se\\\/#website\",\"url\":\"https:\\\/\\\/www.mitsektionen.se\\\/\",\"name\":\"Sektionen f\u00f6r Medicinsk Teknik\",\"description\":\"MedTech vid KTH\",\"publisher\":{\"@id\":\"https:\\\/\\\/www.mitsektionen.se\\\/#organization\"},\"potentialAction\":[{\"@type\":\"SearchAction\",\"target\":{\"@type\":\"EntryPoint\",\"urlTemplate\":\"https:\\\/\\\/www.mitsektionen.se\\\/?s={search_term_string}\"},\"query-input\":{\"@type\":\"PropertyValueSpecification\",\"valueRequired\":true,\"valueName\":\"search_term_string\"}}],\"inLanguage\":\"en-US\"},{\"@type\":\"Organization\",\"@id\":\"https:\\\/\\\/www.mitsektionen.se\\\/#organization\",\"name\":\"Sektionen f\u00f6r Medicinsk Teknik\",\"url\":\"https:\\\/\\\/www.mitsektionen.se\\\/\",\"logo\":{\"@type\":\"ImageObject\",\"inLanguage\":\"en-US\",\"@id\":\"https:\\\/\\\/www.mitsektionen.se\\\/#\\\/schema\\\/logo\\\/image\\\/\",\"url\":\"https:\\\/\\\/www.mitsektionen.se\\\/wp-content\\\/uploads\\\/2018\\\/05\\\/cropped-loggamit.png\",\"contentUrl\":\"https:\\\/\\\/www.mitsektionen.se\\\/wp-content\\\/uploads\\\/2018\\\/05\\\/cropped-loggamit.png\",\"width\":2361,\"height\":2385,\"caption\":\"Sektionen f\u00f6r Medicinsk Teknik\"},\"image\":{\"@id\":\"https:\\\/\\\/www.mitsektionen.se\\\/#\\\/schema\\\/logo\\\/image\\\/\"},\"sameAs\":[\"https:\\\/\\\/www.facebook.com\\\/profile.php?id=100063481543287\",\"https:\\\/\\\/www.instagram.com\\\/mitsektionen\\\/\",\"https:\\\/\\\/ca.linkedin.com\\\/company\\\/sektionen-fr-medicinsk-teknik\"]}]}<\/script>\n<!-- \/ Yoast SEO plugin. -->","yoast_head_json":{"title":"\u00c5rets l\u00e4rare\/\u00f6vningsassistent - Sektionen f\u00f6r Medicinsk Teknik","robots":{"index":"index","follow":"follow","max-snippet":"max-snippet:-1","max-image-preview":"max-image-preview:large","max-video-preview":"max-video-preview:-1"},"canonical":"https:\/\/www.mitsektionen.se\/en\/namnder-2\/msn-2\/arets-larare\/","og_locale":"en_US","og_type":"article","og_title":"\u00c5rets l\u00e4rare\/\u00f6vningsassistent - Sektionen f\u00f6r Medicinsk Teknik","og_description":"\u00c5rets l\u00e4rare \u00c5rets l\u00e4rare \u00e4r en utm\u00e4rkelse till en l\u00e4rare som under det g\u00e5ngna l\u00e4s\u00e5ret varit fr\u00e4mjande f\u00f6r utveckling av kursen och en god pedagog samt lyh\u00f6rd p\u00e5 studenternas \u00e5sikter. Tidigare vinnare L\u00e4s\u00e5r Namn Kurs 2010\/2011 Anders Lindstr\u00f6m Grundl\u00e4ggande programmering 2011\/2012 Armin Halilovic Algebra &amp; geometri\/Envariabelanalys 2012\/2013 Stefan Karneb\u00e4ck Data- och telekommunikation 2015\/2016 Peter Sill\u00e9n&nbsp;&hellip;","og_url":"https:\/\/www.mitsektionen.se\/en\/namnder-2\/msn-2\/arets-larare\/","og_site_name":"Sektionen f\u00f6r Medicinsk Teknik","article_publisher":"https:\/\/www.facebook.com\/profile.php?id=100063481543287","article_modified_time":"2021-03-20T20:55:08+00:00","twitter_card":"summary_large_image","twitter_misc":{"Est. reading time":"1 minute"},"schema":{"@context":"https:\/\/schema.org","@graph":[{"@type":"WebPage","@id":"https:\/\/www.mitsektionen.se\/namnder-2\/msn-2\/arets-larare\/","url":"https:\/\/www.mitsektionen.se\/namnder-2\/msn-2\/arets-larare\/","name":"\u00c5rets l\u00e4rare\/\u00f6vningsassistent - Sektionen f\u00f6r Medicinsk Teknik","isPartOf":{"@id":"https:\/\/www.mitsektionen.se\/#website"},"datePublished":"2011-08-12T21:33:36+00:00","dateModified":"2021-03-20T20:55:08+00:00","breadcrumb":{"@id":"https:\/\/www.mitsektionen.se\/namnder-2\/msn-2\/arets-larare\/#breadcrumb"},"inLanguage":"en-US","potentialAction":[{"@type":"ReadAction","target":["https:\/\/www.mitsektionen.se\/namnder-2\/msn-2\/arets-larare\/"]}]},{"@type":"BreadcrumbList","@id":"https:\/\/www.mitsektionen.se\/namnder-2\/msn-2\/arets-larare\/#breadcrumb","itemListElement":[{"@type":"ListItem","position":1,"name":"Hem","item":"https:\/\/www.mitsektionen.se\/"},{"@type":"ListItem","position":2,"name":"V\u00e5ra n\u00e4mnder","item":"https:\/\/www.mitsektionen.se\/?page_id=2759"},{"@type":"ListItem","position":3,"name":"Studien\u00e4mnden","item":"https:\/\/www.mitsektionen.se\/namnder-2\/msn-2\/"},{"@type":"ListItem","position":4,"name":"\u00c5rets l\u00e4rare\/\u00f6vningsassistent"}]},{"@type":"WebSite","@id":"https:\/\/www.mitsektionen.se\/#website","url":"https:\/\/www.mitsektionen.se\/","name":"The Chapter of Medical Engineering","description":"MedTech vid KTH","publisher":{"@id":"https:\/\/www.mitsektionen.se\/#organization"},"potentialAction":[{"@type":"SearchAction","target":{"@type":"EntryPoint","urlTemplate":"https:\/\/www.mitsektionen.se\/?s={search_term_string}"},"query-input":{"@type":"PropertyValueSpecification","valueRequired":true,"valueName":"search_term_string"}}],"inLanguage":"en-US"},{"@type":"Organization","@id":"https:\/\/www.mitsektionen.se\/#organization","name":"The Chapter of Medical Engineering","url":"https:\/\/www.mitsektionen.se\/","logo":{"@type":"ImageObject","inLanguage":"en-US","@id":"https:\/\/www.mitsektionen.se\/#\/schema\/logo\/image\/","url":"https:\/\/www.mitsektionen.se\/wp-content\/uploads\/2018\/05\/cropped-loggamit.png","contentUrl":"https:\/\/www.mitsektionen.se\/wp-content\/uploads\/2018\/05\/cropped-loggamit.png","width":2361,"height":2385,"caption":"Sektionen f\u00f6r Medicinsk Teknik"},"image":{"@id":"https:\/\/www.mitsektionen.se\/#\/schema\/logo\/image\/"},"sameAs":["https:\/\/www.facebook.com\/profile.php?id=100063481543287","https:\/\/www.instagram.com\/mitsektionen\/","https:\/\/ca.linkedin.com\/company\/sektionen-fr-medicinsk-teknik"]}]}},"_links":{"self":[{"href":"https:\/\/www.mitsektionen.se\/en\/wp-json\/wp\/v2\/pages\/221","targetHints":{"allow":["GET"]}}],"collection":[{"href":"https:\/\/www.mitsektionen.se\/en\/wp-json\/wp\/v2\/pages"}],"about":[{"href":"https:\/\/www.mitsektionen.se\/en\/wp-json\/wp\/v2\/types\/page"}],"author":[{"embeddable":true,"href":"https:\/\/www.mitsektionen.se\/en\/wp-json\/wp\/v2\/users\/8"}],"replies":[{"embeddable":true,"href":"https:\/\/www.mitsektionen.se\/en\/wp-json\/wp\/v2\/comments?post=221"}],"version-history":[{"count":0,"href":"https:\/\/www.mitsektionen.se\/en\/wp-json\/wp\/v2\/pages\/221\/revisions"}],"up":[{"embeddable":true,"href":"https:\/\/www.mitsektionen.se\/en\/wp-json\/wp\/v2\/pages\/37"}],"wp:attachment":[{"href":"https:\/\/www.mitsektionen.se\/en\/wp-json\/wp\/v2\/media?parent=221"}],"curies":[{"name":"wp","href":"https:\/\/api.w.org\/{rel}","templated":true}]}}