{"id":241,"date":"2011-08-13T10:07:40","date_gmt":"2011-08-13T08:07:40","guid":{"rendered":"https:\/\/www.mitsektionen.se\/?page_id=241"},"modified":"2026-01-11T11:44:39","modified_gmt":"2026-01-11T10:44:39","slug":"naringsliv","status":"publish","type":"page","link":"https:\/\/www.mitsektionen.se\/en\/namnder-2\/naringsliv\/","title":{"rendered":"Business Committee"},"content":{"rendered":"<p><strong>The business committee is the link between students and the MedTech industry!<\/strong><\/p>\n<p>N\u00e4ringslivsgruppens fr\u00e4msta syfte \u00e4r att f\u00f6rst\u00e4rka bandet mellan sektionens studenter och intressanta f\u00f6retag. Detta g\u00f6r vi genom att anordna olika evenemang och aktiviteter &#8211; som lunchf\u00f6rel\u00e4sningar, f\u00f6retagsmingel och studiebes\u00f6k. Vi ordnar \u00e4ven ett alumni-event, d\u00e4r studenterna f\u00e5r l\u00e4ra sig mer som livet efter studierna. N\u00e4ringslivsgruppen ordnar \u00e4ven ett alumni-event, d\u00e4r studenterna f\u00e5r l\u00e4ra sig mer som livet efter studierna. V\u00e5rt st\u00f6rsta event \u00e4r v\u00e5r \u00e5rliga\u00a0 arbetsmarknadsm\u00e4ssa under v\u00e5ren som vi kallar f\u00f6r MedTech Evening.<\/p>\n<p>Through participating at our events you get a solid basis to grow and expand your network of contacts with relevant people within the industry.<\/p>\n<p>If you have any questions, suggestions and wishes. Please do not hesitate to write to us!<\/p>\n<table style=\"text-align: left; vertical-align: top; height: 428px;\" border=\"0\" width=\"553\">\n<tbody>\n<tr>\n<td colspan=\"4\">\n<h4><strong>Funktion\u00e4rer i N\u00e4ringslivsgruppen under 25\/26 \u00e4r:<\/strong><\/h4>\n<\/td>\n<\/tr>\n<tr>\n<td><strong>Chairman<\/strong><\/td>\n<td>Erika Young Lali\u0107<\/td>\n<\/tr>\n<tr>\n<td><strong>Vice chairman<\/strong><\/td>\n<td>Kiana Rostampour<\/td>\n<\/tr>\n<tr>\n<td><strong>MTE ansvariga 2026<\/strong><\/td>\n<td>\n<p>Williams Tsoi<\/p>\n<p>Laura Soto Rodriguez<\/p>\n<\/td>\n<\/tr>\n<tr>\n<td><strong>Marketing managers<\/strong><\/td>\n<td>\n<p>Elinor Fligman<\/p>\n<p>Nura Memi\u0107<\/p>\n<\/td>\n<\/tr>\n<tr>\n<td><strong>F\u00f6retagskontakter<\/strong><\/td>\n<td>\n<p>Elise Hulten<\/p>\n<p>Mehdi Shiri<\/p>\n<p>Emelie Lindblad<\/p>\n<p>Mattin Adhami<\/p>\n<p>Daniel Becerra-Pietryka<\/p>\n<p>Sandra Salmonson<\/p>\n<p>Bahar Torrabi<\/p>\n<p>Clara Osorio Sanz<\/p>\n<p>Nezar Killasli<\/p>\n<\/td>\n<\/tr>\n<tr>\n<td>\u00a0<\/td>\n<td>\u00a0<\/td>\n<\/tr>\n<tr>\n<td>\u00a0<\/td>\n<td>\u00a0<\/td>\n<\/tr>\n<tr>\n<td>MTE ansvariga 2027<\/td>\n<td>\n<p>Sandra Salmonson<\/p>\n<p>Amanda Daae<\/p>\n<\/td>\n<\/tr>\n<\/tbody>\n<\/table>\n<p><strong>Contact<\/strong><br \/>Ordf\u00f6rande f\u00f6r N\u00e4ringslivsgruppen:<br \/><a href=\"mailto:ambassador-mit@ths.kth.se\"><strong>ambassador-mit@ths.kth.se<\/strong><\/a><\/p>\n<p>Projektledare f\u00f6r Medtech Evening:<br \/><a href=\"mailto:mte@ths.kth.se\"><strong>mte@ths.kth.se<\/strong><\/a><\/p>\n\n\n<ul class=\"wp-block-social-links aligncenter has-visible-labels is-style-logos-only is-content-justification-center is-nowrap is-layout-flex wp-container-core-social-links-is-layout-1fb9aab6 wp-block-social-links-is-layout-flex\"><li class=\"wp-social-link wp-social-link-instagram  wp-block-social-link\"><a rel=\"noopener nofollow\" target=\"_blank\" href=\"https:\/\/www.instagram.com\/naringslivsgruppen\/\" class=\"wp-block-social-link-anchor\"><svg width=\"24\" height=\"24\" viewbox=\"0 0 24 24\" version=\"1.1\" xmlns=\"http:\/\/www.w3.org\/2000\/svg\" aria-hidden=\"true\" focusable=\"false\"><path d=\"M12,4.622c2.403,0,2.688,0.009,3.637,0.052c0.877,0.04,1.354,0.187,1.671,0.31c0.42,0.163,0.72,0.358,1.035,0.673 c0.315,0.315,0.51,0.615,0.673,1.035c0.123,0.317,0.27,0.794,0.31,1.671c0.043,0.949,0.052,1.234,0.052,3.637 s-0.009,2.688-0.052,3.637c-0.04,0.877-0.187,1.354-0.31,1.671c-0.163,0.42-0.358,0.72-0.673,1.035 c-0.315,0.315-0.615,0.51-1.035,0.673c-0.317,0.123-0.794,0.27-1.671,0.31c-0.949,0.043-1.233,0.052-3.637,0.052 s-2.688-0.009-3.637-0.052c-0.877-0.04-1.354-0.187-1.671-0.31c-0.42-0.163-0.72-0.358-1.035-0.673 c-0.315-0.315-0.51-0.615-0.673-1.035c-0.123-0.317-0.27-0.794-0.31-1.671C4.631,14.688,4.622,14.403,4.622,12 s0.009-2.688,0.052-3.637c0.04-0.877,0.187-1.354,0.31-1.671c0.163-0.42,0.358-0.72,0.673-1.035 c0.315-0.315,0.615-0.51,1.035-0.673c0.317-0.123,0.794-0.27,1.671-0.31C9.312,4.631,9.597,4.622,12,4.622 M12,3 C9.556,3,9.249,3.01,8.289,3.054C7.331,3.098,6.677,3.25,6.105,3.472C5.513,3.702,5.011,4.01,4.511,4.511 c-0.5,0.5-0.808,1.002-1.038,1.594C3.25,6.677,3.098,7.331,3.054,8.289C3.01,9.249,3,9.556,3,12c0,2.444,0.01,2.751,0.054,3.711 c0.044,0.958,0.196,1.612,0.418,2.185c0.23,0.592,0.538,1.094,1.038,1.594c0.5,0.5,1.002,0.808,1.594,1.038 c0.572,0.222,1.227,0.375,2.185,0.418C9.249,20.99,9.556,21,12,21s2.751-0.01,3.711-0.054c0.958-0.044,1.612-0.196,2.185-0.418 c0.592-0.23,1.094-0.538,1.594-1.038c0.5-0.5,0.808-1.002,1.038-1.594c0.222-0.572,0.375-1.227,0.418-2.185 C20.99,14.751,21,14.444,21,12s-0.01-2.751-0.054-3.711c-0.044-0.958-0.196-1.612-0.418-2.185c-0.23-0.592-0.538-1.094-1.038-1.594 c-0.5-0.5-1.002-0.808-1.594-1.038c-0.572-0.222-1.227-0.375-2.185-0.418C14.751,3.01,14.444,3,12,3L12,3z M12,7.378 c-2.552,0-4.622,2.069-4.622,4.622S9.448,16.622,12,16.622s4.622-2.069,4.622-4.622S14.552,7.378,12,7.378z M12,15 c-1.657,0-3-1.343-3-3s1.343-3,3-3s3,1.343,3,3S13.657,15,12,15z M16.804,6.116c-0.596,0-1.08,0.484-1.08,1.08 s0.484,1.08,1.08,1.08c0.596,0,1.08-0.484,1.08-1.08S17.401,6.116,16.804,6.116z\"><\/path><\/svg><span class=\"wp-block-social-link-label\">NLG Instagram<\/span><\/a><\/li>\n\n<li class=\"wp-social-link wp-social-link-facebook  wp-block-social-link\"><a rel=\"noopener nofollow\" target=\"_blank\" href=\"https:\/\/www.facebook.com\/naringslivsgruppen\" class=\"wp-block-social-link-anchor\"><svg width=\"24\" height=\"24\" viewbox=\"0 0 24 24\" version=\"1.1\" xmlns=\"http:\/\/www.w3.org\/2000\/svg\" aria-hidden=\"true\" focusable=\"false\"><path d=\"M12 2C6.5 2 2 6.5 2 12c0 5 3.7 9.1 8.4 9.9v-7H7.9V12h2.5V9.8c0-2.5 1.5-3.9 3.8-3.9 1.1 0 2.2.2 2.2.2v2.5h-1.3c-1.2 0-1.6.8-1.6 1.6V12h2.8l-.4 2.9h-2.3v7C18.3 21.1 22 17 22 12c0-5.5-4.5-10-10-10z\"><\/path><\/svg><span class=\"wp-block-social-link-label\">NLG Facebook<\/span><\/a><\/li><\/ul>","protected":false},"excerpt":{"rendered":"<p>N\u00e4ringslivsgruppen \u00e4r l\u00e4nken mellan studenter och n\u00e4ringsliv! N\u00e4ringslivsgruppens fr\u00e4msta syfte \u00e4r att f\u00f6rst\u00e4rka bandet mellan sektionens studenter och intressanta f\u00f6retag. Detta g\u00f6r vi genom att anordna olika evenemang och aktiviteter &#8211; som lunchf\u00f6rel\u00e4sningar, f\u00f6retagsmingel och studiebes\u00f6k. Vi ordnar \u00e4ven ett alumni-event, d\u00e4r studenterna f\u00e5r l\u00e4ra sig mer som livet efter studierna. N\u00e4ringslivsgruppen ordnar \u00e4ven ett&nbsp;&hellip;<\/p>","protected":false},"author":10,"featured_media":4972,"parent":2759,"menu_order":0,"comment_status":"closed","ping_status":"closed","template":"","meta":{"footnotes":""},"class_list":["post-241","page","type-page","status-publish","has-post-thumbnail","hentry"],"yoast_head":"<!-- This site is optimized with the Yoast SEO plugin v27.4 - https:\/\/yoast.com\/product\/yoast-seo-wordpress\/ -->\n<title>N\u00e4ringslivsgruppen - Sektionen f\u00f6r Medicinsk Teknik<\/title>\n<meta name=\"robots\" content=\"index, follow, max-snippet:-1, max-image-preview:large, max-video-preview:-1\" \/>\n<link rel=\"canonical\" href=\"https:\/\/www.mitsektionen.se\/en\/namnder-2\/naringsliv\/\" \/>\n<meta property=\"og:locale\" content=\"en_US\" \/>\n<meta property=\"og:type\" content=\"article\" \/>\n<meta property=\"og:title\" content=\"N\u00e4ringslivsgruppen - Sektionen f\u00f6r Medicinsk Teknik\" \/>\n<meta property=\"og:description\" content=\"N\u00e4ringslivsgruppen \u00e4r l\u00e4nken mellan studenter och n\u00e4ringsliv! N\u00e4ringslivsgruppens fr\u00e4msta syfte \u00e4r att f\u00f6rst\u00e4rka bandet mellan sektionens studenter och intressanta f\u00f6retag. Detta g\u00f6r vi genom att anordna olika evenemang och aktiviteter &#8211; som lunchf\u00f6rel\u00e4sningar, f\u00f6retagsmingel och studiebes\u00f6k. Vi ordnar \u00e4ven ett alumni-event, d\u00e4r studenterna f\u00e5r l\u00e4ra sig mer som livet efter studierna. N\u00e4ringslivsgruppen ordnar \u00e4ven ett&nbsp;&hellip;\" \/>\n<meta property=\"og:url\" content=\"https:\/\/www.mitsektionen.se\/en\/namnder-2\/naringsliv\/\" \/>\n<meta property=\"og:site_name\" content=\"Sektionen f\u00f6r Medicinsk Teknik\" \/>\n<meta property=\"article:publisher\" content=\"https:\/\/www.facebook.com\/profile.php?id=100063481543287\" \/>\n<meta property=\"article:modified_time\" content=\"2026-01-11T10:44:39+00:00\" \/>\n<meta property=\"og:image\" content=\"https:\/\/www.mitsektionen.se\/wp-content\/uploads\/2011\/08\/nlgsv-e1575096115422.png\" \/>\n\t<meta property=\"og:image:width\" content=\"450\" \/>\n\t<meta property=\"og:image:height\" content=\"247\" \/>\n\t<meta property=\"og:image:type\" content=\"image\/png\" \/>\n<meta name=\"twitter:card\" content=\"summary_large_image\" \/>\n<meta name=\"twitter:label1\" content=\"Est. reading time\" \/>\n\t<meta name=\"twitter:data1\" content=\"2 minutes\" \/>\n<script type=\"application\/ld+json\" class=\"yoast-schema-graph\">{\"@context\":\"https:\\\/\\\/schema.org\",\"@graph\":[{\"@type\":\"WebPage\",\"@id\":\"https:\\\/\\\/www.mitsektionen.se\\\/namnder-2\\\/naringsliv\\\/\",\"url\":\"https:\\\/\\\/www.mitsektionen.se\\\/namnder-2\\\/naringsliv\\\/\",\"name\":\"N\u00e4ringslivsgruppen - Sektionen f\u00f6r Medicinsk Teknik\",\"isPartOf\":{\"@id\":\"https:\\\/\\\/www.mitsektionen.se\\\/#website\"},\"primaryImageOfPage\":{\"@id\":\"https:\\\/\\\/www.mitsektionen.se\\\/namnder-2\\\/naringsliv\\\/#primaryimage\"},\"image\":{\"@id\":\"https:\\\/\\\/www.mitsektionen.se\\\/namnder-2\\\/naringsliv\\\/#primaryimage\"},\"thumbnailUrl\":\"https:\\\/\\\/www.mitsektionen.se\\\/wp-content\\\/uploads\\\/2011\\\/08\\\/nlgsv-e1575096115422.png\",\"datePublished\":\"2011-08-13T08:07:40+00:00\",\"dateModified\":\"2026-01-11T10:44:39+00:00\",\"breadcrumb\":{\"@id\":\"https:\\\/\\\/www.mitsektionen.se\\\/namnder-2\\\/naringsliv\\\/#breadcrumb\"},\"inLanguage\":\"en-US\",\"potentialAction\":[{\"@type\":\"ReadAction\",\"target\":[\"https:\\\/\\\/www.mitsektionen.se\\\/namnder-2\\\/naringsliv\\\/\"]}]},{\"@type\":\"ImageObject\",\"inLanguage\":\"en-US\",\"@id\":\"https:\\\/\\\/www.mitsektionen.se\\\/namnder-2\\\/naringsliv\\\/#primaryimage\",\"url\":\"https:\\\/\\\/www.mitsektionen.se\\\/wp-content\\\/uploads\\\/2011\\\/08\\\/nlgsv-e1575096115422.png\",\"contentUrl\":\"https:\\\/\\\/www.mitsektionen.se\\\/wp-content\\\/uploads\\\/2011\\\/08\\\/nlgsv-e1575096115422.png\",\"width\":450,\"height\":247},{\"@type\":\"BreadcrumbList\",\"@id\":\"https:\\\/\\\/www.mitsektionen.se\\\/namnder-2\\\/naringsliv\\\/#breadcrumb\",\"itemListElement\":[{\"@type\":\"ListItem\",\"position\":1,\"name\":\"Hem\",\"item\":\"https:\\\/\\\/www.mitsektionen.se\\\/\"},{\"@type\":\"ListItem\",\"position\":2,\"name\":\"V\u00e5ra n\u00e4mnder\",\"item\":\"https:\\\/\\\/www.mitsektionen.se\\\/?page_id=2759\"},{\"@type\":\"ListItem\",\"position\":3,\"name\":\"N\u00e4ringslivsgruppen\"}]},{\"@type\":\"WebSite\",\"@id\":\"https:\\\/\\\/www.mitsektionen.se\\\/#website\",\"url\":\"https:\\\/\\\/www.mitsektionen.se\\\/\",\"name\":\"Sektionen f\u00f6r Medicinsk Teknik\",\"description\":\"MedTech vid KTH\",\"publisher\":{\"@id\":\"https:\\\/\\\/www.mitsektionen.se\\\/#organization\"},\"potentialAction\":[{\"@type\":\"SearchAction\",\"target\":{\"@type\":\"EntryPoint\",\"urlTemplate\":\"https:\\\/\\\/www.mitsektionen.se\\\/?s={search_term_string}\"},\"query-input\":{\"@type\":\"PropertyValueSpecification\",\"valueRequired\":true,\"valueName\":\"search_term_string\"}}],\"inLanguage\":\"en-US\"},{\"@type\":\"Organization\",\"@id\":\"https:\\\/\\\/www.mitsektionen.se\\\/#organization\",\"name\":\"Sektionen f\u00f6r Medicinsk Teknik\",\"url\":\"https:\\\/\\\/www.mitsektionen.se\\\/\",\"logo\":{\"@type\":\"ImageObject\",\"inLanguage\":\"en-US\",\"@id\":\"https:\\\/\\\/www.mitsektionen.se\\\/#\\\/schema\\\/logo\\\/image\\\/\",\"url\":\"https:\\\/\\\/www.mitsektionen.se\\\/wp-content\\\/uploads\\\/2018\\\/05\\\/cropped-loggamit.png\",\"contentUrl\":\"https:\\\/\\\/www.mitsektionen.se\\\/wp-content\\\/uploads\\\/2018\\\/05\\\/cropped-loggamit.png\",\"width\":2361,\"height\":2385,\"caption\":\"Sektionen f\u00f6r Medicinsk Teknik\"},\"image\":{\"@id\":\"https:\\\/\\\/www.mitsektionen.se\\\/#\\\/schema\\\/logo\\\/image\\\/\"},\"sameAs\":[\"https:\\\/\\\/www.facebook.com\\\/profile.php?id=100063481543287\",\"https:\\\/\\\/www.instagram.com\\\/mitsektionen\\\/\",\"https:\\\/\\\/ca.linkedin.com\\\/company\\\/sektionen-fr-medicinsk-teknik\"]}]}<\/script>\n<!-- \/ Yoast SEO plugin. -->","yoast_head_json":{"title":"N\u00e4ringslivsgruppen - Sektionen f\u00f6r Medicinsk Teknik","robots":{"index":"index","follow":"follow","max-snippet":"max-snippet:-1","max-image-preview":"max-image-preview:large","max-video-preview":"max-video-preview:-1"},"canonical":"https:\/\/www.mitsektionen.se\/en\/namnder-2\/naringsliv\/","og_locale":"en_US","og_type":"article","og_title":"N\u00e4ringslivsgruppen - Sektionen f\u00f6r Medicinsk Teknik","og_description":"N\u00e4ringslivsgruppen \u00e4r l\u00e4nken mellan studenter och n\u00e4ringsliv! N\u00e4ringslivsgruppens fr\u00e4msta syfte \u00e4r att f\u00f6rst\u00e4rka bandet mellan sektionens studenter och intressanta f\u00f6retag. Detta g\u00f6r vi genom att anordna olika evenemang och aktiviteter &#8211; som lunchf\u00f6rel\u00e4sningar, f\u00f6retagsmingel och studiebes\u00f6k. Vi ordnar \u00e4ven ett alumni-event, d\u00e4r studenterna f\u00e5r l\u00e4ra sig mer som livet efter studierna. N\u00e4ringslivsgruppen ordnar \u00e4ven ett&nbsp;&hellip;","og_url":"https:\/\/www.mitsektionen.se\/en\/namnder-2\/naringsliv\/","og_site_name":"Sektionen f\u00f6r Medicinsk Teknik","article_publisher":"https:\/\/www.facebook.com\/profile.php?id=100063481543287","article_modified_time":"2026-01-11T10:44:39+00:00","og_image":[{"width":450,"height":247,"url":"https:\/\/www.mitsektionen.se\/wp-content\/uploads\/2011\/08\/nlgsv-e1575096115422.png","type":"image\/png"}],"twitter_card":"summary_large_image","twitter_misc":{"Est. reading time":"2 minutes"},"schema":{"@context":"https:\/\/schema.org","@graph":[{"@type":"WebPage","@id":"https:\/\/www.mitsektionen.se\/namnder-2\/naringsliv\/","url":"https:\/\/www.mitsektionen.se\/namnder-2\/naringsliv\/","name":"N\u00e4ringslivsgruppen - Sektionen f\u00f6r Medicinsk Teknik","isPartOf":{"@id":"https:\/\/www.mitsektionen.se\/#website"},"primaryImageOfPage":{"@id":"https:\/\/www.mitsektionen.se\/namnder-2\/naringsliv\/#primaryimage"},"image":{"@id":"https:\/\/www.mitsektionen.se\/namnder-2\/naringsliv\/#primaryimage"},"thumbnailUrl":"https:\/\/www.mitsektionen.se\/wp-content\/uploads\/2011\/08\/nlgsv-e1575096115422.png","datePublished":"2011-08-13T08:07:40+00:00","dateModified":"2026-01-11T10:44:39+00:00","breadcrumb":{"@id":"https:\/\/www.mitsektionen.se\/namnder-2\/naringsliv\/#breadcrumb"},"inLanguage":"en-US","potentialAction":[{"@type":"ReadAction","target":["https:\/\/www.mitsektionen.se\/namnder-2\/naringsliv\/"]}]},{"@type":"ImageObject","inLanguage":"en-US","@id":"https:\/\/www.mitsektionen.se\/namnder-2\/naringsliv\/#primaryimage","url":"https:\/\/www.mitsektionen.se\/wp-content\/uploads\/2011\/08\/nlgsv-e1575096115422.png","contentUrl":"https:\/\/www.mitsektionen.se\/wp-content\/uploads\/2011\/08\/nlgsv-e1575096115422.png","width":450,"height":247},{"@type":"BreadcrumbList","@id":"https:\/\/www.mitsektionen.se\/namnder-2\/naringsliv\/#breadcrumb","itemListElement":[{"@type":"ListItem","position":1,"name":"Hem","item":"https:\/\/www.mitsektionen.se\/"},{"@type":"ListItem","position":2,"name":"V\u00e5ra n\u00e4mnder","item":"https:\/\/www.mitsektionen.se\/?page_id=2759"},{"@type":"ListItem","position":3,"name":"N\u00e4ringslivsgruppen"}]},{"@type":"WebSite","@id":"https:\/\/www.mitsektionen.se\/#website","url":"https:\/\/www.mitsektionen.se\/","name":"The Chapter of Medical Engineering","description":"MedTech vid KTH","publisher":{"@id":"https:\/\/www.mitsektionen.se\/#organization"},"potentialAction":[{"@type":"SearchAction","target":{"@type":"EntryPoint","urlTemplate":"https:\/\/www.mitsektionen.se\/?s={search_term_string}"},"query-input":{"@type":"PropertyValueSpecification","valueRequired":true,"valueName":"search_term_string"}}],"inLanguage":"en-US"},{"@type":"Organization","@id":"https:\/\/www.mitsektionen.se\/#organization","name":"The Chapter of Medical Engineering","url":"https:\/\/www.mitsektionen.se\/","logo":{"@type":"ImageObject","inLanguage":"en-US","@id":"https:\/\/www.mitsektionen.se\/#\/schema\/logo\/image\/","url":"https:\/\/www.mitsektionen.se\/wp-content\/uploads\/2018\/05\/cropped-loggamit.png","contentUrl":"https:\/\/www.mitsektionen.se\/wp-content\/uploads\/2018\/05\/cropped-loggamit.png","width":2361,"height":2385,"caption":"Sektionen f\u00f6r Medicinsk Teknik"},"image":{"@id":"https:\/\/www.mitsektionen.se\/#\/schema\/logo\/image\/"},"sameAs":["https:\/\/www.facebook.com\/profile.php?id=100063481543287","https:\/\/www.instagram.com\/mitsektionen\/","https:\/\/ca.linkedin.com\/company\/sektionen-fr-medicinsk-teknik"]}]}},"_links":{"self":[{"href":"https:\/\/www.mitsektionen.se\/en\/wp-json\/wp\/v2\/pages\/241","targetHints":{"allow":["GET"]}}],"collection":[{"href":"https:\/\/www.mitsektionen.se\/en\/wp-json\/wp\/v2\/pages"}],"about":[{"href":"https:\/\/www.mitsektionen.se\/en\/wp-json\/wp\/v2\/types\/page"}],"author":[{"embeddable":true,"href":"https:\/\/www.mitsektionen.se\/en\/wp-json\/wp\/v2\/users\/10"}],"replies":[{"embeddable":true,"href":"https:\/\/www.mitsektionen.se\/en\/wp-json\/wp\/v2\/comments?post=241"}],"version-history":[{"count":21,"href":"https:\/\/www.mitsektionen.se\/en\/wp-json\/wp\/v2\/pages\/241\/revisions"}],"predecessor-version":[{"id":12560,"href":"https:\/\/www.mitsektionen.se\/en\/wp-json\/wp\/v2\/pages\/241\/revisions\/12560"}],"up":[{"embeddable":true,"href":"https:\/\/www.mitsektionen.se\/en\/wp-json\/wp\/v2\/pages\/2759"}],"wp:featuredmedia":[{"embeddable":true,"href":"https:\/\/www.mitsektionen.se\/en\/wp-json\/wp\/v2\/media\/4972"}],"wp:attachment":[{"href":"https:\/\/www.mitsektionen.se\/en\/wp-json\/wp\/v2\/media?parent=241"}],"curies":[{"name":"wp","href":"https:\/\/api.w.org\/{rel}","templated":true}]}}