{"id":2686,"date":"2014-06-25T14:25:40","date_gmt":"2014-06-25T12:25:40","guid":{"rendered":"https:\/\/www.mitsektionen.se\/?page_id=2686"},"modified":"2026-02-16T17:24:39","modified_gmt":"2026-02-16T16:24:39","slug":"namndordforanden-pns","status":"publish","type":"page","link":"https:\/\/www.mitsektionen.se\/en\/om-sektionen\/namndordforanden-pns\/","title":{"rendered":"Funktion\u00e4rsr\u00e5det (PNS)"},"content":{"rendered":"<p>Funktion\u00e4rsr\u00e5det, \u00e4ven kallat <b>Peripheral Nervous System<\/b> (<i>PNS<\/i>), best\u00e5r av sektionens n\u00e4mndordf\u00f6randen och andra viktiga funktion\u00e4rer.<\/p>\n<p>PNS has the responsibility to convey information to and from the<br \/><b>Central Nervous System<\/b> (<i>CNS<\/i>). Just as in the body, PNS execute important tasks and thus, it has the responsibility of the operative part of the chapter's activities.<\/p>\n<p>PNS \u00e4r demokratiskt vald av sektionen f\u00f6r att f\u00f6rvalta dess verksamhet och leds av sektionens Vice Ordf\u00f6rande.<\/p>\n<table style=\"text-align: left; vertical-align: top; height: 832px;\" border=\"0\" width=\"590\">\n<tbody>\n<tr>\n<td colspan=\"4\">\n<h4>PNS 25\/26<\/h4>\n<\/td>\n<\/tr>\n<tr>\n<td><strong>Chairman of the Study Committee<\/strong><\/td>\n<td><strong>Saron Yohanes<\/strong><\/td>\n<td><a href=\"mailto:sno-mit@ths.kth.se\">sno-mit@ths.kth.se<\/a><\/td>\n<\/tr>\n<tr>\n<td><strong>Program Responsible Student<\/strong><\/td>\n<td><strong>Kiana Rostampour<\/strong><\/td>\n<td><a href=\"mailto:pas-mit@ths.kth.se\">pas-mit@ths.kth.se<\/a><\/td>\n<\/tr>\n<tr>\n<td><strong>Valberedningsordf\u00f6rande<\/strong><\/td>\n<td><strong>Viktor Lundin<\/strong><\/td>\n<td><a href=\"mailto:val-mit@ths.kth.se\">val-mit@ths.kth.se<\/a><\/td>\n<\/tr>\n<tr>\n<td><strong>Chairman of the equality committee<\/strong><\/td>\n<td><strong>Julia Espmark Oldin<\/strong><\/td>\n<td><a href=\"mailto:jml-mit@ths.kth.se\">jml-mit@ths.kth.se<\/a><\/td>\n<\/tr>\n<tr>\n<td><strong>Studerandeskyddsombud<\/strong><\/td>\n<td><strong>Amanda Daae<\/strong><\/td>\n<td><a href=\"mailto:skyddsombud@ths.kth.se\">jml-mit@ths.kth.se<\/a><\/td>\n<\/tr>\n<tr>\n<td><strong>Responsible for the Reception<\/strong><\/td>\n<td><strong>Williams Tsoi<\/strong><\/td>\n<td><a href=\"mailto:mottagning-mit@ths.kth.se\">mottagning-mit@ths.kth.se<\/a><\/td>\n<\/tr>\n<tr>\n<td><strong>Responsible for the Reception<\/strong><\/td>\n<td><strong>Algot Nordkvist<\/strong><\/td>\n<td><a href=\"mailto:mottagning-mit@ths.kth.se\">mottagning-mit@ths.kth.se<\/a><\/td>\n<\/tr>\n<tr>\n<td><strong>Responsible for the International Reception<\/strong><\/td>\n<td><strong>Max Ekstedt<\/strong><\/td>\n<td><a href=\"mailto:ina-mit@ths.kth.se\">ina-mit@ths.kth.se<\/a><\/td>\n<\/tr>\n<tr>\n<td><strong>Chairman of the business committee<\/strong><\/td>\n<td><strong>Erika Young Lali\u0107<\/strong><\/td>\n<td><a href=\"mailto:ammbassador-mit@ths.kth.se\">ambassador-mit@ths.kth.se<\/a><\/td>\n<\/tr>\n<tr>\n<td><strong>Project manager of MedTech Evening<\/strong><\/td>\n<td><strong>Williams Tsoi &amp; Laura Soto Rodriguez<\/strong><\/td>\n<td><a href=\"mailto:mte@ths.kth.se\">mte@ths.kth.se<\/a><\/td>\n<\/tr>\n<tr>\n<td><strong>Klubbm\u00e4stare<\/strong><\/td>\n<td><strong>Marcus Bergman<\/strong><\/td>\n<td><a href=\"mailto:qm-mit@ths.kth.se\">klubbmastare-mit@ths.kth.se<\/a><\/td>\n<\/tr>\n<tr>\n<td><strong>Dungeon master<\/strong><\/td>\n<td><strong>Clara Asterius<\/strong><\/td>\n<td><a href=\"mailto:kallarmastare-mit@ths.kth.se\">kallarmastare-mit@ths.kth.se<\/a><\/td>\n<\/tr>\n<tr>\n<td><strong>Chairman of the Sports Committee<\/strong><\/td>\n<td><strong>Viktoria Elezovi\u0107<\/strong><\/td>\n<td><a href=\"mailto:idrott-mit@ths.kth.se\">idrott-mit@ths.kth.se<\/a><\/td>\n<\/tr>\n<tr>\n<td><strong>MAL<\/strong><\/td>\n<td><strong>Emelie Lindblad<\/strong><\/td>\n<td>\u00a0<a href=\"mailto:mal-mit@ths.kth.se\">mal-mit@ths.kth.se<\/a><\/td>\n<\/tr>\n<tr>\n<td><strong>Board Member of Student Union Council<\/strong><\/td>\n<td><strong>Douglas Andersson<\/strong><\/td>\n<\/tr>\n<tr>\n<td><strong>Responsible for vehicle<\/strong><\/td>\n<td><strong>Rasmus Neuman<\/strong><\/td>\n<\/tr>\n<tr>\n<td><strong>Webmaster<\/strong><\/td>\n<td><strong>Dennis Yakubenko<\/strong><\/td>\n<td><a href=\"mailto:webb-mit@ths.kth.se\">\u00a0webb-mit@ths.kth.se<\/a><\/td>\n<\/tr>\n<\/tbody>\n<\/table>\n\n\n<p><\/p>\n\n\n\n<p><\/p>\n\n\n\n<p><\/p>","protected":false},"excerpt":{"rendered":"<p>Funktion\u00e4rsr\u00e5det, \u00e4ven kallat Perifera nervsystemet (PNS), best\u00e5r av sektionens n\u00e4mndordf\u00f6randen och andra viktiga funktion\u00e4rer. PNS har som roll att f\u00f6rmedla information till och fr\u00e5n detCentrala nervsystemet (CNS). Precis som i kroppen utf\u00f6r PNS det som anses viktigt och har med andra ord ansvaret f\u00f6r den operativa delen av sektionens verksamhet. PNS \u00e4r demokratiskt vald av&nbsp;&hellip;<\/p>","protected":false},"author":18,"featured_media":0,"parent":61,"menu_order":2,"comment_status":"closed","ping_status":"closed","template":"","meta":{"footnotes":""},"class_list":["post-2686","page","type-page","status-publish","hentry"],"yoast_head":"<!-- This site is optimized with the Yoast SEO plugin v27.4 - https:\/\/yoast.com\/product\/yoast-seo-wordpress\/ -->\n<title>Funktion\u00e4rsr\u00e5det (PNS) - Sektionen f\u00f6r Medicinsk Teknik<\/title>\n<meta name=\"robots\" content=\"index, follow, max-snippet:-1, max-image-preview:large, max-video-preview:-1\" \/>\n<link rel=\"canonical\" href=\"https:\/\/www.mitsektionen.se\/en\/om-sektionen\/namndordforanden-pns\/\" \/>\n<meta property=\"og:locale\" content=\"en_US\" \/>\n<meta property=\"og:type\" content=\"article\" \/>\n<meta property=\"og:title\" content=\"Funktion\u00e4rsr\u00e5det (PNS) - Sektionen f\u00f6r Medicinsk Teknik\" \/>\n<meta property=\"og:description\" content=\"Funktion\u00e4rsr\u00e5det, \u00e4ven kallat Perifera nervsystemet (PNS), best\u00e5r av sektionens n\u00e4mndordf\u00f6randen och andra viktiga funktion\u00e4rer. PNS har som roll att f\u00f6rmedla information till och fr\u00e5n detCentrala nervsystemet (CNS). Precis som i kroppen utf\u00f6r PNS det som anses viktigt och har med andra ord ansvaret f\u00f6r den operativa delen av sektionens verksamhet. PNS \u00e4r demokratiskt vald av&nbsp;&hellip;\" \/>\n<meta property=\"og:url\" content=\"https:\/\/www.mitsektionen.se\/en\/om-sektionen\/namndordforanden-pns\/\" \/>\n<meta property=\"og:site_name\" content=\"Sektionen f\u00f6r Medicinsk Teknik\" \/>\n<meta property=\"article:publisher\" content=\"https:\/\/www.facebook.com\/profile.php?id=100063481543287\" \/>\n<meta property=\"article:modified_time\" content=\"2026-02-16T16:24:39+00:00\" \/>\n<meta name=\"twitter:card\" content=\"summary_large_image\" \/>\n<meta name=\"twitter:label1\" content=\"Est. reading time\" \/>\n\t<meta name=\"twitter:data1\" content=\"1 minute\" \/>\n<script type=\"application\/ld+json\" class=\"yoast-schema-graph\">{\"@context\":\"https:\\\/\\\/schema.org\",\"@graph\":[{\"@type\":\"WebPage\",\"@id\":\"https:\\\/\\\/www.mitsektionen.se\\\/om-sektionen\\\/namndordforanden-pns\\\/\",\"url\":\"https:\\\/\\\/www.mitsektionen.se\\\/om-sektionen\\\/namndordforanden-pns\\\/\",\"name\":\"Funktion\u00e4rsr\u00e5det (PNS) - Sektionen f\u00f6r Medicinsk Teknik\",\"isPartOf\":{\"@id\":\"https:\\\/\\\/www.mitsektionen.se\\\/#website\"},\"datePublished\":\"2014-06-25T12:25:40+00:00\",\"dateModified\":\"2026-02-16T16:24:39+00:00\",\"breadcrumb\":{\"@id\":\"https:\\\/\\\/www.mitsektionen.se\\\/om-sektionen\\\/namndordforanden-pns\\\/#breadcrumb\"},\"inLanguage\":\"en-US\",\"potentialAction\":[{\"@type\":\"ReadAction\",\"target\":[\"https:\\\/\\\/www.mitsektionen.se\\\/om-sektionen\\\/namndordforanden-pns\\\/\"]}]},{\"@type\":\"BreadcrumbList\",\"@id\":\"https:\\\/\\\/www.mitsektionen.se\\\/om-sektionen\\\/namndordforanden-pns\\\/#breadcrumb\",\"itemListElement\":[{\"@type\":\"ListItem\",\"position\":1,\"name\":\"Hem\",\"item\":\"https:\\\/\\\/www.mitsektionen.se\\\/\"},{\"@type\":\"ListItem\",\"position\":2,\"name\":\"Om sektionen\",\"item\":\"https:\\\/\\\/www.mitsektionen.se\\\/om-sektionen\\\/\"},{\"@type\":\"ListItem\",\"position\":3,\"name\":\"Funktion\u00e4rsr\u00e5det (PNS)\"}]},{\"@type\":\"WebSite\",\"@id\":\"https:\\\/\\\/www.mitsektionen.se\\\/#website\",\"url\":\"https:\\\/\\\/www.mitsektionen.se\\\/\",\"name\":\"Sektionen f\u00f6r Medicinsk Teknik\",\"description\":\"MedTech vid KTH\",\"publisher\":{\"@id\":\"https:\\\/\\\/www.mitsektionen.se\\\/#organization\"},\"potentialAction\":[{\"@type\":\"SearchAction\",\"target\":{\"@type\":\"EntryPoint\",\"urlTemplate\":\"https:\\\/\\\/www.mitsektionen.se\\\/?s={search_term_string}\"},\"query-input\":{\"@type\":\"PropertyValueSpecification\",\"valueRequired\":true,\"valueName\":\"search_term_string\"}}],\"inLanguage\":\"en-US\"},{\"@type\":\"Organization\",\"@id\":\"https:\\\/\\\/www.mitsektionen.se\\\/#organization\",\"name\":\"Sektionen f\u00f6r Medicinsk Teknik\",\"url\":\"https:\\\/\\\/www.mitsektionen.se\\\/\",\"logo\":{\"@type\":\"ImageObject\",\"inLanguage\":\"en-US\",\"@id\":\"https:\\\/\\\/www.mitsektionen.se\\\/#\\\/schema\\\/logo\\\/image\\\/\",\"url\":\"https:\\\/\\\/www.mitsektionen.se\\\/wp-content\\\/uploads\\\/2018\\\/05\\\/cropped-loggamit.png\",\"contentUrl\":\"https:\\\/\\\/www.mitsektionen.se\\\/wp-content\\\/uploads\\\/2018\\\/05\\\/cropped-loggamit.png\",\"width\":2361,\"height\":2385,\"caption\":\"Sektionen f\u00f6r Medicinsk Teknik\"},\"image\":{\"@id\":\"https:\\\/\\\/www.mitsektionen.se\\\/#\\\/schema\\\/logo\\\/image\\\/\"},\"sameAs\":[\"https:\\\/\\\/www.facebook.com\\\/profile.php?id=100063481543287\",\"https:\\\/\\\/www.instagram.com\\\/mitsektionen\\\/\",\"https:\\\/\\\/ca.linkedin.com\\\/company\\\/sektionen-fr-medicinsk-teknik\"]}]}<\/script>\n<!-- \/ Yoast SEO plugin. -->","yoast_head_json":{"title":"Funktion\u00e4rsr\u00e5det (PNS) - Sektionen f\u00f6r Medicinsk Teknik","robots":{"index":"index","follow":"follow","max-snippet":"max-snippet:-1","max-image-preview":"max-image-preview:large","max-video-preview":"max-video-preview:-1"},"canonical":"https:\/\/www.mitsektionen.se\/en\/om-sektionen\/namndordforanden-pns\/","og_locale":"en_US","og_type":"article","og_title":"Funktion\u00e4rsr\u00e5det (PNS) - Sektionen f\u00f6r Medicinsk Teknik","og_description":"Funktion\u00e4rsr\u00e5det, \u00e4ven kallat Perifera nervsystemet (PNS), best\u00e5r av sektionens n\u00e4mndordf\u00f6randen och andra viktiga funktion\u00e4rer. PNS har som roll att f\u00f6rmedla information till och fr\u00e5n detCentrala nervsystemet (CNS). Precis som i kroppen utf\u00f6r PNS det som anses viktigt och har med andra ord ansvaret f\u00f6r den operativa delen av sektionens verksamhet. PNS \u00e4r demokratiskt vald av&nbsp;&hellip;","og_url":"https:\/\/www.mitsektionen.se\/en\/om-sektionen\/namndordforanden-pns\/","og_site_name":"Sektionen f\u00f6r Medicinsk Teknik","article_publisher":"https:\/\/www.facebook.com\/profile.php?id=100063481543287","article_modified_time":"2026-02-16T16:24:39+00:00","twitter_card":"summary_large_image","twitter_misc":{"Est. reading time":"1 minute"},"schema":{"@context":"https:\/\/schema.org","@graph":[{"@type":"WebPage","@id":"https:\/\/www.mitsektionen.se\/om-sektionen\/namndordforanden-pns\/","url":"https:\/\/www.mitsektionen.se\/om-sektionen\/namndordforanden-pns\/","name":"Funktion\u00e4rsr\u00e5det (PNS) - Sektionen f\u00f6r Medicinsk Teknik","isPartOf":{"@id":"https:\/\/www.mitsektionen.se\/#website"},"datePublished":"2014-06-25T12:25:40+00:00","dateModified":"2026-02-16T16:24:39+00:00","breadcrumb":{"@id":"https:\/\/www.mitsektionen.se\/om-sektionen\/namndordforanden-pns\/#breadcrumb"},"inLanguage":"en-US","potentialAction":[{"@type":"ReadAction","target":["https:\/\/www.mitsektionen.se\/om-sektionen\/namndordforanden-pns\/"]}]},{"@type":"BreadcrumbList","@id":"https:\/\/www.mitsektionen.se\/om-sektionen\/namndordforanden-pns\/#breadcrumb","itemListElement":[{"@type":"ListItem","position":1,"name":"Hem","item":"https:\/\/www.mitsektionen.se\/"},{"@type":"ListItem","position":2,"name":"Om sektionen","item":"https:\/\/www.mitsektionen.se\/om-sektionen\/"},{"@type":"ListItem","position":3,"name":"Funktion\u00e4rsr\u00e5det (PNS)"}]},{"@type":"WebSite","@id":"https:\/\/www.mitsektionen.se\/#website","url":"https:\/\/www.mitsektionen.se\/","name":"The Chapter of Medical Engineering","description":"MedTech vid KTH","publisher":{"@id":"https:\/\/www.mitsektionen.se\/#organization"},"potentialAction":[{"@type":"SearchAction","target":{"@type":"EntryPoint","urlTemplate":"https:\/\/www.mitsektionen.se\/?s={search_term_string}"},"query-input":{"@type":"PropertyValueSpecification","valueRequired":true,"valueName":"search_term_string"}}],"inLanguage":"en-US"},{"@type":"Organization","@id":"https:\/\/www.mitsektionen.se\/#organization","name":"The Chapter of Medical Engineering","url":"https:\/\/www.mitsektionen.se\/","logo":{"@type":"ImageObject","inLanguage":"en-US","@id":"https:\/\/www.mitsektionen.se\/#\/schema\/logo\/image\/","url":"https:\/\/www.mitsektionen.se\/wp-content\/uploads\/2018\/05\/cropped-loggamit.png","contentUrl":"https:\/\/www.mitsektionen.se\/wp-content\/uploads\/2018\/05\/cropped-loggamit.png","width":2361,"height":2385,"caption":"Sektionen f\u00f6r Medicinsk Teknik"},"image":{"@id":"https:\/\/www.mitsektionen.se\/#\/schema\/logo\/image\/"},"sameAs":["https:\/\/www.facebook.com\/profile.php?id=100063481543287","https:\/\/www.instagram.com\/mitsektionen\/","https:\/\/ca.linkedin.com\/company\/sektionen-fr-medicinsk-teknik"]}]}},"_links":{"self":[{"href":"https:\/\/www.mitsektionen.se\/en\/wp-json\/wp\/v2\/pages\/2686","targetHints":{"allow":["GET"]}}],"collection":[{"href":"https:\/\/www.mitsektionen.se\/en\/wp-json\/wp\/v2\/pages"}],"about":[{"href":"https:\/\/www.mitsektionen.se\/en\/wp-json\/wp\/v2\/types\/page"}],"author":[{"embeddable":true,"href":"https:\/\/www.mitsektionen.se\/en\/wp-json\/wp\/v2\/users\/18"}],"replies":[{"embeddable":true,"href":"https:\/\/www.mitsektionen.se\/en\/wp-json\/wp\/v2\/comments?post=2686"}],"version-history":[{"count":30,"href":"https:\/\/www.mitsektionen.se\/en\/wp-json\/wp\/v2\/pages\/2686\/revisions"}],"predecessor-version":[{"id":14544,"href":"https:\/\/www.mitsektionen.se\/en\/wp-json\/wp\/v2\/pages\/2686\/revisions\/14544"}],"up":[{"embeddable":true,"href":"https:\/\/www.mitsektionen.se\/en\/wp-json\/wp\/v2\/pages\/61"}],"wp:attachment":[{"href":"https:\/\/www.mitsektionen.se\/en\/wp-json\/wp\/v2\/media?parent=2686"}],"curies":[{"name":"wp","href":"https:\/\/api.w.org\/{rel}","templated":true}]}}