{"id":2695,"date":"2014-06-25T15:00:03","date_gmt":"2014-06-25T13:00:03","guid":{"rendered":"https:\/\/www.mitsektionen.se\/?page_id=2695"},"modified":"2026-02-19T10:17:15","modified_gmt":"2026-02-19T09:17:15","slug":"protokoll-pns-moten","status":"publish","type":"page","link":"https:\/\/www.mitsektionen.se\/en\/dokument\/protokoll-pns-moten\/","title":{"rendered":"PNS-Meeting Minutes"},"content":{"rendered":"<p><em>Here you can find the minutes from the PNS-meetings:<\/em><\/p>\n<p><strong>L\u00e4s\u00e5r 2025\/2026<\/strong><br \/>\n<a href=\"https:\/\/www.mitsektionen.se\/wp-content\/uploads\/2025\/09\/PNS_1___Protokoll.pdf\">PNS-m\u00f6te #1<\/a><br \/>\n<a href=\"https:\/\/www.mitsektionen.se\/wp-content\/uploads\/2025\/11\/PNS_2___protokoll.pdf\">PNS-m\u00f6te #2<\/a><br \/>\n<a href = \"https:\/\/www.mitsektionen.se\/wp-content\/uploads\/2026\/01\/PNS_3___protokoll.pdf\">PNS-m\u00f6te #3<\/a><br \/>\n<a href = \"https:\/\/www.mitsektionen.se\/wp-content\/uploads\/2026\/02\/PNS_4___protokoll.pdf\">PNS-m\u00f6te #4<\/a><\/p>\n<p><strong>L\u00e4s\u00e5r 2024\/2025<\/strong><br \/>\n<a href=\"https:\/\/www.mitsektionen.se\/wp-content\/uploads\/2024\/06\/Protokoll_PNS_1.pdf\">PNS-m\u00f6te #1<\/a><br \/>\n<a href = \"https:\/\/www.mitsektionen.se\/wp-content\/uploads\/2024\/11\/Protokoll_PNS_2.pdf\">PNS-m\u00f6te #2<\/a><br \/>\n<a href = \"https:\/\/www.mitsektionen.se\/wp-content\/uploads\/2024\/12\/Protokoll_PNS_3.pdf\">PNS-m\u00f6te #3<\/a><br \/>\n<a href = \"https:\/\/www.mitsektionen.se\/wp-content\/uploads\/2025\/02\/Protokoll_PNS_4-1.pdf\">PNS-m\u00f6te #4<\/a><br \/>\n<a href = \"https:\/\/www.mitsektionen.se\/wp-content\/uploads\/2025\/05\/Protokoll_PNS_5.pdf\">PNS-m\u00f6te #5<\/a><\/p>\n<p><strong>L\u00e4s\u00e5r 2023\/2024<\/strong><br \/>\n<a href=\"https:\/\/www.mitsektionen.se\/wp-content\/uploads\/2023\/10\/PNS1_renskrivet.pdf\">PNS-m\u00f6te #1<\/a><br \/>\n<a href = \"https:\/\/www.mitsektionen.se\/wp-content\/uploads\/2023\/11\/PNS2_justerat.pdf\">PNS-m\u00f6te #2<\/a><br \/>\n<a href = \"https:\/\/www.mitsektionen.se\/wp-content\/uploads\/2024\/02\/PNS3_justerat.pdf\">PNS-m\u00f6te #3<\/a><br \/>\n<a href = \"https:\/\/www.mitsektionen.se\/wp-content\/uploads\/2024\/05\/PNS4_justerat.pdf\">PNS-m\u00f6te #4<\/a><\/p>\n<p><strong>L\u00e4s\u00e5r 2022\/2023<\/strong><br \/>\n<a href=\"https:\/\/www.mitsektionen.se\/wp-content\/uploads\/2022\/07\/PNS1-Uppdaterad.pdf\">PNS-m\u00f6te #1<\/a><br \/>\n<a href=\"https:\/\/www.mitsektionen.se\/wp-content\/uploads\/2023\/03\/PNS2-uppdaterad2.pdf\">PNS-m\u00f6te #2<\/a><br \/>\n<a href=\"https:\/\/www.mitsektionen.se\/wp-content\/uploads\/2023\/11\/PNS3-fardig.pdf\">PNS-m\u00f6te #3<\/a><br \/>\n<a href=\"https:\/\/www.mitsektionen.se\/wp-content\/uploads\/2023\/11\/PNS4-fardig2.pdf\">PNS-m\u00f6te #4<\/a><\/p>\n<p><strong>L\u00e4s\u00e5r 2021\/2022<\/strong><br \/>\n<a href=\"https:\/\/www.mitsektionen.se\/wp-content\/uploads\/2022\/01\/PNS1-210527.pdf\">PNS-m\u00f6te #1<\/a><br \/>\n<a href=\"https:\/\/www.mitsektionen.se\/wp-content\/uploads\/2022\/01\/PNS2.pdf\">PNS-m\u00f6te #2<\/a><br \/>\n<a href=\"https:\/\/www.mitsektionen.se\/wp-content\/uploads\/2022\/03\/PNS3-211210.pdf\">PNS-m\u00f6te #3<\/a><\/p>\n<p><strong>L\u00e4s\u00e5r 2020\/2021<\/strong><br \/>\n<a href=\"https:\/\/www.mitsektionen.se\/wp-content\/uploads\/2020\/06\/Protokoll-PNS1-200520-Justerat-1.pdf\">PNS-m\u00f6te #1<\/a><br \/>\n<a href=\"https:\/\/www.mitsektionen.se\/wp-content\/uploads\/2020\/11\/Protokoll-PNS2-200930-justerat.pdf\">PNS-m\u00f6te #2<\/a><br \/>\n<a href=\"https:\/\/www.mitsektionen.se\/wp-content\/uploads\/2021\/01\/Protokoll-PNS-3-20201211-justerat.pdf\">PNS-m\u00f6te #3<\/a><br \/>\n<a href=\"https:\/\/www.mitsektionen.se\/wp-content\/uploads\/2021\/04\/PNS-4-210303-justerat.pdf\">PNS-m\u00f6te #4<\/a><\/p>\n<p><strong>2019\/2020<\/strong><br \/>\n<a href=\"https:\/\/www.mitsektionen.se\/wp-content\/uploads\/2019\/05\/PNS1-190522.pdf\">PNS-m\u00f6te #1<\/a><br \/>\n<a href=\"https:\/\/www.mitsektionen.se\/wp-content\/uploads\/2019\/10\/PNS2-191008.pdf\">PNS-m\u00f6te #2<\/a><br \/>\n<a href=\"https:\/\/www.mitsektionen.se\/wp-content\/uploads\/2019\/12\/PNS3-191210.pdf\">PNS-m\u00f6te #3<\/a><br \/>\n<a href=\"https:\/\/www.mitsektionen.se\/wp-content\/uploads\/2020\/03\/PNS4-200217.pdf\">PNS-m\u00f6te #4<\/a><\/p>\n<p><strong>2017\/2018<\/strong><br \/>\n<a href=\"https:\/\/www.mitsektionen.se\/wp-content\/uploads\/2017\/09\/PNS1.pdf\">PNS-m\u00f6te #1<br \/>\n<\/a><a href=\"https:\/\/www.mitsektionen.se\/wp-content\/uploads\/2017\/10\/PNS-2.pdf\">PNS-m\u00f6te #2<br \/>\n<\/a><a href=\"https:\/\/www.mitsektionen.se\/wp-content\/uploads\/2017\/11\/PNS3-17.pdf\">PNS-m\u00f6te #3<\/a><br \/>\n<a href=\"https:\/\/www.mitsektionen.se\/wp-content\/uploads\/2018\/02\/PNS4-utkast.pdf\">PNS-m\u00f6te #4<\/a><br \/>\n<a href=\"https:\/\/www.mitsektionen.se\/wp-content\/uploads\/2018\/02\/PNS-5-Juster.pdf\">PNS-m\u00f6te #5<br \/>\n<\/a><a href=\"https:\/\/www.mitsektionen.se\/wp-content\/uploads\/2018\/03\/PNS-6.pdf\">PNS-m\u00f6te #6<\/a><\/p>\n<p><strong>2016\/2017<\/strong><br \/>\n<a href=\"https:\/\/www.mitsektionen.se\/wp-content\/uploads\/2016\/10\/Protokoll-PNS1.pdf\">PNS-m\u00f6te #1<br \/>\n<\/a><a href=\"https:\/\/www.mitsektionen.se\/wp-content\/uploads\/2016\/11\/Protokoll-PNS2.pdf\">PNS-m\u00f6te #2<br \/>\n<\/a><a href=\"https:\/\/www.mitsektionen.se\/wp-content\/uploads\/2016\/12\/Protokoll-PNS3.pdf\">PNS-m\u00f6te #3<br \/>\n<\/a><a href=\"https:\/\/www.mitsektionen.se\/wp-content\/uploads\/2017\/02\/Protokoll-PNS4.pdf\">PNS-m\u00f6te #4<br \/>\n<\/a><a href=\"https:\/\/www.mitsektionen.se\/wp-content\/uploads\/2017\/03\/Protokoll-PNS5.pdf\">PNS-m\u00f6te #5<br \/>\n<\/a><a href=\"https:\/\/www.mitsektionen.se\/wp-content\/uploads\/2017\/04\/Protokoll-PNS6.pdf\">PNS-m\u00f6te #6<\/a><\/p>\n<p><strong>2015\/2016<\/strong><br \/>\n<a href=\"https:\/\/www.mitsektionen.se\/wp-content\/uploads\/2015\/03\/PNS1.pdf\">PNS-m\u00f6te #1<\/a><br \/>\n<a href=\"https:\/\/www.mitsektionen.se\/wp-content\/uploads\/2015\/03\/PNS2.pdf\">PNS-m\u00f6te #2<\/a><br \/>\n<a href=\"https:\/\/www.mitsektionen.se\/wp-content\/uploads\/2016\/10\/PNS3.pdf\">PNS-m\u00f6te #3<\/a><\/p>\n<p><strong>2014\/2015<\/strong><br \/>\n<a title=\"PNS-m\u00f6te #1\" href=\"https:\/\/www.mitsektionen.se\/wp-content\/uploads\/2014\/06\/Protokoll_PNS1_ver2.pdf\">PNS-m\u00f6te #1<\/a><br \/>\n<a href=\"https:\/\/www.mitsektionen.se\/wp-content\/uploads\/2014\/11\/PNS2_2014_11_04.pdf\">PNS-m\u00f6te #2<\/a><br \/>\n<a href=\"https:\/\/www.mitsektionen.se\/wp-content\/uploads\/2015\/01\/PNS3_2014_11_04.pdf\">PNS-m\u00f6te #3<\/a><br \/>\n<a href=\"https:\/\/www.mitsektionen.se\/wp-content\/uploads\/2015\/05\/PNS4_2015_02_17.pdf\">PNS-m\u00f6te #4<\/a><\/p>","protected":false},"excerpt":{"rendered":"<p>H\u00e4r finns de&nbsp;protokoll&nbsp;fr\u00e5n PNS-m\u00f6ten&nbsp;som \u00e4r tillg\u00e4ngliga f\u00f6r allm\u00e4nheten: L\u00e4s\u00e5r 2025\/2026 PNS-m\u00f6te #1 PNS-m\u00f6te #2 PNS-m\u00f6te #3 PNS-m\u00f6te #4 L\u00e4s\u00e5r 2024\/2025 PNS-m\u00f6te #1 PNS-m\u00f6te #2 PNS-m\u00f6te #3 PNS-m\u00f6te #4 PNS-m\u00f6te #5 L\u00e4s\u00e5r 2023\/2024 PNS-m\u00f6te #1 PNS-m\u00f6te #2 PNS-m\u00f6te #3 PNS-m\u00f6te #4 L\u00e4s\u00e5r 2022\/2023 PNS-m\u00f6te #1 PNS-m\u00f6te #2 PNS-m\u00f6te #3 PNS-m\u00f6te #4 L\u00e4s\u00e5r 2021\/2022 PNS-m\u00f6te #1 PNS-m\u00f6te&nbsp;&hellip;<\/p>","protected":false},"author":18,"featured_media":0,"parent":4189,"menu_order":3,"comment_status":"closed","ping_status":"closed","template":"","meta":{"footnotes":""},"class_list":["post-2695","page","type-page","status-publish","hentry"],"yoast_head":"<!-- This site is optimized with the Yoast SEO plugin v27.4 - https:\/\/yoast.com\/product\/yoast-seo-wordpress\/ -->\n<title>Protokoll PNS-m\u00f6ten - Sektionen f\u00f6r Medicinsk Teknik<\/title>\n<meta name=\"robots\" content=\"index, follow, max-snippet:-1, max-image-preview:large, max-video-preview:-1\" \/>\n<link rel=\"canonical\" href=\"https:\/\/www.mitsektionen.se\/en\/dokument\/protokoll-pns-moten\/\" \/>\n<meta property=\"og:locale\" content=\"en_US\" \/>\n<meta property=\"og:type\" content=\"article\" \/>\n<meta property=\"og:title\" content=\"Protokoll PNS-m\u00f6ten - Sektionen f\u00f6r Medicinsk Teknik\" \/>\n<meta property=\"og:description\" content=\"H\u00e4r finns de&nbsp;protokoll&nbsp;fr\u00e5n PNS-m\u00f6ten&nbsp;som \u00e4r tillg\u00e4ngliga f\u00f6r allm\u00e4nheten: L\u00e4s\u00e5r 2025\/2026 PNS-m\u00f6te #1 PNS-m\u00f6te #2 PNS-m\u00f6te #3 PNS-m\u00f6te #4 L\u00e4s\u00e5r 2024\/2025 PNS-m\u00f6te #1 PNS-m\u00f6te #2 PNS-m\u00f6te #3 PNS-m\u00f6te #4 PNS-m\u00f6te #5 L\u00e4s\u00e5r 2023\/2024 PNS-m\u00f6te #1 PNS-m\u00f6te #2 PNS-m\u00f6te #3 PNS-m\u00f6te #4 L\u00e4s\u00e5r 2022\/2023 PNS-m\u00f6te #1 PNS-m\u00f6te #2 PNS-m\u00f6te #3 PNS-m\u00f6te #4 L\u00e4s\u00e5r 2021\/2022 PNS-m\u00f6te #1 PNS-m\u00f6te&nbsp;&hellip;\" \/>\n<meta property=\"og:url\" content=\"https:\/\/www.mitsektionen.se\/en\/dokument\/protokoll-pns-moten\/\" \/>\n<meta property=\"og:site_name\" content=\"Sektionen f\u00f6r Medicinsk Teknik\" \/>\n<meta property=\"article:publisher\" content=\"https:\/\/www.facebook.com\/profile.php?id=100063481543287\" \/>\n<meta property=\"article:modified_time\" content=\"2026-02-19T09:17:15+00:00\" \/>\n<meta name=\"twitter:card\" content=\"summary_large_image\" \/>\n<meta name=\"twitter:label1\" content=\"Est. reading time\" \/>\n\t<meta name=\"twitter:data1\" content=\"1 minute\" \/>\n<script type=\"application\/ld+json\" class=\"yoast-schema-graph\">{\"@context\":\"https:\\\/\\\/schema.org\",\"@graph\":[{\"@type\":\"WebPage\",\"@id\":\"https:\\\/\\\/www.mitsektionen.se\\\/dokument\\\/protokoll-pns-moten\\\/\",\"url\":\"https:\\\/\\\/www.mitsektionen.se\\\/dokument\\\/protokoll-pns-moten\\\/\",\"name\":\"Protokoll PNS-m\u00f6ten - Sektionen f\u00f6r Medicinsk Teknik\",\"isPartOf\":{\"@id\":\"https:\\\/\\\/www.mitsektionen.se\\\/#website\"},\"datePublished\":\"2014-06-25T13:00:03+00:00\",\"dateModified\":\"2026-02-19T09:17:15+00:00\",\"breadcrumb\":{\"@id\":\"https:\\\/\\\/www.mitsektionen.se\\\/dokument\\\/protokoll-pns-moten\\\/#breadcrumb\"},\"inLanguage\":\"en-US\",\"potentialAction\":[{\"@type\":\"ReadAction\",\"target\":[\"https:\\\/\\\/www.mitsektionen.se\\\/dokument\\\/protokoll-pns-moten\\\/\"]}]},{\"@type\":\"BreadcrumbList\",\"@id\":\"https:\\\/\\\/www.mitsektionen.se\\\/dokument\\\/protokoll-pns-moten\\\/#breadcrumb\",\"itemListElement\":[{\"@type\":\"ListItem\",\"position\":1,\"name\":\"Hem\",\"item\":\"https:\\\/\\\/www.mitsektionen.se\\\/\"},{\"@type\":\"ListItem\",\"position\":2,\"name\":\"Dokument\",\"item\":\"https:\\\/\\\/www.mitsektionen.se\\\/dokument\\\/\"},{\"@type\":\"ListItem\",\"position\":3,\"name\":\"Protokoll PNS-m\u00f6ten\"}]},{\"@type\":\"WebSite\",\"@id\":\"https:\\\/\\\/www.mitsektionen.se\\\/#website\",\"url\":\"https:\\\/\\\/www.mitsektionen.se\\\/\",\"name\":\"Sektionen f\u00f6r Medicinsk Teknik\",\"description\":\"MedTech vid KTH\",\"publisher\":{\"@id\":\"https:\\\/\\\/www.mitsektionen.se\\\/#organization\"},\"potentialAction\":[{\"@type\":\"SearchAction\",\"target\":{\"@type\":\"EntryPoint\",\"urlTemplate\":\"https:\\\/\\\/www.mitsektionen.se\\\/?s={search_term_string}\"},\"query-input\":{\"@type\":\"PropertyValueSpecification\",\"valueRequired\":true,\"valueName\":\"search_term_string\"}}],\"inLanguage\":\"en-US\"},{\"@type\":\"Organization\",\"@id\":\"https:\\\/\\\/www.mitsektionen.se\\\/#organization\",\"name\":\"Sektionen f\u00f6r Medicinsk Teknik\",\"url\":\"https:\\\/\\\/www.mitsektionen.se\\\/\",\"logo\":{\"@type\":\"ImageObject\",\"inLanguage\":\"en-US\",\"@id\":\"https:\\\/\\\/www.mitsektionen.se\\\/#\\\/schema\\\/logo\\\/image\\\/\",\"url\":\"https:\\\/\\\/www.mitsektionen.se\\\/wp-content\\\/uploads\\\/2018\\\/05\\\/cropped-loggamit.png\",\"contentUrl\":\"https:\\\/\\\/www.mitsektionen.se\\\/wp-content\\\/uploads\\\/2018\\\/05\\\/cropped-loggamit.png\",\"width\":2361,\"height\":2385,\"caption\":\"Sektionen f\u00f6r Medicinsk Teknik\"},\"image\":{\"@id\":\"https:\\\/\\\/www.mitsektionen.se\\\/#\\\/schema\\\/logo\\\/image\\\/\"},\"sameAs\":[\"https:\\\/\\\/www.facebook.com\\\/profile.php?id=100063481543287\",\"https:\\\/\\\/www.instagram.com\\\/mitsektionen\\\/\",\"https:\\\/\\\/ca.linkedin.com\\\/company\\\/sektionen-fr-medicinsk-teknik\"]}]}<\/script>\n<!-- \/ Yoast SEO plugin. -->","yoast_head_json":{"title":"Protokoll PNS-m\u00f6ten - Sektionen f\u00f6r Medicinsk Teknik","robots":{"index":"index","follow":"follow","max-snippet":"max-snippet:-1","max-image-preview":"max-image-preview:large","max-video-preview":"max-video-preview:-1"},"canonical":"https:\/\/www.mitsektionen.se\/en\/dokument\/protokoll-pns-moten\/","og_locale":"en_US","og_type":"article","og_title":"Protokoll PNS-m\u00f6ten - Sektionen f\u00f6r Medicinsk Teknik","og_description":"H\u00e4r finns de&nbsp;protokoll&nbsp;fr\u00e5n PNS-m\u00f6ten&nbsp;som \u00e4r tillg\u00e4ngliga f\u00f6r allm\u00e4nheten: L\u00e4s\u00e5r 2025\/2026 PNS-m\u00f6te #1 PNS-m\u00f6te #2 PNS-m\u00f6te #3 PNS-m\u00f6te #4 L\u00e4s\u00e5r 2024\/2025 PNS-m\u00f6te #1 PNS-m\u00f6te #2 PNS-m\u00f6te #3 PNS-m\u00f6te #4 PNS-m\u00f6te #5 L\u00e4s\u00e5r 2023\/2024 PNS-m\u00f6te #1 PNS-m\u00f6te #2 PNS-m\u00f6te #3 PNS-m\u00f6te #4 L\u00e4s\u00e5r 2022\/2023 PNS-m\u00f6te #1 PNS-m\u00f6te #2 PNS-m\u00f6te #3 PNS-m\u00f6te #4 L\u00e4s\u00e5r 2021\/2022 PNS-m\u00f6te #1 PNS-m\u00f6te&nbsp;&hellip;","og_url":"https:\/\/www.mitsektionen.se\/en\/dokument\/protokoll-pns-moten\/","og_site_name":"Sektionen f\u00f6r Medicinsk Teknik","article_publisher":"https:\/\/www.facebook.com\/profile.php?id=100063481543287","article_modified_time":"2026-02-19T09:17:15+00:00","twitter_card":"summary_large_image","twitter_misc":{"Est. reading time":"1 minute"},"schema":{"@context":"https:\/\/schema.org","@graph":[{"@type":"WebPage","@id":"https:\/\/www.mitsektionen.se\/dokument\/protokoll-pns-moten\/","url":"https:\/\/www.mitsektionen.se\/dokument\/protokoll-pns-moten\/","name":"Protokoll PNS-m\u00f6ten - Sektionen f\u00f6r Medicinsk Teknik","isPartOf":{"@id":"https:\/\/www.mitsektionen.se\/#website"},"datePublished":"2014-06-25T13:00:03+00:00","dateModified":"2026-02-19T09:17:15+00:00","breadcrumb":{"@id":"https:\/\/www.mitsektionen.se\/dokument\/protokoll-pns-moten\/#breadcrumb"},"inLanguage":"en-US","potentialAction":[{"@type":"ReadAction","target":["https:\/\/www.mitsektionen.se\/dokument\/protokoll-pns-moten\/"]}]},{"@type":"BreadcrumbList","@id":"https:\/\/www.mitsektionen.se\/dokument\/protokoll-pns-moten\/#breadcrumb","itemListElement":[{"@type":"ListItem","position":1,"name":"Hem","item":"https:\/\/www.mitsektionen.se\/"},{"@type":"ListItem","position":2,"name":"Dokument","item":"https:\/\/www.mitsektionen.se\/dokument\/"},{"@type":"ListItem","position":3,"name":"Protokoll PNS-m\u00f6ten"}]},{"@type":"WebSite","@id":"https:\/\/www.mitsektionen.se\/#website","url":"https:\/\/www.mitsektionen.se\/","name":"The Chapter of Medical Engineering","description":"MedTech vid KTH","publisher":{"@id":"https:\/\/www.mitsektionen.se\/#organization"},"potentialAction":[{"@type":"SearchAction","target":{"@type":"EntryPoint","urlTemplate":"https:\/\/www.mitsektionen.se\/?s={search_term_string}"},"query-input":{"@type":"PropertyValueSpecification","valueRequired":true,"valueName":"search_term_string"}}],"inLanguage":"en-US"},{"@type":"Organization","@id":"https:\/\/www.mitsektionen.se\/#organization","name":"The Chapter of Medical Engineering","url":"https:\/\/www.mitsektionen.se\/","logo":{"@type":"ImageObject","inLanguage":"en-US","@id":"https:\/\/www.mitsektionen.se\/#\/schema\/logo\/image\/","url":"https:\/\/www.mitsektionen.se\/wp-content\/uploads\/2018\/05\/cropped-loggamit.png","contentUrl":"https:\/\/www.mitsektionen.se\/wp-content\/uploads\/2018\/05\/cropped-loggamit.png","width":2361,"height":2385,"caption":"Sektionen f\u00f6r Medicinsk Teknik"},"image":{"@id":"https:\/\/www.mitsektionen.se\/#\/schema\/logo\/image\/"},"sameAs":["https:\/\/www.facebook.com\/profile.php?id=100063481543287","https:\/\/www.instagram.com\/mitsektionen\/","https:\/\/ca.linkedin.com\/company\/sektionen-fr-medicinsk-teknik"]}]}},"_links":{"self":[{"href":"https:\/\/www.mitsektionen.se\/en\/wp-json\/wp\/v2\/pages\/2695","targetHints":{"allow":["GET"]}}],"collection":[{"href":"https:\/\/www.mitsektionen.se\/en\/wp-json\/wp\/v2\/pages"}],"about":[{"href":"https:\/\/www.mitsektionen.se\/en\/wp-json\/wp\/v2\/types\/page"}],"author":[{"embeddable":true,"href":"https:\/\/www.mitsektionen.se\/en\/wp-json\/wp\/v2\/users\/18"}],"replies":[{"embeddable":true,"href":"https:\/\/www.mitsektionen.se\/en\/wp-json\/wp\/v2\/comments?post=2695"}],"version-history":[{"count":20,"href":"https:\/\/www.mitsektionen.se\/en\/wp-json\/wp\/v2\/pages\/2695\/revisions"}],"predecessor-version":[{"id":14493,"href":"https:\/\/www.mitsektionen.se\/en\/wp-json\/wp\/v2\/pages\/2695\/revisions\/14493"}],"up":[{"embeddable":true,"href":"https:\/\/www.mitsektionen.se\/en\/wp-json\/wp\/v2\/pages\/4189"}],"wp:attachment":[{"href":"https:\/\/www.mitsektionen.se\/en\/wp-json\/wp\/v2\/media?parent=2695"}],"curies":[{"name":"wp","href":"https:\/\/api.w.org\/{rel}","templated":true}]}}