{"id":4220,"date":"2018-05-12T01:57:05","date_gmt":"2018-05-11T23:57:05","guid":{"rendered":"https:\/\/www.mitsektionen.se\/?page_id=4220"},"modified":"2025-09-30T17:31:03","modified_gmt":"2025-09-30T15:31:03","slug":"kallargillet","status":"publish","type":"page","link":"https:\/\/www.mitsektionen.se\/en\/namnder-2\/kallargillet\/","title":{"rendered":"K\u00e4llargillet"},"content":{"rendered":"<h1><span style=\"color: #000000;\"><strong>Vad \u00e4r K\u00e4llargillet?\u00a0<\/strong><\/span><\/h1>\n<p><span style=\"color: #000000;\">K\u00e4llargillet \u00e4r en n\u00e4mnd best\u00e5ende av engagerade studenter fr\u00e5n Sektionen f\u00f6r Medicinsk Teknik samt Konglig Elektrosektionen med uppgift att underh\u00e5lla den gemensamma sektionslokalen Tolvan. N\u00e4mnden leds av tre stycken K\u00e4llarm\u00e4stare: en sittandes i elektros styre, en fr\u00e5n elektro (men som kan s\u00f6kas av b\u00e5de elektro samt MiT!!), samt en fr\u00e5n MiT.<\/span><\/p>\n<h2>\u00a0<\/h2>\n<h2><span style=\"color: #000000;\"><strong>Vad g\u00f6r K\u00e4llargillet?<\/strong><\/span><\/h2>\n<p><span style=\"color: #000000;\">K\u00e4llargillet best\u00e5r av K\u00e4llarm\u00e4stare samt dess trogna k\u00e4llarnissar.<\/span><\/p>\n<p><span style=\"color: #000000;\">K\u00e4llarm\u00e4starnas uppgift \u00e4r att styra upp n\u00e4mnden samt anordna dess m\u00e5nga evenemang, exempelvis fixarkv\u00e4llarna, en kv\u00e4ll d\u00e4r alla \u00e4r inbjudna att komma och hj\u00e4lpa till att underh\u00e5lla v\u00e5r k\u00e4ra sektionslokal Tolvan. K\u00e4nner man att man vill se mer av v\u00e5r h\u00e4rliga n\u00e4mnd och f\u00e5 en glimt in i sektionslivet kan man s\u00f6ka till k\u00e4llarnisse.<\/span><\/p>\n<p><span style=\"color: #000000;\">K\u00e4llarnissen \u00e4r en lokaldelare med lite extra ansvar \u00f6ver Tolvans v\u00e4lm\u00e5ende under l\u00e4s\u00e5ret, och med ansvar kommer sj\u00e4lvklart en massa h\u00e4rligheter! K\u00e4nner du att detta \u00e4r ett g\u00e4ng f\u00f6r dig eller har du fr\u00e5gor och funderingar om v\u00e5r n\u00e4mnd s\u00e5 tveka inte att kontakta oss!<\/span><\/p>\n<p><span style=\"color: #000000;\">Vill du ha mer info om oss och v\u00e5ra evenemang kan du g\u00e5 in och gilla v\u00e5ran <\/span><a href=\"https:\/\/www.facebook.com\/Kallargillet?locale=en_GB\" target=\"_blank\" rel=\"noopener\"><span style=\"color: #3366ff;\">Facebook-sida<\/span><\/a><span style=\"color: #000000;\"> K\u00e4llargillet. Eller varf\u00f6r inte g\u00e5 in och like:a en snygg bild p\u00e5 v\u00e5r <span style=\"color: #3366ff;\"><a style=\"color: #3366ff;\" href=\"https:\/\/www.instagram.com\/kallargillet\/\" target=\"_blank\" rel=\"noopener\">Instagram<\/a><\/span><\/span>. <span style=\"color: #000000;\">Har du fr\u00e5gor eller funderingar om K\u00e4llargillet eller Tolvan \u00e4r det bara att mejla oss eller ta tag i n\u00e4rmaste k\u00e4llarm\u00e4stare!<\/span><\/p>\n<p><span style=\"color: #000000;\">See you in Tolvan!<\/span><\/p>\n<p><span style=\"color: #000000;\">Clara Asterius<\/span><\/p>\n<p><span style=\"color: #000000;\">Dungeon master<\/span><\/p>\n<p><span style=\"color: #3366ff;\"><a style=\"color: #3366ff;\" href=\"mailto:kallarmastare-mit@ths.kth.se\">kallarmastare-mit@<\/a><a style=\"color: #3366ff;\" href=\"mailto:ordf-mit@ths.kth.se\">ths<\/a><a style=\"color: #3366ff;\" href=\"mailto:kallarmastare-mit@ths.kth.se\">.kth.se<\/a><\/span><\/p>\n<h1><span style=\"color: #000000;\"><strong>What is the Dungeon Guild?<\/strong><\/span><\/h1>\n<p><span style=\"color: #000000;\">The Dungeon Guild is a board that consists of engaged medicine- and electro-technologists with the task of keeping Tolvan in good condition. The Dungeon Guild is led by three Dungeon Masters: Dungeon Master sitting on the Board of Electro, Dungeon Master (E)(but can be a student from MiT!), and Dungeon Master (MiT).<\/span><\/p>\n<h2><span style=\"color: #000000;\"><strong>What does the Dungeon Guild do?<\/strong><\/span><\/h2>\n<p><span style=\"color: #000000;\">The Dungeon Guild consists of Dungeon Masters and their faithful Dungeon Elves. <\/span><\/p>\n<p><span style=\"color: #000000;\">It&#8217;s the Dungeon Master&#8217;s task to control the board and to arrange the Guild&#8217;s many events. One of these is the so-called &#8221;Fixarkv\u00e4llar&#8221;, a night where everyone is invited to join and help Tolvan become spotless and organized, while also getting a good insight into the student life at KTH.<\/span><\/p>\n<p><span style=\"color: #000000;\">The<\/span><span style=\"color: #000000;\"> Dungeon Elf is a position with more <span style=\"font-weight: 400;\">responsibility<\/span><span class=\"Y2IQFc\" lang=\"en\">, making sure that Tolvan stays fresh and stocked up during the school year. And with <span style=\"font-weight: 400;\">responsibility <\/span>comes amazing events! If you feel like this is to your liking, don&#8217;t hesitate to sign up to become a Dungeon Elf.<\/span><\/span><\/p>\n<p><span style=\"color: #000000;\">If you want more information about us or what we do, please go and check out our <span style=\"color: #3366ff;\"><a style=\"color: #3366ff;\" href=\"https:\/\/www.facebook.com\/Kallargillet?locale=en_GB\" target=\"_blank\" rel=\"noopener\">Facebook page<\/a><\/span> K\u00e4llargillet. Or when you&#8217;re already at it, go check out our beautiful <span style=\"color: #3366ff;\"><a style=\"color: #3366ff;\" href=\"https:\/\/www.instagram.com\/kallargillet\/\" target=\"_blank\" rel=\"noopener\">Instagram<\/a><\/span>. If you have any questions, don&#8217;t hesitate to mail us or grab your nearest Dungeon Master!<\/span><\/p>\n<p><span style=\"color: #000000;\">See you around!<\/span><\/p>\n<h3><strong><span style=\"color: #000000;\">Contact<\/span><\/strong><\/h3>\n<p><span style=\"color: #000000;\">Clara Asterius<\/span><\/p>\n<p><span style=\"color: #000000;\">Dungeon Master<\/span><\/p>\n<p><span style=\"color: #3366ff;\"><a style=\"color: #3366ff;\" href=\"mailto:kallarmastare-mit@ths.kth.se\">kallarmastare-mit@<\/a><a style=\"color: #3366ff;\" href=\"mailto:ordf-mit@ths.kth.se\">ths<\/a><\/span><a href=\"mailto:kallarmastare-mit@ths.kth.se\"><span style=\"color: #3366ff;\">.kth.se<\/span><\/a><\/p>\n\n<div class=\"wp-block-image\">\n<figure class=\"alignright size-full\"><img loading=\"lazy\" decoding=\"async\" width=\"225\" height=\"225\" src=\"https:\/\/www.mitsektionen.se\/wp-content\/uploads\/2025\/07\/images-removebg-preview.png\" alt=\"\" class=\"wp-image-8120\" srcset=\"https:\/\/www.mitsektionen.se\/wp-content\/uploads\/2025\/07\/images-removebg-preview.png 225w, https:\/\/www.mitsektionen.se\/wp-content\/uploads\/2025\/07\/images-removebg-preview-50x50.png 50w, https:\/\/www.mitsektionen.se\/wp-content\/uploads\/2025\/07\/images-removebg-preview-12x12.png 12w\" sizes=\"auto, (max-width: 225px) 100vw, 225px\" \/><\/figure>\n<\/div>\n\n\n<p><\/p>","protected":false},"excerpt":{"rendered":"<p>Vad \u00e4r K\u00e4llargillet?\u00a0 K\u00e4llargillet \u00e4r en n\u00e4mnd best\u00e5ende av engagerade studenter fr\u00e5n Sektionen f\u00f6r Medicinsk Teknik samt Konglig Elektrosektionen med uppgift att underh\u00e5lla den gemensamma sektionslokalen Tolvan. N\u00e4mnden leds av tre stycken K\u00e4llarm\u00e4stare: en sittandes i elektros styre, en fr\u00e5n elektro (men som kan s\u00f6kas av b\u00e5de elektro samt MiT!!), samt en fr\u00e5n MiT. \u00a0&nbsp;&hellip;<\/p>","protected":false},"author":16,"featured_media":4980,"parent":2759,"menu_order":4,"comment_status":"closed","ping_status":"closed","template":"","meta":{"footnotes":""},"class_list":["post-4220","page","type-page","status-publish","has-post-thumbnail","hentry"],"yoast_head":"<!-- This site is optimized with the Yoast SEO plugin v27.4 - https:\/\/yoast.com\/product\/yoast-seo-wordpress\/ -->\n<title>K\u00e4llargillet - Sektionen f\u00f6r Medicinsk Teknik<\/title>\n<meta name=\"description\" content=\"K\u00e4llargillet \u00e4r en n\u00e4mnd best\u00e5ende av studenter fr\u00e5n Sektionen f\u00f6r Medicinsk Teknik samt Konglig Elektrosektionen med uppgift att underh\u00e5lla den gemensamma sektionslokalen Tolvan. N\u00e4mnden leds av tre stycken K\u00e4llarm\u00e4stare: en sittandes i elektros styre, en fr\u00e5n elektro (men som kan s\u00f6kas av b\u00e5de elektro samt MiT!!), samt en fr\u00e5n MiT.\" \/>\n<meta name=\"robots\" content=\"index, follow, max-snippet:-1, max-image-preview:large, max-video-preview:-1\" \/>\n<link rel=\"canonical\" href=\"https:\/\/www.mitsektionen.se\/en\/namnder-2\/kallargillet\/\" \/>\n<meta property=\"og:locale\" content=\"en_US\" \/>\n<meta property=\"og:type\" content=\"article\" \/>\n<meta property=\"og:title\" content=\"K\u00e4llargillet - Sektionen f\u00f6r Medicinsk Teknik\" \/>\n<meta property=\"og:description\" content=\"K\u00e4llargillet \u00e4r en n\u00e4mnd best\u00e5ende av studenter fr\u00e5n Sektionen f\u00f6r Medicinsk Teknik samt Konglig Elektrosektionen med uppgift att underh\u00e5lla den gemensamma sektionslokalen Tolvan. N\u00e4mnden leds av tre stycken K\u00e4llarm\u00e4stare: en sittandes i elektros styre, en fr\u00e5n elektro (men som kan s\u00f6kas av b\u00e5de elektro samt MiT!!), samt en fr\u00e5n MiT.\" \/>\n<meta property=\"og:url\" content=\"https:\/\/www.mitsektionen.se\/en\/namnder-2\/kallargillet\/\" \/>\n<meta property=\"og:site_name\" content=\"Sektionen f\u00f6r Medicinsk Teknik\" \/>\n<meta property=\"article:publisher\" content=\"https:\/\/www.facebook.com\/profile.php?id=100063481543287\" \/>\n<meta property=\"article:modified_time\" content=\"2025-09-30T15:31:03+00:00\" \/>\n<meta property=\"og:image\" content=\"https:\/\/www.mitsektionen.se\/wp-content\/uploads\/2018\/05\/kg-e1575097566210.png\" \/>\n\t<meta property=\"og:image:width\" content=\"450\" \/>\n\t<meta property=\"og:image:height\" content=\"211\" \/>\n\t<meta property=\"og:image:type\" content=\"image\/png\" \/>\n<meta name=\"twitter:card\" content=\"summary_large_image\" \/>\n<meta name=\"twitter:label1\" content=\"Est. reading time\" \/>\n\t<meta name=\"twitter:data1\" content=\"3 minutes\" \/>\n<script type=\"application\/ld+json\" class=\"yoast-schema-graph\">{\"@context\":\"https:\\\/\\\/schema.org\",\"@graph\":[{\"@type\":\"WebPage\",\"@id\":\"https:\\\/\\\/www.mitsektionen.se\\\/namnder-2\\\/kallargillet\\\/\",\"url\":\"https:\\\/\\\/www.mitsektionen.se\\\/namnder-2\\\/kallargillet\\\/\",\"name\":\"K\u00e4llargillet - Sektionen f\u00f6r Medicinsk Teknik\",\"isPartOf\":{\"@id\":\"https:\\\/\\\/www.mitsektionen.se\\\/#website\"},\"primaryImageOfPage\":{\"@id\":\"https:\\\/\\\/www.mitsektionen.se\\\/namnder-2\\\/kallargillet\\\/#primaryimage\"},\"image\":{\"@id\":\"https:\\\/\\\/www.mitsektionen.se\\\/namnder-2\\\/kallargillet\\\/#primaryimage\"},\"thumbnailUrl\":\"https:\\\/\\\/www.mitsektionen.se\\\/wp-content\\\/uploads\\\/2018\\\/05\\\/kg-e1575097566210.png\",\"datePublished\":\"2018-05-11T23:57:05+00:00\",\"dateModified\":\"2025-09-30T15:31:03+00:00\",\"description\":\"K\u00e4llargillet \u00e4r en n\u00e4mnd best\u00e5ende av studenter fr\u00e5n Sektionen f\u00f6r Medicinsk Teknik samt Konglig Elektrosektionen med uppgift att underh\u00e5lla den gemensamma sektionslokalen Tolvan. N\u00e4mnden leds av tre stycken K\u00e4llarm\u00e4stare: en sittandes i elektros styre, en fr\u00e5n elektro (men som kan s\u00f6kas av b\u00e5de elektro samt MiT!!), samt en fr\u00e5n MiT.\",\"breadcrumb\":{\"@id\":\"https:\\\/\\\/www.mitsektionen.se\\\/namnder-2\\\/kallargillet\\\/#breadcrumb\"},\"inLanguage\":\"en-US\",\"potentialAction\":[{\"@type\":\"ReadAction\",\"target\":[\"https:\\\/\\\/www.mitsektionen.se\\\/namnder-2\\\/kallargillet\\\/\"]}]},{\"@type\":\"ImageObject\",\"inLanguage\":\"en-US\",\"@id\":\"https:\\\/\\\/www.mitsektionen.se\\\/namnder-2\\\/kallargillet\\\/#primaryimage\",\"url\":\"https:\\\/\\\/www.mitsektionen.se\\\/wp-content\\\/uploads\\\/2018\\\/05\\\/kg-e1575097566210.png\",\"contentUrl\":\"https:\\\/\\\/www.mitsektionen.se\\\/wp-content\\\/uploads\\\/2018\\\/05\\\/kg-e1575097566210.png\",\"width\":450,\"height\":211},{\"@type\":\"BreadcrumbList\",\"@id\":\"https:\\\/\\\/www.mitsektionen.se\\\/namnder-2\\\/kallargillet\\\/#breadcrumb\",\"itemListElement\":[{\"@type\":\"ListItem\",\"position\":1,\"name\":\"Hem\",\"item\":\"https:\\\/\\\/www.mitsektionen.se\\\/\"},{\"@type\":\"ListItem\",\"position\":2,\"name\":\"V\u00e5ra n\u00e4mnder\",\"item\":\"https:\\\/\\\/www.mitsektionen.se\\\/?page_id=2759\"},{\"@type\":\"ListItem\",\"position\":3,\"name\":\"K\u00e4llargillet\"}]},{\"@type\":\"WebSite\",\"@id\":\"https:\\\/\\\/www.mitsektionen.se\\\/#website\",\"url\":\"https:\\\/\\\/www.mitsektionen.se\\\/\",\"name\":\"Sektionen f\u00f6r Medicinsk Teknik\",\"description\":\"MedTech vid KTH\",\"publisher\":{\"@id\":\"https:\\\/\\\/www.mitsektionen.se\\\/#organization\"},\"potentialAction\":[{\"@type\":\"SearchAction\",\"target\":{\"@type\":\"EntryPoint\",\"urlTemplate\":\"https:\\\/\\\/www.mitsektionen.se\\\/?s={search_term_string}\"},\"query-input\":{\"@type\":\"PropertyValueSpecification\",\"valueRequired\":true,\"valueName\":\"search_term_string\"}}],\"inLanguage\":\"en-US\"},{\"@type\":\"Organization\",\"@id\":\"https:\\\/\\\/www.mitsektionen.se\\\/#organization\",\"name\":\"Sektionen f\u00f6r Medicinsk Teknik\",\"url\":\"https:\\\/\\\/www.mitsektionen.se\\\/\",\"logo\":{\"@type\":\"ImageObject\",\"inLanguage\":\"en-US\",\"@id\":\"https:\\\/\\\/www.mitsektionen.se\\\/#\\\/schema\\\/logo\\\/image\\\/\",\"url\":\"https:\\\/\\\/www.mitsektionen.se\\\/wp-content\\\/uploads\\\/2018\\\/05\\\/cropped-loggamit.png\",\"contentUrl\":\"https:\\\/\\\/www.mitsektionen.se\\\/wp-content\\\/uploads\\\/2018\\\/05\\\/cropped-loggamit.png\",\"width\":2361,\"height\":2385,\"caption\":\"Sektionen f\u00f6r Medicinsk Teknik\"},\"image\":{\"@id\":\"https:\\\/\\\/www.mitsektionen.se\\\/#\\\/schema\\\/logo\\\/image\\\/\"},\"sameAs\":[\"https:\\\/\\\/www.facebook.com\\\/profile.php?id=100063481543287\",\"https:\\\/\\\/www.instagram.com\\\/mitsektionen\\\/\",\"https:\\\/\\\/ca.linkedin.com\\\/company\\\/sektionen-fr-medicinsk-teknik\"]}]}<\/script>\n<!-- \/ Yoast SEO plugin. -->","yoast_head_json":{"title":"K\u00e4llargillet - Sektionen f\u00f6r Medicinsk Teknik","description":"K\u00e4llargillet \u00e4r en n\u00e4mnd best\u00e5ende av studenter fr\u00e5n Sektionen f\u00f6r Medicinsk Teknik samt Konglig Elektrosektionen med uppgift att underh\u00e5lla den gemensamma sektionslokalen Tolvan. N\u00e4mnden leds av tre stycken K\u00e4llarm\u00e4stare: en sittandes i elektros styre, en fr\u00e5n elektro (men som kan s\u00f6kas av b\u00e5de elektro samt MiT!!), samt en fr\u00e5n MiT.","robots":{"index":"index","follow":"follow","max-snippet":"max-snippet:-1","max-image-preview":"max-image-preview:large","max-video-preview":"max-video-preview:-1"},"canonical":"https:\/\/www.mitsektionen.se\/en\/namnder-2\/kallargillet\/","og_locale":"en_US","og_type":"article","og_title":"K\u00e4llargillet - Sektionen f\u00f6r Medicinsk Teknik","og_description":"K\u00e4llargillet \u00e4r en n\u00e4mnd best\u00e5ende av studenter fr\u00e5n Sektionen f\u00f6r Medicinsk Teknik samt Konglig Elektrosektionen med uppgift att underh\u00e5lla den gemensamma sektionslokalen Tolvan. N\u00e4mnden leds av tre stycken K\u00e4llarm\u00e4stare: en sittandes i elektros styre, en fr\u00e5n elektro (men som kan s\u00f6kas av b\u00e5de elektro samt MiT!!), samt en fr\u00e5n MiT.","og_url":"https:\/\/www.mitsektionen.se\/en\/namnder-2\/kallargillet\/","og_site_name":"Sektionen f\u00f6r Medicinsk Teknik","article_publisher":"https:\/\/www.facebook.com\/profile.php?id=100063481543287","article_modified_time":"2025-09-30T15:31:03+00:00","og_image":[{"width":450,"height":211,"url":"https:\/\/www.mitsektionen.se\/wp-content\/uploads\/2018\/05\/kg-e1575097566210.png","type":"image\/png"}],"twitter_card":"summary_large_image","twitter_misc":{"Est. reading time":"3 minutes"},"schema":{"@context":"https:\/\/schema.org","@graph":[{"@type":"WebPage","@id":"https:\/\/www.mitsektionen.se\/namnder-2\/kallargillet\/","url":"https:\/\/www.mitsektionen.se\/namnder-2\/kallargillet\/","name":"K\u00e4llargillet - Sektionen f\u00f6r Medicinsk Teknik","isPartOf":{"@id":"https:\/\/www.mitsektionen.se\/#website"},"primaryImageOfPage":{"@id":"https:\/\/www.mitsektionen.se\/namnder-2\/kallargillet\/#primaryimage"},"image":{"@id":"https:\/\/www.mitsektionen.se\/namnder-2\/kallargillet\/#primaryimage"},"thumbnailUrl":"https:\/\/www.mitsektionen.se\/wp-content\/uploads\/2018\/05\/kg-e1575097566210.png","datePublished":"2018-05-11T23:57:05+00:00","dateModified":"2025-09-30T15:31:03+00:00","description":"K\u00e4llargillet \u00e4r en n\u00e4mnd best\u00e5ende av studenter fr\u00e5n Sektionen f\u00f6r Medicinsk Teknik samt Konglig Elektrosektionen med uppgift att underh\u00e5lla den gemensamma sektionslokalen Tolvan. N\u00e4mnden leds av tre stycken K\u00e4llarm\u00e4stare: en sittandes i elektros styre, en fr\u00e5n elektro (men som kan s\u00f6kas av b\u00e5de elektro samt MiT!!), samt en fr\u00e5n MiT.","breadcrumb":{"@id":"https:\/\/www.mitsektionen.se\/namnder-2\/kallargillet\/#breadcrumb"},"inLanguage":"en-US","potentialAction":[{"@type":"ReadAction","target":["https:\/\/www.mitsektionen.se\/namnder-2\/kallargillet\/"]}]},{"@type":"ImageObject","inLanguage":"en-US","@id":"https:\/\/www.mitsektionen.se\/namnder-2\/kallargillet\/#primaryimage","url":"https:\/\/www.mitsektionen.se\/wp-content\/uploads\/2018\/05\/kg-e1575097566210.png","contentUrl":"https:\/\/www.mitsektionen.se\/wp-content\/uploads\/2018\/05\/kg-e1575097566210.png","width":450,"height":211},{"@type":"BreadcrumbList","@id":"https:\/\/www.mitsektionen.se\/namnder-2\/kallargillet\/#breadcrumb","itemListElement":[{"@type":"ListItem","position":1,"name":"Hem","item":"https:\/\/www.mitsektionen.se\/"},{"@type":"ListItem","position":2,"name":"V\u00e5ra n\u00e4mnder","item":"https:\/\/www.mitsektionen.se\/?page_id=2759"},{"@type":"ListItem","position":3,"name":"K\u00e4llargillet"}]},{"@type":"WebSite","@id":"https:\/\/www.mitsektionen.se\/#website","url":"https:\/\/www.mitsektionen.se\/","name":"The Chapter of Medical Engineering","description":"MedTech vid KTH","publisher":{"@id":"https:\/\/www.mitsektionen.se\/#organization"},"potentialAction":[{"@type":"SearchAction","target":{"@type":"EntryPoint","urlTemplate":"https:\/\/www.mitsektionen.se\/?s={search_term_string}"},"query-input":{"@type":"PropertyValueSpecification","valueRequired":true,"valueName":"search_term_string"}}],"inLanguage":"en-US"},{"@type":"Organization","@id":"https:\/\/www.mitsektionen.se\/#organization","name":"The Chapter of Medical Engineering","url":"https:\/\/www.mitsektionen.se\/","logo":{"@type":"ImageObject","inLanguage":"en-US","@id":"https:\/\/www.mitsektionen.se\/#\/schema\/logo\/image\/","url":"https:\/\/www.mitsektionen.se\/wp-content\/uploads\/2018\/05\/cropped-loggamit.png","contentUrl":"https:\/\/www.mitsektionen.se\/wp-content\/uploads\/2018\/05\/cropped-loggamit.png","width":2361,"height":2385,"caption":"Sektionen f\u00f6r Medicinsk Teknik"},"image":{"@id":"https:\/\/www.mitsektionen.se\/#\/schema\/logo\/image\/"},"sameAs":["https:\/\/www.facebook.com\/profile.php?id=100063481543287","https:\/\/www.instagram.com\/mitsektionen\/","https:\/\/ca.linkedin.com\/company\/sektionen-fr-medicinsk-teknik"]}]}},"_links":{"self":[{"href":"https:\/\/www.mitsektionen.se\/en\/wp-json\/wp\/v2\/pages\/4220","targetHints":{"allow":["GET"]}}],"collection":[{"href":"https:\/\/www.mitsektionen.se\/en\/wp-json\/wp\/v2\/pages"}],"about":[{"href":"https:\/\/www.mitsektionen.se\/en\/wp-json\/wp\/v2\/types\/page"}],"author":[{"embeddable":true,"href":"https:\/\/www.mitsektionen.se\/en\/wp-json\/wp\/v2\/users\/16"}],"replies":[{"embeddable":true,"href":"https:\/\/www.mitsektionen.se\/en\/wp-json\/wp\/v2\/comments?post=4220"}],"version-history":[{"count":11,"href":"https:\/\/www.mitsektionen.se\/en\/wp-json\/wp\/v2\/pages\/4220\/revisions"}],"predecessor-version":[{"id":8265,"href":"https:\/\/www.mitsektionen.se\/en\/wp-json\/wp\/v2\/pages\/4220\/revisions\/8265"}],"up":[{"embeddable":true,"href":"https:\/\/www.mitsektionen.se\/en\/wp-json\/wp\/v2\/pages\/2759"}],"wp:featuredmedia":[{"embeddable":true,"href":"https:\/\/www.mitsektionen.se\/en\/wp-json\/wp\/v2\/media\/4980"}],"wp:attachment":[{"href":"https:\/\/www.mitsektionen.se\/en\/wp-json\/wp\/v2\/media?parent=4220"}],"curies":[{"name":"wp","href":"https:\/\/api.w.org\/{rel}","templated":true}]}}