{"id":5053,"date":"2020-02-17T17:37:28","date_gmt":"2020-02-17T16:37:28","guid":{"rendered":"https:\/\/www.mitsektionen.se\/?page_id=5053"},"modified":"2026-03-27T11:33:39","modified_gmt":"2026-03-27T10:33:39","slug":"jml-gruppen","status":"publish","type":"page","link":"https:\/\/www.mitsektionen.se\/en\/namnder-2\/jml-gruppen\/","title":{"rendered":"Equality Committee"},"content":{"rendered":"<p>The equality commitee is the part of the chapter which works with equality, diversity and equal treatmeant. We search, find, investigate and solves the social issues at the chapter. Our goal is that everyone should feel safe and welcome at the chapter. <\/p>\n\n\n\n<p><br><strong>JML-gruppen 2025 <br><\/strong>Julia Espmark Oldin &#8211; Ordf\u00f6rande f\u00f6r JML-gruppen<br>Hanna Everbrand &#8211; JML-ansvarig i styrelsen<br>Nova Bark &#8211; Studerandeskyddsombud<\/p>\n\n\n\n<p><strong>Follow us at instagram: <\/strong><a href=\"https:\/\/www.instagram.com\/undersammatak\/\" data-type=\"URL\" data-id=\"https:\/\/www.instagram.com\/undersammatak\/\">@undersammatak<\/a> <\/p>\n\n\n\n<p><strong>Contact:<\/strong><\/p>\n\n\n\n<p><a href=\"mailto:jml-mit@ths.kth.se\">jml-mit@ths.kth.se<\/a> (Ordf\u00f6rande f\u00f6r JML-gruppen: Julia Espmark Oldin)<\/p>\n\n\n\n<p><a href=\"mailto:skyddsombud-mit@ths.kth.se\" target=\"_blank\" rel=\"noreferrer noopener\">skyddsombud-mit@ths.kth.se<\/a>&nbsp;(Studerandeskyddsombud: Nova Bark)<\/p>\n\n\n\n<p><\/p>\n\n\n\n<p><\/p>\n\n\n\n<p><em>Om du vill anm\u00e4la en incident som du har varit med om eller bevittnat kontakta d\u00e5 SSO via detta <a href=\"https:\/\/docs.google.com\/forms\/d\/e\/1FAIpQLSee5HllEzBoHChAkt8rrlA8yco79snk0eNNVnwNqXnezkuPVg\/viewform?usp=dialog\">formul\u00e4r<\/a><\/em><\/p>\n\n\n\n<p><em>Om du vill kontakta JML-ordf\u00f6rande (b\u00e5de elektro och medtek) kan du h\u00f6ra av dig till dem via detta <a href=\"https:\/\/docs.google.com\/forms\/d\/e\/1FAIpQLSfO5tn7AmBuUN6Ao6RMBDcbQrwxlau4ykWrqy4yxJSKmuzN2w\/viewform\">formul\u00e4r<\/a><\/em><\/p>\n\n\n\n<p><a href=\"https:\/\/www.mitsektionen.se\/wp-content\/uploads\/2025\/11\/Policy-for-hantering-av-arenden-for-SSO-1.pdf\">Policy f\u00f6r Hantering av \u00e4renden f\u00f6r SSO<\/a> <\/p>\n\n\n\n<p><\/p>\n\n\n\n<ul class=\"wp-block-social-links has-visible-labels is-style-logos-only is-content-justification-center is-layout-flex wp-container-core-social-links-is-layout-16018d1d wp-block-social-links-is-layout-flex\"><li class=\"wp-social-link wp-social-link-instagram  wp-block-social-link\"><a rel=\"noopener nofollow\" target=\"_blank\" href=\"https:\/\/www.instagram.com\/undersammatak\/\" class=\"wp-block-social-link-anchor\"><svg width=\"24\" height=\"24\" viewbox=\"0 0 24 24\" version=\"1.1\" xmlns=\"http:\/\/www.w3.org\/2000\/svg\" aria-hidden=\"true\" focusable=\"false\"><path d=\"M12,4.622c2.403,0,2.688,0.009,3.637,0.052c0.877,0.04,1.354,0.187,1.671,0.31c0.42,0.163,0.72,0.358,1.035,0.673 c0.315,0.315,0.51,0.615,0.673,1.035c0.123,0.317,0.27,0.794,0.31,1.671c0.043,0.949,0.052,1.234,0.052,3.637 s-0.009,2.688-0.052,3.637c-0.04,0.877-0.187,1.354-0.31,1.671c-0.163,0.42-0.358,0.72-0.673,1.035 c-0.315,0.315-0.615,0.51-1.035,0.673c-0.317,0.123-0.794,0.27-1.671,0.31c-0.949,0.043-1.233,0.052-3.637,0.052 s-2.688-0.009-3.637-0.052c-0.877-0.04-1.354-0.187-1.671-0.31c-0.42-0.163-0.72-0.358-1.035-0.673 c-0.315-0.315-0.51-0.615-0.673-1.035c-0.123-0.317-0.27-0.794-0.31-1.671C4.631,14.688,4.622,14.403,4.622,12 s0.009-2.688,0.052-3.637c0.04-0.877,0.187-1.354,0.31-1.671c0.163-0.42,0.358-0.72,0.673-1.035 c0.315-0.315,0.615-0.51,1.035-0.673c0.317-0.123,0.794-0.27,1.671-0.31C9.312,4.631,9.597,4.622,12,4.622 M12,3 C9.556,3,9.249,3.01,8.289,3.054C7.331,3.098,6.677,3.25,6.105,3.472C5.513,3.702,5.011,4.01,4.511,4.511 c-0.5,0.5-0.808,1.002-1.038,1.594C3.25,6.677,3.098,7.331,3.054,8.289C3.01,9.249,3,9.556,3,12c0,2.444,0.01,2.751,0.054,3.711 c0.044,0.958,0.196,1.612,0.418,2.185c0.23,0.592,0.538,1.094,1.038,1.594c0.5,0.5,1.002,0.808,1.594,1.038 c0.572,0.222,1.227,0.375,2.185,0.418C9.249,20.99,9.556,21,12,21s2.751-0.01,3.711-0.054c0.958-0.044,1.612-0.196,2.185-0.418 c0.592-0.23,1.094-0.538,1.594-1.038c0.5-0.5,0.808-1.002,1.038-1.594c0.222-0.572,0.375-1.227,0.418-2.185 C20.99,14.751,21,14.444,21,12s-0.01-2.751-0.054-3.711c-0.044-0.958-0.196-1.612-0.418-2.185c-0.23-0.592-0.538-1.094-1.038-1.594 c-0.5-0.5-1.002-0.808-1.594-1.038c-0.572-0.222-1.227-0.375-2.185-0.418C14.751,3.01,14.444,3,12,3L12,3z M12,7.378 c-2.552,0-4.622,2.069-4.622,4.622S9.448,16.622,12,16.622s4.622-2.069,4.622-4.622S14.552,7.378,12,7.378z M12,15 c-1.657,0-3-1.343-3-3s1.343-3,3-3s3,1.343,3,3S13.657,15,12,15z M16.804,6.116c-0.596,0-1.08,0.484-1.08,1.08 s0.484,1.08,1.08,1.08c0.596,0,1.08-0.484,1.08-1.08S17.401,6.116,16.804,6.116z\"><\/path><\/svg><span class=\"wp-block-social-link-label\">undersammatak<\/span><\/a><\/li><\/ul>","protected":false},"excerpt":{"rendered":"<p>JML-gruppen \u00e4r en n\u00e4mnd p\u00e5 sektionen som arbetar f\u00f6r j\u00e4mlikhet, m\u00e5ngfald och likabehandling. Vi letar, hittar, utreder och l\u00f6ser de sociala problem som finns p\u00e5 sektionen med. Vi jobbar f\u00f6r att alla ska trivas p\u00e5 sektionen. JML-gruppen 2025 Julia Espmark Oldin &#8211; Ordf\u00f6rande f\u00f6r JML-gruppenHanna Everbrand &#8211; JML-ansvarig i styrelsenNova Bark &#8211; Studerandeskyddsombud F\u00f6lj oss&nbsp;&hellip;<\/p>","protected":false},"author":19,"featured_media":5056,"parent":2759,"menu_order":1,"comment_status":"closed","ping_status":"closed","template":"","meta":{"footnotes":""},"class_list":["post-5053","page","type-page","status-publish","has-post-thumbnail","hentry"],"yoast_head":"<!-- This site is optimized with the Yoast SEO plugin v27.4 - https:\/\/yoast.com\/product\/yoast-seo-wordpress\/ -->\n<title>JML-gruppen - Sektionen f\u00f6r Medicinsk Teknik<\/title>\n<meta name=\"description\" content=\"JML-gruppen \u00e4r en n\u00e4mnd p\u00e5 sektionen som arbetar f\u00f6r j\u00e4mlikhet, m\u00e5ngfald och likabehandling. Vi letar, hittar, utreder och l\u00f6ser de sociala problem som finns p\u00e5 sektionen med. Vi jobbar f\u00f6r att alla ska trivas p\u00e5 sektionen.\" \/>\n<meta name=\"robots\" content=\"index, follow, max-snippet:-1, max-image-preview:large, max-video-preview:-1\" \/>\n<link rel=\"canonical\" href=\"https:\/\/www.mitsektionen.se\/en\/namnder-2\/jml-gruppen\/\" \/>\n<meta property=\"og:locale\" content=\"en_US\" \/>\n<meta property=\"og:type\" content=\"article\" \/>\n<meta property=\"og:title\" content=\"JML-gruppen - Sektionen f\u00f6r Medicinsk Teknik\" \/>\n<meta property=\"og:description\" content=\"JML-gruppen \u00e4r en n\u00e4mnd p\u00e5 sektionen som arbetar f\u00f6r j\u00e4mlikhet, m\u00e5ngfald och likabehandling. Vi letar, hittar, utreder och l\u00f6ser de sociala problem som finns p\u00e5 sektionen med. Vi jobbar f\u00f6r att alla ska trivas p\u00e5 sektionen.\" \/>\n<meta property=\"og:url\" content=\"https:\/\/www.mitsektionen.se\/en\/namnder-2\/jml-gruppen\/\" \/>\n<meta property=\"og:site_name\" content=\"Sektionen f\u00f6r Medicinsk Teknik\" \/>\n<meta property=\"article:publisher\" content=\"https:\/\/www.facebook.com\/profile.php?id=100063481543287\" \/>\n<meta property=\"article:modified_time\" content=\"2026-03-27T10:33:39+00:00\" \/>\n<meta property=\"og:image\" content=\"https:\/\/www.mitsektionen.se\/wp-content\/uploads\/2020\/02\/jml-e1581959510410.png\" \/>\n\t<meta property=\"og:image:width\" content=\"250\" \/>\n\t<meta property=\"og:image:height\" content=\"250\" \/>\n\t<meta property=\"og:image:type\" content=\"image\/png\" \/>\n<meta name=\"twitter:card\" content=\"summary_large_image\" \/>\n<meta name=\"twitter:label1\" content=\"Est. reading time\" \/>\n\t<meta name=\"twitter:data1\" content=\"1 minute\" \/>\n<script type=\"application\/ld+json\" class=\"yoast-schema-graph\">{\"@context\":\"https:\\\/\\\/schema.org\",\"@graph\":[{\"@type\":\"WebPage\",\"@id\":\"https:\\\/\\\/www.mitsektionen.se\\\/namnder-2\\\/jml-gruppen\\\/\",\"url\":\"https:\\\/\\\/www.mitsektionen.se\\\/namnder-2\\\/jml-gruppen\\\/\",\"name\":\"JML-gruppen - Sektionen f\u00f6r Medicinsk Teknik\",\"isPartOf\":{\"@id\":\"https:\\\/\\\/www.mitsektionen.se\\\/#website\"},\"primaryImageOfPage\":{\"@id\":\"https:\\\/\\\/www.mitsektionen.se\\\/namnder-2\\\/jml-gruppen\\\/#primaryimage\"},\"image\":{\"@id\":\"https:\\\/\\\/www.mitsektionen.se\\\/namnder-2\\\/jml-gruppen\\\/#primaryimage\"},\"thumbnailUrl\":\"https:\\\/\\\/www.mitsektionen.se\\\/wp-content\\\/uploads\\\/2020\\\/02\\\/jml-e1581959510410.png\",\"datePublished\":\"2020-02-17T16:37:28+00:00\",\"dateModified\":\"2026-03-27T10:33:39+00:00\",\"description\":\"JML-gruppen \u00e4r en n\u00e4mnd p\u00e5 sektionen som arbetar f\u00f6r j\u00e4mlikhet, m\u00e5ngfald och likabehandling. Vi letar, hittar, utreder och l\u00f6ser de sociala problem som finns p\u00e5 sektionen med. Vi jobbar f\u00f6r att alla ska trivas p\u00e5 sektionen.\",\"breadcrumb\":{\"@id\":\"https:\\\/\\\/www.mitsektionen.se\\\/namnder-2\\\/jml-gruppen\\\/#breadcrumb\"},\"inLanguage\":\"en-US\",\"potentialAction\":[{\"@type\":\"ReadAction\",\"target\":[\"https:\\\/\\\/www.mitsektionen.se\\\/namnder-2\\\/jml-gruppen\\\/\"]}]},{\"@type\":\"ImageObject\",\"inLanguage\":\"en-US\",\"@id\":\"https:\\\/\\\/www.mitsektionen.se\\\/namnder-2\\\/jml-gruppen\\\/#primaryimage\",\"url\":\"https:\\\/\\\/www.mitsektionen.se\\\/wp-content\\\/uploads\\\/2020\\\/02\\\/jml-e1581959510410.png\",\"contentUrl\":\"https:\\\/\\\/www.mitsektionen.se\\\/wp-content\\\/uploads\\\/2020\\\/02\\\/jml-e1581959510410.png\",\"width\":250,\"height\":250},{\"@type\":\"BreadcrumbList\",\"@id\":\"https:\\\/\\\/www.mitsektionen.se\\\/namnder-2\\\/jml-gruppen\\\/#breadcrumb\",\"itemListElement\":[{\"@type\":\"ListItem\",\"position\":1,\"name\":\"Hem\",\"item\":\"https:\\\/\\\/www.mitsektionen.se\\\/\"},{\"@type\":\"ListItem\",\"position\":2,\"name\":\"V\u00e5ra n\u00e4mnder\",\"item\":\"https:\\\/\\\/www.mitsektionen.se\\\/?page_id=2759\"},{\"@type\":\"ListItem\",\"position\":3,\"name\":\"JML-gruppen\"}]},{\"@type\":\"WebSite\",\"@id\":\"https:\\\/\\\/www.mitsektionen.se\\\/#website\",\"url\":\"https:\\\/\\\/www.mitsektionen.se\\\/\",\"name\":\"Sektionen f\u00f6r Medicinsk Teknik\",\"description\":\"MedTech vid KTH\",\"publisher\":{\"@id\":\"https:\\\/\\\/www.mitsektionen.se\\\/#organization\"},\"potentialAction\":[{\"@type\":\"SearchAction\",\"target\":{\"@type\":\"EntryPoint\",\"urlTemplate\":\"https:\\\/\\\/www.mitsektionen.se\\\/?s={search_term_string}\"},\"query-input\":{\"@type\":\"PropertyValueSpecification\",\"valueRequired\":true,\"valueName\":\"search_term_string\"}}],\"inLanguage\":\"en-US\"},{\"@type\":\"Organization\",\"@id\":\"https:\\\/\\\/www.mitsektionen.se\\\/#organization\",\"name\":\"Sektionen f\u00f6r Medicinsk Teknik\",\"url\":\"https:\\\/\\\/www.mitsektionen.se\\\/\",\"logo\":{\"@type\":\"ImageObject\",\"inLanguage\":\"en-US\",\"@id\":\"https:\\\/\\\/www.mitsektionen.se\\\/#\\\/schema\\\/logo\\\/image\\\/\",\"url\":\"https:\\\/\\\/www.mitsektionen.se\\\/wp-content\\\/uploads\\\/2018\\\/05\\\/cropped-loggamit.png\",\"contentUrl\":\"https:\\\/\\\/www.mitsektionen.se\\\/wp-content\\\/uploads\\\/2018\\\/05\\\/cropped-loggamit.png\",\"width\":2361,\"height\":2385,\"caption\":\"Sektionen f\u00f6r Medicinsk Teknik\"},\"image\":{\"@id\":\"https:\\\/\\\/www.mitsektionen.se\\\/#\\\/schema\\\/logo\\\/image\\\/\"},\"sameAs\":[\"https:\\\/\\\/www.facebook.com\\\/profile.php?id=100063481543287\",\"https:\\\/\\\/www.instagram.com\\\/mitsektionen\\\/\",\"https:\\\/\\\/ca.linkedin.com\\\/company\\\/sektionen-fr-medicinsk-teknik\"]}]}<\/script>\n<!-- \/ Yoast SEO plugin. -->","yoast_head_json":{"title":"JML-gruppen - Sektionen f\u00f6r Medicinsk Teknik","description":"The equality commitee is the part of the chapter which works with equality, diversity and equal treatmeant. We search, find, investigate and solves the social issues at the chapter. Our goal is that everyone should feel safe and welcome at the chapter.","robots":{"index":"index","follow":"follow","max-snippet":"max-snippet:-1","max-image-preview":"max-image-preview:large","max-video-preview":"max-video-preview:-1"},"canonical":"https:\/\/www.mitsektionen.se\/en\/namnder-2\/jml-gruppen\/","og_locale":"en_US","og_type":"article","og_title":"JML-gruppen - Sektionen f\u00f6r Medicinsk Teknik","og_description":"JML-gruppen \u00e4r en n\u00e4mnd p\u00e5 sektionen som arbetar f\u00f6r j\u00e4mlikhet, m\u00e5ngfald och likabehandling. Vi letar, hittar, utreder och l\u00f6ser de sociala problem som finns p\u00e5 sektionen med. Vi jobbar f\u00f6r att alla ska trivas p\u00e5 sektionen.","og_url":"https:\/\/www.mitsektionen.se\/en\/namnder-2\/jml-gruppen\/","og_site_name":"Sektionen f\u00f6r Medicinsk Teknik","article_publisher":"https:\/\/www.facebook.com\/profile.php?id=100063481543287","article_modified_time":"2026-03-27T10:33:39+00:00","og_image":[{"width":250,"height":250,"url":"https:\/\/www.mitsektionen.se\/wp-content\/uploads\/2020\/02\/jml-e1581959510410.png","type":"image\/png"}],"twitter_card":"summary_large_image","twitter_misc":{"Est. reading time":"1 minute"},"schema":{"@context":"https:\/\/schema.org","@graph":[{"@type":"WebPage","@id":"https:\/\/www.mitsektionen.se\/namnder-2\/jml-gruppen\/","url":"https:\/\/www.mitsektionen.se\/namnder-2\/jml-gruppen\/","name":"JML-gruppen - Sektionen f\u00f6r Medicinsk Teknik","isPartOf":{"@id":"https:\/\/www.mitsektionen.se\/#website"},"primaryImageOfPage":{"@id":"https:\/\/www.mitsektionen.se\/namnder-2\/jml-gruppen\/#primaryimage"},"image":{"@id":"https:\/\/www.mitsektionen.se\/namnder-2\/jml-gruppen\/#primaryimage"},"thumbnailUrl":"https:\/\/www.mitsektionen.se\/wp-content\/uploads\/2020\/02\/jml-e1581959510410.png","datePublished":"2020-02-17T16:37:28+00:00","dateModified":"2026-03-27T10:33:39+00:00","description":"The equality commitee is the part of the chapter which works with equality, diversity and equal treatmeant. We search, find, investigate and solves the social issues at the chapter. Our goal is that everyone should feel safe and welcome at the chapter.","breadcrumb":{"@id":"https:\/\/www.mitsektionen.se\/namnder-2\/jml-gruppen\/#breadcrumb"},"inLanguage":"en-US","potentialAction":[{"@type":"ReadAction","target":["https:\/\/www.mitsektionen.se\/namnder-2\/jml-gruppen\/"]}]},{"@type":"ImageObject","inLanguage":"en-US","@id":"https:\/\/www.mitsektionen.se\/namnder-2\/jml-gruppen\/#primaryimage","url":"https:\/\/www.mitsektionen.se\/wp-content\/uploads\/2020\/02\/jml-e1581959510410.png","contentUrl":"https:\/\/www.mitsektionen.se\/wp-content\/uploads\/2020\/02\/jml-e1581959510410.png","width":250,"height":250},{"@type":"BreadcrumbList","@id":"https:\/\/www.mitsektionen.se\/namnder-2\/jml-gruppen\/#breadcrumb","itemListElement":[{"@type":"ListItem","position":1,"name":"Hem","item":"https:\/\/www.mitsektionen.se\/"},{"@type":"ListItem","position":2,"name":"V\u00e5ra n\u00e4mnder","item":"https:\/\/www.mitsektionen.se\/?page_id=2759"},{"@type":"ListItem","position":3,"name":"JML-gruppen"}]},{"@type":"WebSite","@id":"https:\/\/www.mitsektionen.se\/#website","url":"https:\/\/www.mitsektionen.se\/","name":"The Chapter of Medical Engineering","description":"MedTech vid KTH","publisher":{"@id":"https:\/\/www.mitsektionen.se\/#organization"},"potentialAction":[{"@type":"SearchAction","target":{"@type":"EntryPoint","urlTemplate":"https:\/\/www.mitsektionen.se\/?s={search_term_string}"},"query-input":{"@type":"PropertyValueSpecification","valueRequired":true,"valueName":"search_term_string"}}],"inLanguage":"en-US"},{"@type":"Organization","@id":"https:\/\/www.mitsektionen.se\/#organization","name":"The Chapter of Medical Engineering","url":"https:\/\/www.mitsektionen.se\/","logo":{"@type":"ImageObject","inLanguage":"en-US","@id":"https:\/\/www.mitsektionen.se\/#\/schema\/logo\/image\/","url":"https:\/\/www.mitsektionen.se\/wp-content\/uploads\/2018\/05\/cropped-loggamit.png","contentUrl":"https:\/\/www.mitsektionen.se\/wp-content\/uploads\/2018\/05\/cropped-loggamit.png","width":2361,"height":2385,"caption":"Sektionen f\u00f6r Medicinsk Teknik"},"image":{"@id":"https:\/\/www.mitsektionen.se\/#\/schema\/logo\/image\/"},"sameAs":["https:\/\/www.facebook.com\/profile.php?id=100063481543287","https:\/\/www.instagram.com\/mitsektionen\/","https:\/\/ca.linkedin.com\/company\/sektionen-fr-medicinsk-teknik"]}]}},"_links":{"self":[{"href":"https:\/\/www.mitsektionen.se\/en\/wp-json\/wp\/v2\/pages\/5053","targetHints":{"allow":["GET"]}}],"collection":[{"href":"https:\/\/www.mitsektionen.se\/en\/wp-json\/wp\/v2\/pages"}],"about":[{"href":"https:\/\/www.mitsektionen.se\/en\/wp-json\/wp\/v2\/types\/page"}],"author":[{"embeddable":true,"href":"https:\/\/www.mitsektionen.se\/en\/wp-json\/wp\/v2\/users\/19"}],"replies":[{"embeddable":true,"href":"https:\/\/www.mitsektionen.se\/en\/wp-json\/wp\/v2\/comments?post=5053"}],"version-history":[{"count":20,"href":"https:\/\/www.mitsektionen.se\/en\/wp-json\/wp\/v2\/pages\/5053\/revisions"}],"predecessor-version":[{"id":14542,"href":"https:\/\/www.mitsektionen.se\/en\/wp-json\/wp\/v2\/pages\/5053\/revisions\/14542"}],"up":[{"embeddable":true,"href":"https:\/\/www.mitsektionen.se\/en\/wp-json\/wp\/v2\/pages\/2759"}],"wp:featuredmedia":[{"embeddable":true,"href":"https:\/\/www.mitsektionen.se\/en\/wp-json\/wp\/v2\/media\/5056"}],"wp:attachment":[{"href":"https:\/\/www.mitsektionen.se\/en\/wp-json\/wp\/v2\/media?parent=5053"}],"curies":[{"name":"wp","href":"https:\/\/api.w.org\/{rel}","templated":true}]}}