{"id":5311,"date":"2020-09-13T21:16:54","date_gmt":"2020-09-13T19:16:54","guid":{"rendered":"https:\/\/www.mitsektionen.se\/?page_id=5311"},"modified":"2022-07-13T16:25:17","modified_gmt":"2022-07-13T14:25:17","slug":"valfria-kurser","status":"publish","type":"page","link":"https:\/\/www.mitsektionen.se\/en\/namnder-2\/msn-2\/valfria-kurser\/","title":{"rendered":"Valfria kurser"},"content":{"rendered":"<p>Vi i studien\u00e4mnden har uppm\u00e4rksammat att det, vid val av kurser, finns en sm\u00e4rre f\u00f6rvirring och hj\u00e4lpl\u00f6shet hos studenter. Vi vill d\u00e4rf\u00f6r f\u00f6rs\u00f6ka lysa upp tillvaron med ett mindre stearinljus. <\/p>\n\n\n\n<p><strong>Tips n\u00e4r du som f\u00f6rvirrad student ska v\u00e4lja kurser<\/strong><\/p>\n\n\n\n<p>Vet du vad du vill l\u00e4sa f\u00f6r master? Kolla om de kurser som kommer p\u00e5 mastern har krav p\u00e5 tidigare kurser man ska ha l\u00e4st. Vill du v\u00e4lja en master utanf\u00f6r programmet kan det vara bra att kolla om det finns specifika krav f\u00f6r att f\u00e5 s\u00f6ka mastern. Exempelvis f\u00f6r master i maskininl\u00e4rning kr\u00e4vs det att man l\u00e4st en kurs i algoritmer och datastrukturer.<\/p>\n\n\n\n<p>K\u00e4nner du dig \u00f6verv\u00e4ldigad? Kursvalet definierar inte din utbildning och heller inte vem du \u00e4r ;), men det kan vara bra att ge det en extra tankeomg\u00e5ng, h\u00e4r \u00e4r d\u00e4rf\u00f6r n\u00e5gra bra fr\u00e5gor att besvara: <\/p>\n\n\n\n<ul class=\"wp-block-list\"><li>Vad har du f\u00f6r intressen? Matematik? Fysik? Programmering? Medicin? <\/li><li>Hur stor vill du att arbetsbelastningen ska vara? <\/li><li>Vad har varit de roligaste kurserna p\u00e5 KTH och denna utbildning hittills? Finns det n\u00e5gon f\u00f6rdjupningskurs f\u00f6r dessa? <\/li><li>Vad finns det f\u00f6r beh\u00f6righetskrav p\u00e5 masterkurserna?<\/li><li>Planerar du att studera utomlands? Spana in n\u00e5gra spr\u00e5kkurser! <\/li><\/ul>\n\n\n\n<p>Vissa kurser kommer ni uppt\u00e4cka inte g\u00e5r att s\u00f6ka p\u00e5 antagning.se, kontakta studiev\u00e4gledaren om det g\u00e5r att bli antagen p\u00e5 annat s\u00e4tt. <\/p>\n\n\n\n<p><strong>Rekommendationer fr\u00e5n Studien\u00e4mnden<\/strong><\/p>\n\n\n\n<p><strong>F\u00f6r dig som planerar att l\u00e4sa master i medicinsk teknik:<\/strong> Beroende p\u00e5 sp\u00e5r rekommenderas olika kurser. Har du planerat att l\u00e4sa fysiksp\u00e5ret rekommenderas kursen <a href=\"https:\/\/www.kth.se\/student\/kurser\/kurs\/SE1020\">SE1020 H\u00e5llfastighetsl\u00e4ra, grundkurs, 9,0 hp (P1 &amp; P2)<\/a>. Det kan \u00e4ven vara till f\u00f6rdel att l\u00e4sa <a href=\"https:\/\/www.kth.se\/student\/kurser\/kurs\/SG1140\">SG1140 Mekanik II, 6,0 hp (P1 alternativt P2)<\/a> som kan kombineras med SE1020 f\u00f6r exakt 15,0 hp. Har du planerat att l\u00e4sa datasp\u00e5ret rekommenderas kursen <a href=\"https:\/\/www.kth.se\/student\/kurser\/kurs\/HE1026\">HE1026 Digitalteknik, 6,0 hp (P2)<\/a>.<\/p>\n\n\n\n<p><strong>F\u00f6r dig som planerar att l\u00e4sa master i teknisk fysik, sp\u00e5r biomedicinsk fysik:<\/strong> CMEDT-studenter som l\u00e4ser programmet m\u00e5ste l\u00e4sa minst tv\u00e5 av kurserna SI1155, SI1336,  SH2103 och SK2300 under mastern. Det finns m\u00f6jlighet att l\u00e4sa n\u00e5gra av dessa nu ist\u00e4llet och ha mer valfria po\u00e4ng under mastern:<\/p>\n\n\n\n<ul class=\"wp-block-list\"><li><a href=\"https:\/\/www.kth.se\/student\/kurser\/kurs\/SI1336\">SI1336 Simulering och modellering, 6,0 hp (P2)<\/a><\/li><li><a href=\"https:\/\/www.kth.se\/student\/kurser\/kurs\/SI1155\">SI1155 Teoretisk fysik, 6,0 hp (P4)<\/a><\/li><li><a href=\"https:\/\/www.kth.se\/student\/kurser\/kurs\/SH2103\">SH2103 Subatom\u00e4r fysik, 7,5 hp (P1)<\/a><\/li><li><a href=\"https:\/\/www.kth.se\/student\/kurser\/kurs\/SK2300\">SK2300 Optisk fysik, 6,0 hp (P1)<\/a><\/li><\/ul>\n\n\n\n<p><strong>F\u00f6r dig som planerar att l\u00e4sa master i idrottsteknologi:<\/strong> Inf\u00f6r detta masterprogram rekommenderas att du l\u00e4st kursen <a href=\"https:\/\/www.kth.se\/student\/kurser\/kurs\/SG1140\">SG1140 Mekanik II, 6,0 hp (P1 alternativt P2)<\/a>.<\/p>\n\n\n\n<p><strong>F\u00f6r dig som \u00e4r intresserad av master i maskininl\u00e4rning alternativt kurser i maskininl\u00e4rning: <\/strong>under senare del av utbildningen \u00e4r det ofta krav p\u00e5 att man l\u00e4st datastrukturer och algoritmer, <a href=\"https:\/\/www.kth.se\/student\/kurser\/kurs\/DD1320\">DD1320 Till\u00e4mpad datalogi, 6,0 hp (P1 &amp; P2)<\/a> \u00e4r ett exempel p\u00e5 s\u00e5dan kurs. <\/p>\n\n\n\n<p>Vi har \u00e4ven skapat ett Excelblad med exempel p\u00e5 kurser som du kan v\u00e4lja. Kurserna \u00e4r en blandning av kurser som tidigare studenter har valt samt kurser som kan vara till anv\u00e4ndning under dina master-studier. Det g\u00e5r sj\u00e4lvklart att v\u00e4lja kurser som inte st\u00e5r med i Excelbladet.<\/p>\n\n\n\n<div class=\"wp-block-file aligncenter\"><a id=\"wp-block-file--media-1c527765-8748-48f9-8cab-42deb0cd8a9f\" href=\"https:\/\/www.mitsektionen.se\/wp-content\/uploads\/2022\/07\/Valfria_Kurser_MSN_2022-1.xlsx\">Excelblad med exempel p\u00e5 kurser<\/a><a href=\"https:\/\/www.mitsektionen.se\/wp-content\/uploads\/2022\/07\/Valfria_Kurser_MSN_2022-1.xlsx\" class=\"wp-block-file__button\" download aria-describedby=\"wp-block-file--media-1c527765-8748-48f9-8cab-42deb0cd8a9f\">Ladda ner<\/a><\/div>\n\n\n\n<p><strong>Hitta kurser <\/strong><\/p>\n\n\n\n<p>F\u00f6r att hitta kurser kan ni anv\u00e4nda KTHs egna s\u00f6ksida f\u00f6r detta, ni finner den <a href=\"https:\/\/www.kth.se\/student\/kurser\/sokkurs\">here<\/a>. Annars \u00e4r det bara att s\u00f6ka &#8221;KTH kurser&#8221; i er webbl\u00e4sare :). <\/p>\n\n\n\n<p>Oavsett, d\u00e4r kan ni hitta alla kurser p\u00e5 KTH, bra grej \u00e4r d\u00e5 att filtrera s\u00f6kningen s\u00e5 att det \u00e4r i P1\/P2 s\u00e5 slipper ni suktas av de kurser som g\u00e5r i P3\/P4. Sedan finns det n\u00e5gra andra bra saker att t\u00e4nka p\u00e5: <\/p>\n\n\n\n<ul class=\"wp-block-list\"><li><strong>S\u00e4rskild beh\u00f6righet:<\/strong> Har du beh\u00f6righet f\u00f6r kursen? Kolla ifall det finns kravkurser under denna rubrik. Om du inte har beh\u00f6righet enligt de kurser som st\u00e5r, men du tycker att du har det \u00e4nd\u00e5 \u00e4r ett tips att kontakta kursansvarig eller studiev\u00e4gledare f\u00f6r att fr\u00e5ga. Sj\u00e4lvklart \u00e4r det ingen id\u00e9 att fr\u00e5ga om kursen kr\u00e4ver dinosaurie-kunskaper och det enda du vet \u00e4r att de dog ut pga en komet. <\/li><li><strong>M\u00e5lgrupp<\/strong>: Ibland kan en kurs vara reserverad f\u00f6r enbart en klass (eller flera), det kan g\u00e5 att kl\u00e4mma sig in men d\u00e5 m\u00e5ste du troligen be studiev\u00e4gledaren att registrera dig d\u00e5 du inte kan s\u00f6ka via antagning.se. F\u00f6r att vara s\u00e4ker kan det vara bra att kontakta kursansvarig h\u00e4r med. <\/li><li><strong>Antal platser<\/strong>: Likt ovanst\u00e5ende kan en kurs ha begr\u00e4nsat antal platser, det kan allts\u00e5 bli lite av ett lotteri om du f\u00e5r plats ifall det \u00e4r f\u00e5 platser och kursen redan \u00e4r dedikerad f\u00f6r en klass\/flera klasser. Kontakta studiev\u00e4gledare och ha en plan-B. <\/li><\/ul>\n\n\n\n<p>Saknas din kurs p\u00e5 antagning.se? Ta kontakt med studiev\u00e4gledaren s\u00e5 f\u00e5r du hj\u00e4lp med registrering. Du kan \u00e4ven ta kontakt med studien\u00e4mnden om du beh\u00f6ver extra v\u00e4gledning.<\/p>\n\n\n\n<p>Vi vill \u00e4ven p\u00e5minna om att det \u00e4r absolut bra att v\u00e4lja de kurser du faktiskt tror att du vill l\u00e4sa. Skulle det vara s\u00e5 att du trots allt \u00e4ndrar dig kan du <em>kanske<\/em> f\u00e5 byta efter valet. Omregistreringsperioden \u00e4r tv\u00e5 veckor innan kursstart i augusti och kontakta studiev\u00e4gledare s\u00e5 fort du kommit p\u00e5 att du \u00e4ndrat dig s\u00e5 kan SVL registrera dig p\u00e5 den kursen under den perioden. Var dock medveten om att detta \u00e4r i m\u00e5n av plats och det finns en risk att du inte kan byta s\u00e5 var \u00e4nd\u00e5 noga n\u00e4r du g\u00f6r ditt val.<\/p>\n\n\n\n<p>Vi vill p\u00e5 f\u00f6rhand urs\u00e4kta om det \u00e4r n\u00e5got fel, om det skulle vara n\u00e5got \u00e4r det bara att rycka tag i n\u00e5gon i Studien\u00e4mnden. Vi vill \u00e4ven po\u00e4ngtera att om det \u00e4r n\u00e5got du \u00e4r os\u00e4ker p\u00e5 kontakta v\u00e5r studiev\u00e4gledare, kontaktinformation finns p\u00e5 programwebben.  <\/p>","protected":false},"excerpt":{"rendered":"<p>Vi i studien\u00e4mnden har uppm\u00e4rksammat att det, vid val av kurser, finns en sm\u00e4rre f\u00f6rvirring och hj\u00e4lpl\u00f6shet hos studenter. Vi vill d\u00e4rf\u00f6r f\u00f6rs\u00f6ka lysa upp tillvaron med ett mindre stearinljus. Tips n\u00e4r du som f\u00f6rvirrad student ska v\u00e4lja kurser Vet du vad du vill l\u00e4sa f\u00f6r master? Kolla om de kurser som kommer p\u00e5 mastern&nbsp;&hellip;<\/p>","protected":false},"author":8,"featured_media":0,"parent":37,"menu_order":3,"comment_status":"closed","ping_status":"closed","template":"","meta":{"footnotes":""},"class_list":["post-5311","page","type-page","status-publish","hentry"],"yoast_head":"<!-- This site is optimized with the Yoast SEO plugin v27.4 - https:\/\/yoast.com\/product\/yoast-seo-wordpress\/ -->\n<title>Valfria kurser - Sektionen f\u00f6r Medicinsk Teknik<\/title>\n<meta name=\"robots\" content=\"index, follow, max-snippet:-1, max-image-preview:large, max-video-preview:-1\" \/>\n<link rel=\"canonical\" href=\"https:\/\/www.mitsektionen.se\/en\/namnder-2\/msn-2\/valfria-kurser\/\" \/>\n<meta property=\"og:locale\" content=\"en_US\" \/>\n<meta property=\"og:type\" content=\"article\" \/>\n<meta property=\"og:title\" content=\"Valfria kurser - Sektionen f\u00f6r Medicinsk Teknik\" \/>\n<meta property=\"og:description\" content=\"Vi i studien\u00e4mnden har uppm\u00e4rksammat att det, vid val av kurser, finns en sm\u00e4rre f\u00f6rvirring och hj\u00e4lpl\u00f6shet hos studenter. Vi vill d\u00e4rf\u00f6r f\u00f6rs\u00f6ka lysa upp tillvaron med ett mindre stearinljus. Tips n\u00e4r du som f\u00f6rvirrad student ska v\u00e4lja kurser Vet du vad du vill l\u00e4sa f\u00f6r master? Kolla om de kurser som kommer p\u00e5 mastern&nbsp;&hellip;\" \/>\n<meta property=\"og:url\" content=\"https:\/\/www.mitsektionen.se\/en\/namnder-2\/msn-2\/valfria-kurser\/\" \/>\n<meta property=\"og:site_name\" content=\"Sektionen f\u00f6r Medicinsk Teknik\" \/>\n<meta property=\"article:publisher\" content=\"https:\/\/www.facebook.com\/profile.php?id=100063481543287\" \/>\n<meta property=\"article:modified_time\" content=\"2022-07-13T14:25:17+00:00\" \/>\n<meta name=\"twitter:card\" content=\"summary_large_image\" \/>\n<meta name=\"twitter:label1\" content=\"Est. reading time\" \/>\n\t<meta name=\"twitter:data1\" content=\"5 minutes\" \/>\n<script type=\"application\/ld+json\" class=\"yoast-schema-graph\">{\"@context\":\"https:\\\/\\\/schema.org\",\"@graph\":[{\"@type\":\"WebPage\",\"@id\":\"https:\\\/\\\/www.mitsektionen.se\\\/namnder-2\\\/msn-2\\\/valfria-kurser\\\/\",\"url\":\"https:\\\/\\\/www.mitsektionen.se\\\/namnder-2\\\/msn-2\\\/valfria-kurser\\\/\",\"name\":\"Valfria kurser - Sektionen f\u00f6r Medicinsk Teknik\",\"isPartOf\":{\"@id\":\"https:\\\/\\\/www.mitsektionen.se\\\/#website\"},\"datePublished\":\"2020-09-13T19:16:54+00:00\",\"dateModified\":\"2022-07-13T14:25:17+00:00\",\"breadcrumb\":{\"@id\":\"https:\\\/\\\/www.mitsektionen.se\\\/namnder-2\\\/msn-2\\\/valfria-kurser\\\/#breadcrumb\"},\"inLanguage\":\"en-US\",\"potentialAction\":[{\"@type\":\"ReadAction\",\"target\":[\"https:\\\/\\\/www.mitsektionen.se\\\/namnder-2\\\/msn-2\\\/valfria-kurser\\\/\"]}]},{\"@type\":\"BreadcrumbList\",\"@id\":\"https:\\\/\\\/www.mitsektionen.se\\\/namnder-2\\\/msn-2\\\/valfria-kurser\\\/#breadcrumb\",\"itemListElement\":[{\"@type\":\"ListItem\",\"position\":1,\"name\":\"Hem\",\"item\":\"https:\\\/\\\/www.mitsektionen.se\\\/\"},{\"@type\":\"ListItem\",\"position\":2,\"name\":\"V\u00e5ra n\u00e4mnder\",\"item\":\"https:\\\/\\\/www.mitsektionen.se\\\/?page_id=2759\"},{\"@type\":\"ListItem\",\"position\":3,\"name\":\"Studien\u00e4mnden\",\"item\":\"https:\\\/\\\/www.mitsektionen.se\\\/namnder-2\\\/msn-2\\\/\"},{\"@type\":\"ListItem\",\"position\":4,\"name\":\"Valfria kurser\"}]},{\"@type\":\"WebSite\",\"@id\":\"https:\\\/\\\/www.mitsektionen.se\\\/#website\",\"url\":\"https:\\\/\\\/www.mitsektionen.se\\\/\",\"name\":\"Sektionen f\u00f6r Medicinsk Teknik\",\"description\":\"MedTech vid KTH\",\"publisher\":{\"@id\":\"https:\\\/\\\/www.mitsektionen.se\\\/#organization\"},\"potentialAction\":[{\"@type\":\"SearchAction\",\"target\":{\"@type\":\"EntryPoint\",\"urlTemplate\":\"https:\\\/\\\/www.mitsektionen.se\\\/?s={search_term_string}\"},\"query-input\":{\"@type\":\"PropertyValueSpecification\",\"valueRequired\":true,\"valueName\":\"search_term_string\"}}],\"inLanguage\":\"en-US\"},{\"@type\":\"Organization\",\"@id\":\"https:\\\/\\\/www.mitsektionen.se\\\/#organization\",\"name\":\"Sektionen f\u00f6r Medicinsk Teknik\",\"url\":\"https:\\\/\\\/www.mitsektionen.se\\\/\",\"logo\":{\"@type\":\"ImageObject\",\"inLanguage\":\"en-US\",\"@id\":\"https:\\\/\\\/www.mitsektionen.se\\\/#\\\/schema\\\/logo\\\/image\\\/\",\"url\":\"https:\\\/\\\/www.mitsektionen.se\\\/wp-content\\\/uploads\\\/2018\\\/05\\\/cropped-loggamit.png\",\"contentUrl\":\"https:\\\/\\\/www.mitsektionen.se\\\/wp-content\\\/uploads\\\/2018\\\/05\\\/cropped-loggamit.png\",\"width\":2361,\"height\":2385,\"caption\":\"Sektionen f\u00f6r Medicinsk Teknik\"},\"image\":{\"@id\":\"https:\\\/\\\/www.mitsektionen.se\\\/#\\\/schema\\\/logo\\\/image\\\/\"},\"sameAs\":[\"https:\\\/\\\/www.facebook.com\\\/profile.php?id=100063481543287\",\"https:\\\/\\\/www.instagram.com\\\/mitsektionen\\\/\",\"https:\\\/\\\/ca.linkedin.com\\\/company\\\/sektionen-fr-medicinsk-teknik\"]}]}<\/script>\n<!-- \/ Yoast SEO plugin. -->","yoast_head_json":{"title":"Valfria kurser - Sektionen f\u00f6r Medicinsk Teknik","robots":{"index":"index","follow":"follow","max-snippet":"max-snippet:-1","max-image-preview":"max-image-preview:large","max-video-preview":"max-video-preview:-1"},"canonical":"https:\/\/www.mitsektionen.se\/en\/namnder-2\/msn-2\/valfria-kurser\/","og_locale":"en_US","og_type":"article","og_title":"Valfria kurser - Sektionen f\u00f6r Medicinsk Teknik","og_description":"Vi i studien\u00e4mnden har uppm\u00e4rksammat att det, vid val av kurser, finns en sm\u00e4rre f\u00f6rvirring och hj\u00e4lpl\u00f6shet hos studenter. Vi vill d\u00e4rf\u00f6r f\u00f6rs\u00f6ka lysa upp tillvaron med ett mindre stearinljus. Tips n\u00e4r du som f\u00f6rvirrad student ska v\u00e4lja kurser Vet du vad du vill l\u00e4sa f\u00f6r master? Kolla om de kurser som kommer p\u00e5 mastern&nbsp;&hellip;","og_url":"https:\/\/www.mitsektionen.se\/en\/namnder-2\/msn-2\/valfria-kurser\/","og_site_name":"Sektionen f\u00f6r Medicinsk Teknik","article_publisher":"https:\/\/www.facebook.com\/profile.php?id=100063481543287","article_modified_time":"2022-07-13T14:25:17+00:00","twitter_card":"summary_large_image","twitter_misc":{"Est. reading time":"5 minutes"},"schema":{"@context":"https:\/\/schema.org","@graph":[{"@type":"WebPage","@id":"https:\/\/www.mitsektionen.se\/namnder-2\/msn-2\/valfria-kurser\/","url":"https:\/\/www.mitsektionen.se\/namnder-2\/msn-2\/valfria-kurser\/","name":"Valfria kurser - Sektionen f\u00f6r Medicinsk Teknik","isPartOf":{"@id":"https:\/\/www.mitsektionen.se\/#website"},"datePublished":"2020-09-13T19:16:54+00:00","dateModified":"2022-07-13T14:25:17+00:00","breadcrumb":{"@id":"https:\/\/www.mitsektionen.se\/namnder-2\/msn-2\/valfria-kurser\/#breadcrumb"},"inLanguage":"en-US","potentialAction":[{"@type":"ReadAction","target":["https:\/\/www.mitsektionen.se\/namnder-2\/msn-2\/valfria-kurser\/"]}]},{"@type":"BreadcrumbList","@id":"https:\/\/www.mitsektionen.se\/namnder-2\/msn-2\/valfria-kurser\/#breadcrumb","itemListElement":[{"@type":"ListItem","position":1,"name":"Hem","item":"https:\/\/www.mitsektionen.se\/"},{"@type":"ListItem","position":2,"name":"V\u00e5ra n\u00e4mnder","item":"https:\/\/www.mitsektionen.se\/?page_id=2759"},{"@type":"ListItem","position":3,"name":"Studien\u00e4mnden","item":"https:\/\/www.mitsektionen.se\/namnder-2\/msn-2\/"},{"@type":"ListItem","position":4,"name":"Valfria kurser"}]},{"@type":"WebSite","@id":"https:\/\/www.mitsektionen.se\/#website","url":"https:\/\/www.mitsektionen.se\/","name":"The Chapter of Medical Engineering","description":"MedTech vid KTH","publisher":{"@id":"https:\/\/www.mitsektionen.se\/#organization"},"potentialAction":[{"@type":"SearchAction","target":{"@type":"EntryPoint","urlTemplate":"https:\/\/www.mitsektionen.se\/?s={search_term_string}"},"query-input":{"@type":"PropertyValueSpecification","valueRequired":true,"valueName":"search_term_string"}}],"inLanguage":"en-US"},{"@type":"Organization","@id":"https:\/\/www.mitsektionen.se\/#organization","name":"The Chapter of Medical Engineering","url":"https:\/\/www.mitsektionen.se\/","logo":{"@type":"ImageObject","inLanguage":"en-US","@id":"https:\/\/www.mitsektionen.se\/#\/schema\/logo\/image\/","url":"https:\/\/www.mitsektionen.se\/wp-content\/uploads\/2018\/05\/cropped-loggamit.png","contentUrl":"https:\/\/www.mitsektionen.se\/wp-content\/uploads\/2018\/05\/cropped-loggamit.png","width":2361,"height":2385,"caption":"Sektionen f\u00f6r Medicinsk Teknik"},"image":{"@id":"https:\/\/www.mitsektionen.se\/#\/schema\/logo\/image\/"},"sameAs":["https:\/\/www.facebook.com\/profile.php?id=100063481543287","https:\/\/www.instagram.com\/mitsektionen\/","https:\/\/ca.linkedin.com\/company\/sektionen-fr-medicinsk-teknik"]}]}},"_links":{"self":[{"href":"https:\/\/www.mitsektionen.se\/en\/wp-json\/wp\/v2\/pages\/5311","targetHints":{"allow":["GET"]}}],"collection":[{"href":"https:\/\/www.mitsektionen.se\/en\/wp-json\/wp\/v2\/pages"}],"about":[{"href":"https:\/\/www.mitsektionen.se\/en\/wp-json\/wp\/v2\/types\/page"}],"author":[{"embeddable":true,"href":"https:\/\/www.mitsektionen.se\/en\/wp-json\/wp\/v2\/users\/8"}],"replies":[{"embeddable":true,"href":"https:\/\/www.mitsektionen.se\/en\/wp-json\/wp\/v2\/comments?post=5311"}],"version-history":[{"count":0,"href":"https:\/\/www.mitsektionen.se\/en\/wp-json\/wp\/v2\/pages\/5311\/revisions"}],"up":[{"embeddable":true,"href":"https:\/\/www.mitsektionen.se\/en\/wp-json\/wp\/v2\/pages\/37"}],"wp:attachment":[{"href":"https:\/\/www.mitsektionen.se\/en\/wp-json\/wp\/v2\/media?parent=5311"}],"curies":[{"name":"wp","href":"https:\/\/api.w.org\/{rel}","templated":true}]}}