{"id":61,"date":"2011-07-26T17:45:05","date_gmt":"2011-07-26T15:45:05","guid":{"rendered":"https:\/\/www.mitsektionen.se\/?page_id=61"},"modified":"2025-07-17T12:06:33","modified_gmt":"2025-07-17T10:06:33","slug":"om-sektionen","status":"publish","type":"page","link":"https:\/\/www.mitsektionen.se\/en\/om-sektionen\/","title":{"rendered":"About the Chapter"},"content":{"rendered":"<p>Sektionen f\u00f6r Medicinsk Teknik (MiT), \u00e4r en organisation under Tekniska H\u00f6gskolans Studentk\u00e5r (THS) f\u00f6r studenter som studerar civilingenj\u00f6rsprogrammet medicinsk teknik p\u00e5 KTH. Sektionen bildades den 4:e december 2008 och \u00e4r f\u00f6rst med att samordna studenter inom medicintekniska civilingenj\u00f6rs-och mastersutbildningar.<\/p>\n<p>The chapter handles reception of new students, study monitoring and a lot more to make the education more valuable and fun. All the work is non profit and performed by students at the chapter.<\/p>\n<p>The statues and guidelines are partly regulated by THS but is lead of a board consisting of members of the chapter. The colour of the chapter is babyblue, which can be seen at the overalls of the students and the banner of the chapter.<\/p>\n\n<div class=\"wp-block-image\">\n<figure class=\"aligncenter size-full is-resized\"><img loading=\"lazy\" decoding=\"async\" src=\"https:\/\/www.mitsektionen.se\/wp-content\/uploads\/2022\/09\/vektorloggamitlores.png\" alt=\"\" class=\"wp-image-6227\" style=\"width:182px;height:183px\" width=\"182\" height=\"183\" srcset=\"https:\/\/www.mitsektionen.se\/wp-content\/uploads\/2022\/09\/vektorloggamitlores.png 1000w, https:\/\/www.mitsektionen.se\/wp-content\/uploads\/2022\/09\/vektorloggamitlores-297x300.png 297w, https:\/\/www.mitsektionen.se\/wp-content\/uploads\/2022\/09\/vektorloggamitlores-50x50.png 50w, https:\/\/www.mitsektionen.se\/wp-content\/uploads\/2022\/09\/vektorloggamitlores-768x776.png 768w, https:\/\/www.mitsektionen.se\/wp-content\/uploads\/2022\/09\/vektorloggamitlores-12x12.png 12w, https:\/\/www.mitsektionen.se\/wp-content\/uploads\/2022\/09\/vektorloggamitlores-100x100.png 100w\" sizes=\"auto, (max-width: 182px) 100vw, 182px\" \/><\/figure>\n<\/div>","protected":false},"excerpt":{"rendered":"<p>Sektionen f\u00f6r Medicinsk Teknik (MiT), \u00e4r en organisation under Tekniska H\u00f6gskolans Studentk\u00e5r (THS) f\u00f6r studenter som studerar civilingenj\u00f6rsprogrammet medicinsk teknik p\u00e5 KTH. Sektionen bildades den 4:e december 2008 och \u00e4r f\u00f6rst med att samordna studenter inom medicintekniska civilingenj\u00f6rs-och mastersutbildningar. Sektionen sk\u00f6ter mottagning, studiebevakning och mycket annat som g\u00f6r utbildningen nyttigare, roligare och mer l\u00e4rorik. Allt&nbsp;&hellip;<\/p>","protected":false},"author":1,"featured_media":0,"parent":0,"menu_order":1,"comment_status":"open","ping_status":"closed","template":"","meta":{"footnotes":""},"class_list":["post-61","page","type-page","status-publish","hentry"],"yoast_head":"<!-- This site is optimized with the Yoast SEO plugin v27.4 - https:\/\/yoast.com\/product\/yoast-seo-wordpress\/ -->\n<title>Om sektionen - Sektionen f\u00f6r Medicinsk Teknik<\/title>\n<meta name=\"description\" content=\"Sektionen f\u00f6r Medicinsk Teknik (MiT), \u00e4r en organisation under Tekniska H\u00f6gskolans Studentk\u00e5r (THS) f\u00f6r studenter som studerar civilingenj\u00f6rsprogrammet medicinsk teknik p\u00e5 KTH.\" \/>\n<meta name=\"robots\" content=\"index, follow, max-snippet:-1, max-image-preview:large, max-video-preview:-1\" \/>\n<link rel=\"canonical\" href=\"https:\/\/www.mitsektionen.se\/en\/om-sektionen\/\" \/>\n<meta property=\"og:locale\" content=\"en_US\" \/>\n<meta property=\"og:type\" content=\"article\" \/>\n<meta property=\"og:title\" content=\"Om sektionen - Sektionen f\u00f6r Medicinsk Teknik\" \/>\n<meta property=\"og:description\" content=\"Sektionen f\u00f6r Medicinsk Teknik (MiT), \u00e4r en organisation under Tekniska H\u00f6gskolans Studentk\u00e5r (THS) f\u00f6r studenter som studerar civilingenj\u00f6rsprogrammet medicinsk teknik p\u00e5 KTH.\" \/>\n<meta property=\"og:url\" content=\"https:\/\/www.mitsektionen.se\/en\/om-sektionen\/\" \/>\n<meta property=\"og:site_name\" content=\"Sektionen f\u00f6r Medicinsk Teknik\" \/>\n<meta property=\"article:publisher\" content=\"https:\/\/www.facebook.com\/profile.php?id=100063481543287\" \/>\n<meta property=\"article:modified_time\" content=\"2025-07-17T10:06:33+00:00\" \/>\n<meta property=\"og:image\" content=\"https:\/\/www.mitsektionen.se\/wp-content\/uploads\/2022\/09\/vektorloggamitlores.png\" \/>\n\t<meta property=\"og:image:width\" content=\"1000\" \/>\n\t<meta property=\"og:image:height\" content=\"1010\" \/>\n\t<meta property=\"og:image:type\" content=\"image\/png\" \/>\n<meta name=\"twitter:card\" content=\"summary_large_image\" \/>\n<meta name=\"twitter:label1\" content=\"Est. reading time\" \/>\n\t<meta name=\"twitter:data1\" content=\"1 minute\" \/>\n<script type=\"application\/ld+json\" class=\"yoast-schema-graph\">{\"@context\":\"https:\\\/\\\/schema.org\",\"@graph\":[{\"@type\":\"WebPage\",\"@id\":\"https:\\\/\\\/www.mitsektionen.se\\\/om-sektionen\\\/\",\"url\":\"https:\\\/\\\/www.mitsektionen.se\\\/om-sektionen\\\/\",\"name\":\"Om sektionen - Sektionen f\u00f6r Medicinsk Teknik\",\"isPartOf\":{\"@id\":\"https:\\\/\\\/www.mitsektionen.se\\\/#website\"},\"primaryImageOfPage\":{\"@id\":\"https:\\\/\\\/www.mitsektionen.se\\\/om-sektionen\\\/#primaryimage\"},\"image\":{\"@id\":\"https:\\\/\\\/www.mitsektionen.se\\\/om-sektionen\\\/#primaryimage\"},\"thumbnailUrl\":\"https:\\\/\\\/www.mitsektionen.se\\\/wp-content\\\/uploads\\\/2022\\\/09\\\/vektorloggamitlores.png\",\"datePublished\":\"2011-07-26T15:45:05+00:00\",\"dateModified\":\"2025-07-17T10:06:33+00:00\",\"description\":\"Sektionen f\u00f6r Medicinsk Teknik (MiT), \u00e4r en organisation under Tekniska H\u00f6gskolans Studentk\u00e5r (THS) f\u00f6r studenter som studerar civilingenj\u00f6rsprogrammet medicinsk teknik p\u00e5 KTH.\",\"breadcrumb\":{\"@id\":\"https:\\\/\\\/www.mitsektionen.se\\\/om-sektionen\\\/#breadcrumb\"},\"inLanguage\":\"en-US\",\"potentialAction\":[{\"@type\":\"ReadAction\",\"target\":[\"https:\\\/\\\/www.mitsektionen.se\\\/om-sektionen\\\/\"]}]},{\"@type\":\"ImageObject\",\"inLanguage\":\"en-US\",\"@id\":\"https:\\\/\\\/www.mitsektionen.se\\\/om-sektionen\\\/#primaryimage\",\"url\":\"https:\\\/\\\/www.mitsektionen.se\\\/wp-content\\\/uploads\\\/2022\\\/09\\\/vektorloggamitlores.png\",\"contentUrl\":\"https:\\\/\\\/www.mitsektionen.se\\\/wp-content\\\/uploads\\\/2022\\\/09\\\/vektorloggamitlores.png\"},{\"@type\":\"BreadcrumbList\",\"@id\":\"https:\\\/\\\/www.mitsektionen.se\\\/om-sektionen\\\/#breadcrumb\",\"itemListElement\":[{\"@type\":\"ListItem\",\"position\":1,\"name\":\"Hem\",\"item\":\"https:\\\/\\\/www.mitsektionen.se\\\/\"},{\"@type\":\"ListItem\",\"position\":2,\"name\":\"Om sektionen\"}]},{\"@type\":\"WebSite\",\"@id\":\"https:\\\/\\\/www.mitsektionen.se\\\/#website\",\"url\":\"https:\\\/\\\/www.mitsektionen.se\\\/\",\"name\":\"Sektionen f\u00f6r Medicinsk Teknik\",\"description\":\"MedTech vid KTH\",\"publisher\":{\"@id\":\"https:\\\/\\\/www.mitsektionen.se\\\/#organization\"},\"potentialAction\":[{\"@type\":\"SearchAction\",\"target\":{\"@type\":\"EntryPoint\",\"urlTemplate\":\"https:\\\/\\\/www.mitsektionen.se\\\/?s={search_term_string}\"},\"query-input\":{\"@type\":\"PropertyValueSpecification\",\"valueRequired\":true,\"valueName\":\"search_term_string\"}}],\"inLanguage\":\"en-US\"},{\"@type\":\"Organization\",\"@id\":\"https:\\\/\\\/www.mitsektionen.se\\\/#organization\",\"name\":\"Sektionen f\u00f6r Medicinsk Teknik\",\"url\":\"https:\\\/\\\/www.mitsektionen.se\\\/\",\"logo\":{\"@type\":\"ImageObject\",\"inLanguage\":\"en-US\",\"@id\":\"https:\\\/\\\/www.mitsektionen.se\\\/#\\\/schema\\\/logo\\\/image\\\/\",\"url\":\"https:\\\/\\\/www.mitsektionen.se\\\/wp-content\\\/uploads\\\/2018\\\/05\\\/cropped-loggamit.png\",\"contentUrl\":\"https:\\\/\\\/www.mitsektionen.se\\\/wp-content\\\/uploads\\\/2018\\\/05\\\/cropped-loggamit.png\",\"width\":2361,\"height\":2385,\"caption\":\"Sektionen f\u00f6r Medicinsk Teknik\"},\"image\":{\"@id\":\"https:\\\/\\\/www.mitsektionen.se\\\/#\\\/schema\\\/logo\\\/image\\\/\"},\"sameAs\":[\"https:\\\/\\\/www.facebook.com\\\/profile.php?id=100063481543287\",\"https:\\\/\\\/www.instagram.com\\\/mitsektionen\\\/\",\"https:\\\/\\\/ca.linkedin.com\\\/company\\\/sektionen-fr-medicinsk-teknik\"]}]}<\/script>\n<!-- \/ Yoast SEO plugin. -->","yoast_head_json":{"title":"Om sektionen - Sektionen f\u00f6r Medicinsk Teknik","description":"Sektionen f\u00f6r Medicinsk Teknik (MiT), \u00e4r en organisation under Tekniska H\u00f6gskolans Studentk\u00e5r (THS) f\u00f6r studenter som studerar civilingenj\u00f6rsprogrammet medicinsk teknik p\u00e5 KTH.","robots":{"index":"index","follow":"follow","max-snippet":"max-snippet:-1","max-image-preview":"max-image-preview:large","max-video-preview":"max-video-preview:-1"},"canonical":"https:\/\/www.mitsektionen.se\/en\/om-sektionen\/","og_locale":"en_US","og_type":"article","og_title":"Om sektionen - Sektionen f\u00f6r Medicinsk Teknik","og_description":"Sektionen f\u00f6r Medicinsk Teknik (MiT), \u00e4r en organisation under Tekniska H\u00f6gskolans Studentk\u00e5r (THS) f\u00f6r studenter som studerar civilingenj\u00f6rsprogrammet medicinsk teknik p\u00e5 KTH.","og_url":"https:\/\/www.mitsektionen.se\/en\/om-sektionen\/","og_site_name":"Sektionen f\u00f6r Medicinsk Teknik","article_publisher":"https:\/\/www.facebook.com\/profile.php?id=100063481543287","article_modified_time":"2025-07-17T10:06:33+00:00","og_image":[{"width":1000,"height":1010,"url":"https:\/\/www.mitsektionen.se\/wp-content\/uploads\/2022\/09\/vektorloggamitlores.png","type":"image\/png"}],"twitter_card":"summary_large_image","twitter_misc":{"Est. reading time":"1 minute"},"schema":{"@context":"https:\/\/schema.org","@graph":[{"@type":"WebPage","@id":"https:\/\/www.mitsektionen.se\/om-sektionen\/","url":"https:\/\/www.mitsektionen.se\/om-sektionen\/","name":"Om sektionen - Sektionen f\u00f6r Medicinsk Teknik","isPartOf":{"@id":"https:\/\/www.mitsektionen.se\/#website"},"primaryImageOfPage":{"@id":"https:\/\/www.mitsektionen.se\/om-sektionen\/#primaryimage"},"image":{"@id":"https:\/\/www.mitsektionen.se\/om-sektionen\/#primaryimage"},"thumbnailUrl":"https:\/\/www.mitsektionen.se\/wp-content\/uploads\/2022\/09\/vektorloggamitlores.png","datePublished":"2011-07-26T15:45:05+00:00","dateModified":"2025-07-17T10:06:33+00:00","description":"Sektionen f\u00f6r Medicinsk Teknik (MiT), \u00e4r en organisation under Tekniska H\u00f6gskolans Studentk\u00e5r (THS) f\u00f6r studenter som studerar civilingenj\u00f6rsprogrammet medicinsk teknik p\u00e5 KTH.","breadcrumb":{"@id":"https:\/\/www.mitsektionen.se\/om-sektionen\/#breadcrumb"},"inLanguage":"en-US","potentialAction":[{"@type":"ReadAction","target":["https:\/\/www.mitsektionen.se\/om-sektionen\/"]}]},{"@type":"ImageObject","inLanguage":"en-US","@id":"https:\/\/www.mitsektionen.se\/om-sektionen\/#primaryimage","url":"https:\/\/www.mitsektionen.se\/wp-content\/uploads\/2022\/09\/vektorloggamitlores.png","contentUrl":"https:\/\/www.mitsektionen.se\/wp-content\/uploads\/2022\/09\/vektorloggamitlores.png"},{"@type":"BreadcrumbList","@id":"https:\/\/www.mitsektionen.se\/om-sektionen\/#breadcrumb","itemListElement":[{"@type":"ListItem","position":1,"name":"Hem","item":"https:\/\/www.mitsektionen.se\/"},{"@type":"ListItem","position":2,"name":"Om sektionen"}]},{"@type":"WebSite","@id":"https:\/\/www.mitsektionen.se\/#website","url":"https:\/\/www.mitsektionen.se\/","name":"The Chapter of Medical Engineering","description":"MedTech vid KTH","publisher":{"@id":"https:\/\/www.mitsektionen.se\/#organization"},"potentialAction":[{"@type":"SearchAction","target":{"@type":"EntryPoint","urlTemplate":"https:\/\/www.mitsektionen.se\/?s={search_term_string}"},"query-input":{"@type":"PropertyValueSpecification","valueRequired":true,"valueName":"search_term_string"}}],"inLanguage":"en-US"},{"@type":"Organization","@id":"https:\/\/www.mitsektionen.se\/#organization","name":"The Chapter of Medical Engineering","url":"https:\/\/www.mitsektionen.se\/","logo":{"@type":"ImageObject","inLanguage":"en-US","@id":"https:\/\/www.mitsektionen.se\/#\/schema\/logo\/image\/","url":"https:\/\/www.mitsektionen.se\/wp-content\/uploads\/2018\/05\/cropped-loggamit.png","contentUrl":"https:\/\/www.mitsektionen.se\/wp-content\/uploads\/2018\/05\/cropped-loggamit.png","width":2361,"height":2385,"caption":"Sektionen f\u00f6r Medicinsk Teknik"},"image":{"@id":"https:\/\/www.mitsektionen.se\/#\/schema\/logo\/image\/"},"sameAs":["https:\/\/www.facebook.com\/profile.php?id=100063481543287","https:\/\/www.instagram.com\/mitsektionen\/","https:\/\/ca.linkedin.com\/company\/sektionen-fr-medicinsk-teknik"]}]}},"_links":{"self":[{"href":"https:\/\/www.mitsektionen.se\/en\/wp-json\/wp\/v2\/pages\/61","targetHints":{"allow":["GET"]}}],"collection":[{"href":"https:\/\/www.mitsektionen.se\/en\/wp-json\/wp\/v2\/pages"}],"about":[{"href":"https:\/\/www.mitsektionen.se\/en\/wp-json\/wp\/v2\/types\/page"}],"author":[{"embeddable":true,"href":"https:\/\/www.mitsektionen.se\/en\/wp-json\/wp\/v2\/users\/1"}],"replies":[{"embeddable":true,"href":"https:\/\/www.mitsektionen.se\/en\/wp-json\/wp\/v2\/comments?post=61"}],"version-history":[{"count":1,"href":"https:\/\/www.mitsektionen.se\/en\/wp-json\/wp\/v2\/pages\/61\/revisions"}],"predecessor-version":[{"id":7869,"href":"https:\/\/www.mitsektionen.se\/en\/wp-json\/wp\/v2\/pages\/61\/revisions\/7869"}],"wp:attachment":[{"href":"https:\/\/www.mitsektionen.se\/en\/wp-json\/wp\/v2\/media?parent=61"}],"curies":[{"name":"wp","href":"https:\/\/api.w.org\/{rel}","templated":true}]}}