{"id":63,"date":"2011-07-26T17:45:51","date_gmt":"2011-07-26T15:45:51","guid":{"rendered":"https:\/\/www.mitsektionen.se\/?page_id=63"},"modified":"2026-04-21T19:34:48","modified_gmt":"2026-04-21T17:34:48","slug":"pr","status":"publish","type":"page","link":"https:\/\/www.mitsektionen.se\/en\/namnder-2\/pr\/","title":{"rendered":"ProgramR\u00e5det"},"content":{"rendered":"<p>ProgramR\u00e5det (PR) is the Electrical Engineering Chapter and MiTs (Medical Engineering Chapter) common party organizers. PR consists of three event chiefs and a number of kalasPingloR and festPRissar. If you are interested in becoming a part of PR you can show your interest by emailing pre@e.kth.se or talking to one of the event chiefs. We are not always looking for new members but it is always welcome to announce your interest.<\/p>\n<p>N\u00e5gra av de storslagna h\u00e4ndelser som PR arrangerar varje \u00e5r \u00e4r n0llepubrundan, v\u00e5rbalen och LussePRe. Om det skulle vara s\u00e5 att just du k\u00e4nner att du kan bidra med en grym festid\u00e9, om du vill arrangera en temakv\u00e4ll och ha baren \u00f6ppen eller om du bara vill \u00f6nska en specifik \u00f6l\/cidersort till baren s\u00e5 tveka inte att h\u00f6ra av dig.<\/p>\n<p>You can contact PR at <a href=\"mailto:pre@e.kth.se\">pre@e.kth.se\u200b<\/a> .<br \/>We are also on <a href=\"https:\/\/www.facebook.com\/ProgramRadet?ref=ts&amp;fref=ts\">Facebook<\/a> och instagram (@programradet)!<\/p>\n<p>NOTE: When ProgramR\u00e5det organizes parties, the serving policy adopted by PR applies. You will find the latest version <a href=\"http:\/\/elektrosektionen.se\/wp-content\/uploads\/2013\/03\/FestPolicyPR.pdf\"> here<\/a>!<\/p>\n<table style=\"text-align: left; vertical-align: top;\" border=\"0\">\n<tbody>\n<tr>\n<td colspan=\"4\">\n<h4>Klubbm\u00e4stare<\/h4>\n<\/td>\n<\/tr>\n<tr>\n<td>Marcus Bergman (MiT)<\/td>\n<\/tr>\n<tr>\n<td>Antonia Fr\u00f6jdh (E)<\/td>\n<\/tr>\n<tr>\n<td>Olof Bergvall (MiT)<\/td>\n<\/tr>\n<\/tbody>\n<\/table>\n<p><strong>Contact<\/strong><\/p>\n<p>Marcus Bergman<br \/>Klubbm\u00e4stare for ProgramR\u00e5det<br \/>tillika Klubbm\u00e4stare i PNS<br \/><a href=\"mailto:qm-mit@ths.kth.se\">klubbmastare-mit@ths.kth.se<\/a><\/p>\n\n<div class=\"wp-block-image\">\n<figure class=\"aligncenter size-full\"><img loading=\"lazy\" decoding=\"async\" width=\"450\" height=\"206\" src=\"https:\/\/www.mitsektionen.se\/wp-content\/uploads\/2025\/07\/pr-transparent-removebg-preview.png\" alt=\"\" class=\"wp-image-8130\" srcset=\"https:\/\/www.mitsektionen.se\/wp-content\/uploads\/2025\/07\/pr-transparent-removebg-preview.png 450w, https:\/\/www.mitsektionen.se\/wp-content\/uploads\/2025\/07\/pr-transparent-removebg-preview-300x137.png 300w, https:\/\/www.mitsektionen.se\/wp-content\/uploads\/2025\/07\/pr-transparent-removebg-preview-18x8.png 18w\" sizes=\"auto, (max-width: 450px) 100vw, 450px\" \/><\/figure>\n<\/div>\n\n\n<ul class=\"wp-block-social-links has-visible-labels is-style-logos-only is-content-justification-center is-layout-flex wp-container-core-social-links-is-layout-16018d1d wp-block-social-links-is-layout-flex\"><li class=\"wp-social-link wp-social-link-instagram  wp-block-social-link\"><a rel=\"noopener nofollow\" target=\"_blank\" href=\"https:\/\/www.instagram.com\/programradet\/\" class=\"wp-block-social-link-anchor\"><svg width=\"24\" height=\"24\" viewbox=\"0 0 24 24\" version=\"1.1\" xmlns=\"http:\/\/www.w3.org\/2000\/svg\" aria-hidden=\"true\" focusable=\"false\"><path d=\"M12,4.622c2.403,0,2.688,0.009,3.637,0.052c0.877,0.04,1.354,0.187,1.671,0.31c0.42,0.163,0.72,0.358,1.035,0.673 c0.315,0.315,0.51,0.615,0.673,1.035c0.123,0.317,0.27,0.794,0.31,1.671c0.043,0.949,0.052,1.234,0.052,3.637 s-0.009,2.688-0.052,3.637c-0.04,0.877-0.187,1.354-0.31,1.671c-0.163,0.42-0.358,0.72-0.673,1.035 c-0.315,0.315-0.615,0.51-1.035,0.673c-0.317,0.123-0.794,0.27-1.671,0.31c-0.949,0.043-1.233,0.052-3.637,0.052 s-2.688-0.009-3.637-0.052c-0.877-0.04-1.354-0.187-1.671-0.31c-0.42-0.163-0.72-0.358-1.035-0.673 c-0.315-0.315-0.51-0.615-0.673-1.035c-0.123-0.317-0.27-0.794-0.31-1.671C4.631,14.688,4.622,14.403,4.622,12 s0.009-2.688,0.052-3.637c0.04-0.877,0.187-1.354,0.31-1.671c0.163-0.42,0.358-0.72,0.673-1.035 c0.315-0.315,0.615-0.51,1.035-0.673c0.317-0.123,0.794-0.27,1.671-0.31C9.312,4.631,9.597,4.622,12,4.622 M12,3 C9.556,3,9.249,3.01,8.289,3.054C7.331,3.098,6.677,3.25,6.105,3.472C5.513,3.702,5.011,4.01,4.511,4.511 c-0.5,0.5-0.808,1.002-1.038,1.594C3.25,6.677,3.098,7.331,3.054,8.289C3.01,9.249,3,9.556,3,12c0,2.444,0.01,2.751,0.054,3.711 c0.044,0.958,0.196,1.612,0.418,2.185c0.23,0.592,0.538,1.094,1.038,1.594c0.5,0.5,1.002,0.808,1.594,1.038 c0.572,0.222,1.227,0.375,2.185,0.418C9.249,20.99,9.556,21,12,21s2.751-0.01,3.711-0.054c0.958-0.044,1.612-0.196,2.185-0.418 c0.592-0.23,1.094-0.538,1.594-1.038c0.5-0.5,0.808-1.002,1.038-1.594c0.222-0.572,0.375-1.227,0.418-2.185 C20.99,14.751,21,14.444,21,12s-0.01-2.751-0.054-3.711c-0.044-0.958-0.196-1.612-0.418-2.185c-0.23-0.592-0.538-1.094-1.038-1.594 c-0.5-0.5-1.002-0.808-1.594-1.038c-0.572-0.222-1.227-0.375-2.185-0.418C14.751,3.01,14.444,3,12,3L12,3z M12,7.378 c-2.552,0-4.622,2.069-4.622,4.622S9.448,16.622,12,16.622s4.622-2.069,4.622-4.622S14.552,7.378,12,7.378z M12,15 c-1.657,0-3-1.343-3-3s1.343-3,3-3s3,1.343,3,3S13.657,15,12,15z M16.804,6.116c-0.596,0-1.08,0.484-1.08,1.08 s0.484,1.08,1.08,1.08c0.596,0,1.08-0.484,1.08-1.08S17.401,6.116,16.804,6.116z\"><\/path><\/svg><span class=\"wp-block-social-link-label\">programradet<\/span><\/a><\/li>\n\n<li class=\"wp-social-link wp-social-link-facebook  wp-block-social-link\"><a rel=\"noopener nofollow\" target=\"_blank\" href=\"https:\/\/www.facebook.com\/ProgramRadet\" class=\"wp-block-social-link-anchor\"><svg width=\"24\" height=\"24\" viewbox=\"0 0 24 24\" version=\"1.1\" xmlns=\"http:\/\/www.w3.org\/2000\/svg\" aria-hidden=\"true\" focusable=\"false\"><path d=\"M12 2C6.5 2 2 6.5 2 12c0 5 3.7 9.1 8.4 9.9v-7H7.9V12h2.5V9.8c0-2.5 1.5-3.9 3.8-3.9 1.1 0 2.2.2 2.2.2v2.5h-1.3c-1.2 0-1.6.8-1.6 1.6V12h2.8l-.4 2.9h-2.3v7C18.3 21.1 22 17 22 12c0-5.5-4.5-10-10-10z\"><\/path><\/svg><span class=\"wp-block-social-link-label\">ProgramR\u00e5det<\/span><\/a><\/li><\/ul>","protected":false},"excerpt":{"rendered":"<p>ProgramR\u00e5det (PR) \u00e4r Konglig Elektrosektionen och MiTs gemensamma klubbm\u00e4steri och det \u00e4r PR som ansvarar f\u00f6r all festverksamhet p\u00e5 sektionerna. PR best\u00e5r av tre klubbm\u00e4stare och ett antal kalasPingloR och festPRissar. Om du \u00e4r intresserad av att bli en del av PR g\u00e5r det bra att mejla eller prata med n\u00e5gon av klubbm\u00e4starna. Det \u00e4r&nbsp;&hellip;<\/p>","protected":false},"author":1,"featured_media":4978,"parent":2759,"menu_order":3,"comment_status":"closed","ping_status":"closed","template":"","meta":{"footnotes":""},"class_list":["post-63","page","type-page","status-publish","has-post-thumbnail","hentry"],"yoast_head":"<!-- This site is optimized with the Yoast SEO plugin v27.4 - https:\/\/yoast.com\/product\/yoast-seo-wordpress\/ -->\n<title>ProgramR\u00e5det - Sektionen f\u00f6r Medicinsk Teknik<\/title>\n<meta name=\"description\" content=\"ProgramR\u00e5det (PR) \u00e4r Konglig Elektrosektionen och MiTs gemensamma klubbm\u00e4steri och det \u00e4r PR som ansvarar f\u00f6r all festverksamhet p\u00e5 sektionerna\" \/>\n<meta name=\"robots\" content=\"index, follow, max-snippet:-1, max-image-preview:large, max-video-preview:-1\" \/>\n<link rel=\"canonical\" href=\"https:\/\/www.mitsektionen.se\/en\/namnder-2\/pr\/\" \/>\n<meta property=\"og:locale\" content=\"en_US\" \/>\n<meta property=\"og:type\" content=\"article\" \/>\n<meta property=\"og:title\" content=\"ProgramR\u00e5det - Sektionen f\u00f6r Medicinsk Teknik\" \/>\n<meta property=\"og:description\" content=\"ProgramR\u00e5det (PR) \u00e4r Konglig Elektrosektionen och MiTs gemensamma klubbm\u00e4steri och det \u00e4r PR som ansvarar f\u00f6r all festverksamhet p\u00e5 sektionerna\" \/>\n<meta property=\"og:url\" content=\"https:\/\/www.mitsektionen.se\/en\/namnder-2\/pr\/\" \/>\n<meta property=\"og:site_name\" content=\"Sektionen f\u00f6r Medicinsk Teknik\" \/>\n<meta property=\"article:publisher\" content=\"https:\/\/www.facebook.com\/profile.php?id=100063481543287\" \/>\n<meta property=\"article:modified_time\" content=\"2026-04-21T17:34:48+00:00\" \/>\n<meta property=\"og:image\" content=\"https:\/\/www.mitsektionen.se\/wp-content\/uploads\/2011\/07\/pr-e1575096992503.png\" \/>\n\t<meta property=\"og:image:width\" content=\"450\" \/>\n\t<meta property=\"og:image:height\" content=\"206\" \/>\n\t<meta property=\"og:image:type\" content=\"image\/png\" \/>\n<meta name=\"twitter:card\" content=\"summary_large_image\" \/>\n<meta name=\"twitter:label1\" content=\"Est. reading time\" \/>\n\t<meta name=\"twitter:data1\" content=\"2 minutes\" \/>\n<script type=\"application\/ld+json\" class=\"yoast-schema-graph\">{\"@context\":\"https:\\\/\\\/schema.org\",\"@graph\":[{\"@type\":\"WebPage\",\"@id\":\"https:\\\/\\\/www.mitsektionen.se\\\/namnder-2\\\/pr\\\/\",\"url\":\"https:\\\/\\\/www.mitsektionen.se\\\/namnder-2\\\/pr\\\/\",\"name\":\"ProgramR\u00e5det - Sektionen f\u00f6r Medicinsk Teknik\",\"isPartOf\":{\"@id\":\"https:\\\/\\\/www.mitsektionen.se\\\/#website\"},\"primaryImageOfPage\":{\"@id\":\"https:\\\/\\\/www.mitsektionen.se\\\/namnder-2\\\/pr\\\/#primaryimage\"},\"image\":{\"@id\":\"https:\\\/\\\/www.mitsektionen.se\\\/namnder-2\\\/pr\\\/#primaryimage\"},\"thumbnailUrl\":\"https:\\\/\\\/www.mitsektionen.se\\\/wp-content\\\/uploads\\\/2011\\\/07\\\/pr-e1575096992503.png\",\"datePublished\":\"2011-07-26T15:45:51+00:00\",\"dateModified\":\"2026-04-21T17:34:48+00:00\",\"description\":\"ProgramR\u00e5det (PR) \u00e4r Konglig Elektrosektionen och MiTs gemensamma klubbm\u00e4steri och det \u00e4r PR som ansvarar f\u00f6r all festverksamhet p\u00e5 sektionerna\",\"breadcrumb\":{\"@id\":\"https:\\\/\\\/www.mitsektionen.se\\\/namnder-2\\\/pr\\\/#breadcrumb\"},\"inLanguage\":\"en-US\",\"potentialAction\":[{\"@type\":\"ReadAction\",\"target\":[\"https:\\\/\\\/www.mitsektionen.se\\\/namnder-2\\\/pr\\\/\"]}]},{\"@type\":\"ImageObject\",\"inLanguage\":\"en-US\",\"@id\":\"https:\\\/\\\/www.mitsektionen.se\\\/namnder-2\\\/pr\\\/#primaryimage\",\"url\":\"https:\\\/\\\/www.mitsektionen.se\\\/wp-content\\\/uploads\\\/2011\\\/07\\\/pr-e1575096992503.png\",\"contentUrl\":\"https:\\\/\\\/www.mitsektionen.se\\\/wp-content\\\/uploads\\\/2011\\\/07\\\/pr-e1575096992503.png\",\"width\":450,\"height\":206},{\"@type\":\"BreadcrumbList\",\"@id\":\"https:\\\/\\\/www.mitsektionen.se\\\/namnder-2\\\/pr\\\/#breadcrumb\",\"itemListElement\":[{\"@type\":\"ListItem\",\"position\":1,\"name\":\"Hem\",\"item\":\"https:\\\/\\\/www.mitsektionen.se\\\/\"},{\"@type\":\"ListItem\",\"position\":2,\"name\":\"V\u00e5ra n\u00e4mnder\",\"item\":\"https:\\\/\\\/www.mitsektionen.se\\\/?page_id=2759\"},{\"@type\":\"ListItem\",\"position\":3,\"name\":\"ProgramR\u00e5det\"}]},{\"@type\":\"WebSite\",\"@id\":\"https:\\\/\\\/www.mitsektionen.se\\\/#website\",\"url\":\"https:\\\/\\\/www.mitsektionen.se\\\/\",\"name\":\"Sektionen f\u00f6r Medicinsk Teknik\",\"description\":\"MedTech vid KTH\",\"publisher\":{\"@id\":\"https:\\\/\\\/www.mitsektionen.se\\\/#organization\"},\"potentialAction\":[{\"@type\":\"SearchAction\",\"target\":{\"@type\":\"EntryPoint\",\"urlTemplate\":\"https:\\\/\\\/www.mitsektionen.se\\\/?s={search_term_string}\"},\"query-input\":{\"@type\":\"PropertyValueSpecification\",\"valueRequired\":true,\"valueName\":\"search_term_string\"}}],\"inLanguage\":\"en-US\"},{\"@type\":\"Organization\",\"@id\":\"https:\\\/\\\/www.mitsektionen.se\\\/#organization\",\"name\":\"Sektionen f\u00f6r Medicinsk Teknik\",\"url\":\"https:\\\/\\\/www.mitsektionen.se\\\/\",\"logo\":{\"@type\":\"ImageObject\",\"inLanguage\":\"en-US\",\"@id\":\"https:\\\/\\\/www.mitsektionen.se\\\/#\\\/schema\\\/logo\\\/image\\\/\",\"url\":\"https:\\\/\\\/www.mitsektionen.se\\\/wp-content\\\/uploads\\\/2018\\\/05\\\/cropped-loggamit.png\",\"contentUrl\":\"https:\\\/\\\/www.mitsektionen.se\\\/wp-content\\\/uploads\\\/2018\\\/05\\\/cropped-loggamit.png\",\"width\":2361,\"height\":2385,\"caption\":\"Sektionen f\u00f6r Medicinsk Teknik\"},\"image\":{\"@id\":\"https:\\\/\\\/www.mitsektionen.se\\\/#\\\/schema\\\/logo\\\/image\\\/\"},\"sameAs\":[\"https:\\\/\\\/www.facebook.com\\\/profile.php?id=100063481543287\",\"https:\\\/\\\/www.instagram.com\\\/mitsektionen\\\/\",\"https:\\\/\\\/ca.linkedin.com\\\/company\\\/sektionen-fr-medicinsk-teknik\"]}]}<\/script>\n<!-- \/ Yoast SEO plugin. -->","yoast_head_json":{"title":"ProgramR\u00e5det - Sektionen f\u00f6r Medicinsk Teknik","description":"ProgramR\u00e5det (PR) \u00e4r Konglig Elektrosektionen och MiTs gemensamma klubbm\u00e4steri och det \u00e4r PR som ansvarar f\u00f6r all festverksamhet p\u00e5 sektionerna","robots":{"index":"index","follow":"follow","max-snippet":"max-snippet:-1","max-image-preview":"max-image-preview:large","max-video-preview":"max-video-preview:-1"},"canonical":"https:\/\/www.mitsektionen.se\/en\/namnder-2\/pr\/","og_locale":"en_US","og_type":"article","og_title":"ProgramR\u00e5det - Sektionen f\u00f6r Medicinsk Teknik","og_description":"ProgramR\u00e5det (PR) \u00e4r Konglig Elektrosektionen och MiTs gemensamma klubbm\u00e4steri och det \u00e4r PR som ansvarar f\u00f6r all festverksamhet p\u00e5 sektionerna","og_url":"https:\/\/www.mitsektionen.se\/en\/namnder-2\/pr\/","og_site_name":"Sektionen f\u00f6r Medicinsk Teknik","article_publisher":"https:\/\/www.facebook.com\/profile.php?id=100063481543287","article_modified_time":"2026-04-21T17:34:48+00:00","og_image":[{"width":450,"height":206,"url":"https:\/\/www.mitsektionen.se\/wp-content\/uploads\/2011\/07\/pr-e1575096992503.png","type":"image\/png"}],"twitter_card":"summary_large_image","twitter_misc":{"Est. reading time":"2 minutes"},"schema":{"@context":"https:\/\/schema.org","@graph":[{"@type":"WebPage","@id":"https:\/\/www.mitsektionen.se\/namnder-2\/pr\/","url":"https:\/\/www.mitsektionen.se\/namnder-2\/pr\/","name":"ProgramR\u00e5det - Sektionen f\u00f6r Medicinsk Teknik","isPartOf":{"@id":"https:\/\/www.mitsektionen.se\/#website"},"primaryImageOfPage":{"@id":"https:\/\/www.mitsektionen.se\/namnder-2\/pr\/#primaryimage"},"image":{"@id":"https:\/\/www.mitsektionen.se\/namnder-2\/pr\/#primaryimage"},"thumbnailUrl":"https:\/\/www.mitsektionen.se\/wp-content\/uploads\/2011\/07\/pr-e1575096992503.png","datePublished":"2011-07-26T15:45:51+00:00","dateModified":"2026-04-21T17:34:48+00:00","description":"ProgramR\u00e5det (PR) \u00e4r Konglig Elektrosektionen och MiTs gemensamma klubbm\u00e4steri och det \u00e4r PR som ansvarar f\u00f6r all festverksamhet p\u00e5 sektionerna","breadcrumb":{"@id":"https:\/\/www.mitsektionen.se\/namnder-2\/pr\/#breadcrumb"},"inLanguage":"en-US","potentialAction":[{"@type":"ReadAction","target":["https:\/\/www.mitsektionen.se\/namnder-2\/pr\/"]}]},{"@type":"ImageObject","inLanguage":"en-US","@id":"https:\/\/www.mitsektionen.se\/namnder-2\/pr\/#primaryimage","url":"https:\/\/www.mitsektionen.se\/wp-content\/uploads\/2011\/07\/pr-e1575096992503.png","contentUrl":"https:\/\/www.mitsektionen.se\/wp-content\/uploads\/2011\/07\/pr-e1575096992503.png","width":450,"height":206},{"@type":"BreadcrumbList","@id":"https:\/\/www.mitsektionen.se\/namnder-2\/pr\/#breadcrumb","itemListElement":[{"@type":"ListItem","position":1,"name":"Hem","item":"https:\/\/www.mitsektionen.se\/"},{"@type":"ListItem","position":2,"name":"V\u00e5ra n\u00e4mnder","item":"https:\/\/www.mitsektionen.se\/?page_id=2759"},{"@type":"ListItem","position":3,"name":"ProgramR\u00e5det"}]},{"@type":"WebSite","@id":"https:\/\/www.mitsektionen.se\/#website","url":"https:\/\/www.mitsektionen.se\/","name":"The Chapter of Medical Engineering","description":"MedTech vid KTH","publisher":{"@id":"https:\/\/www.mitsektionen.se\/#organization"},"potentialAction":[{"@type":"SearchAction","target":{"@type":"EntryPoint","urlTemplate":"https:\/\/www.mitsektionen.se\/?s={search_term_string}"},"query-input":{"@type":"PropertyValueSpecification","valueRequired":true,"valueName":"search_term_string"}}],"inLanguage":"en-US"},{"@type":"Organization","@id":"https:\/\/www.mitsektionen.se\/#organization","name":"The Chapter of Medical Engineering","url":"https:\/\/www.mitsektionen.se\/","logo":{"@type":"ImageObject","inLanguage":"en-US","@id":"https:\/\/www.mitsektionen.se\/#\/schema\/logo\/image\/","url":"https:\/\/www.mitsektionen.se\/wp-content\/uploads\/2018\/05\/cropped-loggamit.png","contentUrl":"https:\/\/www.mitsektionen.se\/wp-content\/uploads\/2018\/05\/cropped-loggamit.png","width":2361,"height":2385,"caption":"Sektionen f\u00f6r Medicinsk Teknik"},"image":{"@id":"https:\/\/www.mitsektionen.se\/#\/schema\/logo\/image\/"},"sameAs":["https:\/\/www.facebook.com\/profile.php?id=100063481543287","https:\/\/www.instagram.com\/mitsektionen\/","https:\/\/ca.linkedin.com\/company\/sektionen-fr-medicinsk-teknik"]}]}},"_links":{"self":[{"href":"https:\/\/www.mitsektionen.se\/en\/wp-json\/wp\/v2\/pages\/63","targetHints":{"allow":["GET"]}}],"collection":[{"href":"https:\/\/www.mitsektionen.se\/en\/wp-json\/wp\/v2\/pages"}],"about":[{"href":"https:\/\/www.mitsektionen.se\/en\/wp-json\/wp\/v2\/types\/page"}],"author":[{"embeddable":true,"href":"https:\/\/www.mitsektionen.se\/en\/wp-json\/wp\/v2\/users\/1"}],"replies":[{"embeddable":true,"href":"https:\/\/www.mitsektionen.se\/en\/wp-json\/wp\/v2\/comments?post=63"}],"version-history":[{"count":18,"href":"https:\/\/www.mitsektionen.se\/en\/wp-json\/wp\/v2\/pages\/63\/revisions"}],"predecessor-version":[{"id":14629,"href":"https:\/\/www.mitsektionen.se\/en\/wp-json\/wp\/v2\/pages\/63\/revisions\/14629"}],"up":[{"embeddable":true,"href":"https:\/\/www.mitsektionen.se\/en\/wp-json\/wp\/v2\/pages\/2759"}],"wp:featuredmedia":[{"embeddable":true,"href":"https:\/\/www.mitsektionen.se\/en\/wp-json\/wp\/v2\/media\/4978"}],"wp:attachment":[{"href":"https:\/\/www.mitsektionen.se\/en\/wp-json\/wp\/v2\/media?parent=63"}],"curies":[{"name":"wp","href":"https:\/\/api.w.org\/{rel}","templated":true}]}}