{"id":9,"date":"2011-07-17T13:00:29","date_gmt":"2011-07-17T11:00:29","guid":{"rendered":"https:\/\/www.mitsektionen.se\/?page_id=9"},"modified":"2025-07-29T10:50:53","modified_gmt":"2025-07-29T08:50:53","slug":"mottagningen","status":"publish","type":"page","link":"https:\/\/www.mitsektionen.se\/en\/mottagningen\/","title":{"rendered":"Mottagningen 2025"},"content":{"rendered":"<p>Grattis till din plats p\u00e5 civilingenj\u00f6rsprogrammet Medicinsk Teknik! Att b\u00f6rja p\u00e5 Kungliga Tekniska H\u00f6gskolan \u00e4r en stor h\u00e4ndelse, oavsett om du \u00e4r ny till stan, precis har tagit studenten eller har jobbat i m\u00e5nga \u00e5r. D\u00e4rf\u00f6r anordnas en mottagning f\u00f6r alla nyantagna studenter p\u00e5 Sektionen f\u00f6r Medicinsk Teknik (MiT), tillsammans med Konglig Elektrosektionen (E). Vi vill h\u00e4lsa dig varmt v\u00e4lkommen till v\u00e5r sektion och mottagningen, vi vet att du kommer trivas!<\/p>\n<p><strong>Vad \u00e4r mottagningen?<\/strong><\/p>\n<p>Under mottagningen f\u00e5r du chansen att tr\u00e4ffa dina medstuderande samt \u00e4ldre teknologer, dina faddrar, som kommer finnas d\u00e4r som st\u00f6d och f\u00f6r att besvara alla fr\u00e5gor du kan t\u00e4nkas ha. Mottagningen best\u00e5r av en massa evenemang och fester f\u00f6r att ge dig en ordentlig start p\u00e5 dina studier p\u00e5 KTH. Mottagningen b\u00f6rjar direkt efter uppropet 11:e augusti. Alla aktiviteter under mottagningen \u00e4r helt frivilliga men vi \u00e4r helt s\u00e4kra p\u00e5 att du inte kommer att \u00e5ngra ditt deltagande! <a href=\"https:\/\/usercontent.one\/wp\/elektrosektionen.se\/wp-content\/uploads\/2025\/06\/Mottagningsschema.pdf?media=1720362799\">H\u00e4r<\/a> hittar du mottagningsschemat!<\/p>\n<p><b>Viktig information om uppropsdagen<\/b><\/p>\n<p>Uppropet den 11:e augusti klockan 10:05 \u00e4r obligatoriskt om du vill beh\u00e5lla din studieplats p\u00e5 KTH. Om du mot f\u00f6rmodan inte kan dyka upp \u00e4r det viktigt att du i god tid s\u00f6ker dispens, vilket du kan g\u00f6ra <a href=\"https:\/\/www.kth.se\/student\/studier\/nypakth\/dispens-1.1247913\">here<\/a>. Uppropet kommer att ske p\u00e5 Campus Valhallav\u00e4gen, l\u00e4ttast \u00e4r att ta tunnelbana till Tekniska H\u00f6gskolan eller buss till \u00d6stra Station. Vid KTH kommer du m\u00f6tas av taggade \u00e4ldre teknologer i alla olika f\u00e4rger. Dina faddrar b\u00e4r babybl\u00e5 och vita overaller, f\u00f6lj dem s\u00e5 visar de v\u00e4gen till uppropet!<\/p>\n<p><strong>Kontaktuppgifter<\/strong><\/p>\n<p>\u00c5rets F\u00f8F, tillika mottagningsansvariga, p\u00e5 Sektionen f\u00f6r Medicinsk Teknik \u00e4r Andrea S\u00f6derberg (tel: 072 706 30 47) och Nella Siitonen (tel: 073 241 32 76). Tillsammans med oss jobbar Konglig Elektrosektionens mottagningsansvariga Daniel Hallberg och Viktor Liljedahl.<\/p>\n<p>Mail: <a href=\"mailto:mottagning-mit@ths.kth.se\">mottagning-mit@<\/a><a href=\"mailto:ordf-mit@ths.kth.se\">ths<\/a><a href=\"mailto:mottagning-mit@ths.kth.se\">.kth.se<\/a><\/p>\n<p>Instagram: @mottagning2025<\/p>\n\n\n<figure class=\"wp-block-image size-large\"><img loading=\"lazy\" decoding=\"async\" width=\"1024\" height=\"683\" src=\"https:\/\/www.mitsektionen.se\/wp-content\/uploads\/2025\/07\/IMG_4020-1024x683.jpg\" alt=\"\" class=\"wp-image-8143\" srcset=\"https:\/\/www.mitsektionen.se\/wp-content\/uploads\/2025\/07\/IMG_4020-1024x683.jpg 1024w, https:\/\/www.mitsektionen.se\/wp-content\/uploads\/2025\/07\/IMG_4020-300x200.jpg 300w, https:\/\/www.mitsektionen.se\/wp-content\/uploads\/2025\/07\/IMG_4020-768x512.jpg 768w, https:\/\/www.mitsektionen.se\/wp-content\/uploads\/2025\/07\/IMG_4020-1536x1024.jpg 1536w, https:\/\/www.mitsektionen.se\/wp-content\/uploads\/2025\/07\/IMG_4020-2048x1365.jpg 2048w, https:\/\/www.mitsektionen.se\/wp-content\/uploads\/2025\/07\/IMG_4020-18x12.jpg 18w, https:\/\/www.mitsektionen.se\/wp-content\/uploads\/2025\/07\/IMG_4020-1232x821.jpg 1232w, https:\/\/www.mitsektionen.se\/wp-content\/uploads\/2025\/07\/IMG_4020-1620x1080.jpg 1620w\" sizes=\"auto, (max-width: 1024px) 100vw, 1024px\" \/><\/figure>\n\n\n\n<p>Viktor Liljedahl (E), Andrea S\u00f6derberg (MiT), Nella Siitonen (MiT), Daniel Hallberg (E)<\/p>\n\n\n\n<p><\/p>","protected":false},"excerpt":{"rendered":"<p>Grattis till din plats p\u00e5 civilingenj\u00f6rsprogrammet Medicinsk Teknik! Att b\u00f6rja p\u00e5 Kungliga Tekniska H\u00f6gskolan \u00e4r en stor h\u00e4ndelse, oavsett om du \u00e4r ny till stan, precis har tagit studenten eller har jobbat i m\u00e5nga \u00e5r. D\u00e4rf\u00f6r anordnas en mottagning f\u00f6r alla nyantagna studenter p\u00e5 Sektionen f\u00f6r Medicinsk Teknik (MiT), tillsammans med Konglig Elektrosektionen (E). Vi&nbsp;&hellip;<\/p>","protected":false},"author":1,"featured_media":0,"parent":0,"menu_order":4,"comment_status":"closed","ping_status":"closed","template":"","meta":{"footnotes":""},"class_list":["post-9","page","type-page","status-publish","hentry"],"yoast_head":"<!-- This site is optimized with the Yoast SEO plugin v27.4 - https:\/\/yoast.com\/product\/yoast-seo-wordpress\/ -->\n<title>Mottagningen 2025 - Sektionen f\u00f6r Medicinsk Teknik<\/title>\n<meta name=\"robots\" content=\"index, follow, max-snippet:-1, max-image-preview:large, max-video-preview:-1\" \/>\n<link rel=\"canonical\" href=\"https:\/\/www.mitsektionen.se\/en\/mottagningen\/\" \/>\n<meta property=\"og:locale\" content=\"en_US\" \/>\n<meta property=\"og:type\" content=\"article\" \/>\n<meta property=\"og:title\" content=\"Mottagningen 2025 - Sektionen f\u00f6r Medicinsk Teknik\" \/>\n<meta property=\"og:description\" content=\"Grattis till din plats p\u00e5 civilingenj\u00f6rsprogrammet Medicinsk Teknik! Att b\u00f6rja p\u00e5 Kungliga Tekniska H\u00f6gskolan \u00e4r en stor h\u00e4ndelse, oavsett om du \u00e4r ny till stan, precis har tagit studenten eller har jobbat i m\u00e5nga \u00e5r. D\u00e4rf\u00f6r anordnas en mottagning f\u00f6r alla nyantagna studenter p\u00e5 Sektionen f\u00f6r Medicinsk Teknik (MiT), tillsammans med Konglig Elektrosektionen (E). Vi&nbsp;&hellip;\" \/>\n<meta property=\"og:url\" content=\"https:\/\/www.mitsektionen.se\/en\/mottagningen\/\" \/>\n<meta property=\"og:site_name\" content=\"Sektionen f\u00f6r Medicinsk Teknik\" \/>\n<meta property=\"article:publisher\" content=\"https:\/\/www.facebook.com\/profile.php?id=100063481543287\" \/>\n<meta property=\"article:modified_time\" content=\"2025-07-29T08:50:53+00:00\" \/>\n<meta property=\"og:image\" content=\"https:\/\/www.mitsektionen.se\/wp-content\/uploads\/2025\/07\/IMG_4020-scaled.jpg\" \/>\n\t<meta property=\"og:image:width\" content=\"2560\" \/>\n\t<meta property=\"og:image:height\" content=\"1707\" \/>\n\t<meta property=\"og:image:type\" content=\"image\/jpeg\" \/>\n<meta name=\"twitter:card\" content=\"summary_large_image\" \/>\n<meta name=\"twitter:label1\" content=\"Est. reading time\" \/>\n\t<meta name=\"twitter:data1\" content=\"2 minutes\" \/>\n<script type=\"application\/ld+json\" class=\"yoast-schema-graph\">{\"@context\":\"https:\\\/\\\/schema.org\",\"@graph\":[{\"@type\":\"WebPage\",\"@id\":\"https:\\\/\\\/www.mitsektionen.se\\\/mottagningen\\\/\",\"url\":\"https:\\\/\\\/www.mitsektionen.se\\\/mottagningen\\\/\",\"name\":\"Mottagningen 2025 - Sektionen f\u00f6r Medicinsk Teknik\",\"isPartOf\":{\"@id\":\"https:\\\/\\\/www.mitsektionen.se\\\/#website\"},\"primaryImageOfPage\":{\"@id\":\"https:\\\/\\\/www.mitsektionen.se\\\/mottagningen\\\/#primaryimage\"},\"image\":{\"@id\":\"https:\\\/\\\/www.mitsektionen.se\\\/mottagningen\\\/#primaryimage\"},\"thumbnailUrl\":\"https:\\\/\\\/www.mitsektionen.se\\\/wp-content\\\/uploads\\\/2025\\\/07\\\/IMG_4020-1024x683.jpg\",\"datePublished\":\"2011-07-17T11:00:29+00:00\",\"dateModified\":\"2025-07-29T08:50:53+00:00\",\"breadcrumb\":{\"@id\":\"https:\\\/\\\/www.mitsektionen.se\\\/mottagningen\\\/#breadcrumb\"},\"inLanguage\":\"en-US\",\"potentialAction\":[{\"@type\":\"ReadAction\",\"target\":[\"https:\\\/\\\/www.mitsektionen.se\\\/mottagningen\\\/\"]}]},{\"@type\":\"ImageObject\",\"inLanguage\":\"en-US\",\"@id\":\"https:\\\/\\\/www.mitsektionen.se\\\/mottagningen\\\/#primaryimage\",\"url\":\"https:\\\/\\\/www.mitsektionen.se\\\/wp-content\\\/uploads\\\/2025\\\/07\\\/IMG_4020-1024x683.jpg\",\"contentUrl\":\"https:\\\/\\\/www.mitsektionen.se\\\/wp-content\\\/uploads\\\/2025\\\/07\\\/IMG_4020-1024x683.jpg\"},{\"@type\":\"BreadcrumbList\",\"@id\":\"https:\\\/\\\/www.mitsektionen.se\\\/mottagningen\\\/#breadcrumb\",\"itemListElement\":[{\"@type\":\"ListItem\",\"position\":1,\"name\":\"Hem\",\"item\":\"https:\\\/\\\/www.mitsektionen.se\\\/\"},{\"@type\":\"ListItem\",\"position\":2,\"name\":\"Mottagningen 2025\"}]},{\"@type\":\"WebSite\",\"@id\":\"https:\\\/\\\/www.mitsektionen.se\\\/#website\",\"url\":\"https:\\\/\\\/www.mitsektionen.se\\\/\",\"name\":\"Sektionen f\u00f6r Medicinsk Teknik\",\"description\":\"MedTech vid KTH\",\"publisher\":{\"@id\":\"https:\\\/\\\/www.mitsektionen.se\\\/#organization\"},\"potentialAction\":[{\"@type\":\"SearchAction\",\"target\":{\"@type\":\"EntryPoint\",\"urlTemplate\":\"https:\\\/\\\/www.mitsektionen.se\\\/?s={search_term_string}\"},\"query-input\":{\"@type\":\"PropertyValueSpecification\",\"valueRequired\":true,\"valueName\":\"search_term_string\"}}],\"inLanguage\":\"en-US\"},{\"@type\":\"Organization\",\"@id\":\"https:\\\/\\\/www.mitsektionen.se\\\/#organization\",\"name\":\"Sektionen f\u00f6r Medicinsk Teknik\",\"url\":\"https:\\\/\\\/www.mitsektionen.se\\\/\",\"logo\":{\"@type\":\"ImageObject\",\"inLanguage\":\"en-US\",\"@id\":\"https:\\\/\\\/www.mitsektionen.se\\\/#\\\/schema\\\/logo\\\/image\\\/\",\"url\":\"https:\\\/\\\/www.mitsektionen.se\\\/wp-content\\\/uploads\\\/2018\\\/05\\\/cropped-loggamit.png\",\"contentUrl\":\"https:\\\/\\\/www.mitsektionen.se\\\/wp-content\\\/uploads\\\/2018\\\/05\\\/cropped-loggamit.png\",\"width\":2361,\"height\":2385,\"caption\":\"Sektionen f\u00f6r Medicinsk Teknik\"},\"image\":{\"@id\":\"https:\\\/\\\/www.mitsektionen.se\\\/#\\\/schema\\\/logo\\\/image\\\/\"},\"sameAs\":[\"https:\\\/\\\/www.facebook.com\\\/profile.php?id=100063481543287\",\"https:\\\/\\\/www.instagram.com\\\/mitsektionen\\\/\",\"https:\\\/\\\/ca.linkedin.com\\\/company\\\/sektionen-fr-medicinsk-teknik\"]}]}<\/script>\n<!-- \/ Yoast SEO plugin. -->","yoast_head_json":{"title":"Mottagningen 2025 - Sektionen f\u00f6r Medicinsk Teknik","robots":{"index":"index","follow":"follow","max-snippet":"max-snippet:-1","max-image-preview":"max-image-preview:large","max-video-preview":"max-video-preview:-1"},"canonical":"https:\/\/www.mitsektionen.se\/en\/mottagningen\/","og_locale":"en_US","og_type":"article","og_title":"Mottagningen 2025 - Sektionen f\u00f6r Medicinsk Teknik","og_description":"Grattis till din plats p\u00e5 civilingenj\u00f6rsprogrammet Medicinsk Teknik! Att b\u00f6rja p\u00e5 Kungliga Tekniska H\u00f6gskolan \u00e4r en stor h\u00e4ndelse, oavsett om du \u00e4r ny till stan, precis har tagit studenten eller har jobbat i m\u00e5nga \u00e5r. D\u00e4rf\u00f6r anordnas en mottagning f\u00f6r alla nyantagna studenter p\u00e5 Sektionen f\u00f6r Medicinsk Teknik (MiT), tillsammans med Konglig Elektrosektionen (E). Vi&nbsp;&hellip;","og_url":"https:\/\/www.mitsektionen.se\/en\/mottagningen\/","og_site_name":"Sektionen f\u00f6r Medicinsk Teknik","article_publisher":"https:\/\/www.facebook.com\/profile.php?id=100063481543287","article_modified_time":"2025-07-29T08:50:53+00:00","og_image":[{"width":2560,"height":1707,"url":"https:\/\/www.mitsektionen.se\/wp-content\/uploads\/2025\/07\/IMG_4020-scaled.jpg","type":"image\/jpeg"}],"twitter_card":"summary_large_image","twitter_misc":{"Est. reading time":"2 minutes"},"schema":{"@context":"https:\/\/schema.org","@graph":[{"@type":"WebPage","@id":"https:\/\/www.mitsektionen.se\/mottagningen\/","url":"https:\/\/www.mitsektionen.se\/mottagningen\/","name":"Mottagningen 2025 - Sektionen f\u00f6r Medicinsk Teknik","isPartOf":{"@id":"https:\/\/www.mitsektionen.se\/#website"},"primaryImageOfPage":{"@id":"https:\/\/www.mitsektionen.se\/mottagningen\/#primaryimage"},"image":{"@id":"https:\/\/www.mitsektionen.se\/mottagningen\/#primaryimage"},"thumbnailUrl":"https:\/\/www.mitsektionen.se\/wp-content\/uploads\/2025\/07\/IMG_4020-1024x683.jpg","datePublished":"2011-07-17T11:00:29+00:00","dateModified":"2025-07-29T08:50:53+00:00","breadcrumb":{"@id":"https:\/\/www.mitsektionen.se\/mottagningen\/#breadcrumb"},"inLanguage":"en-US","potentialAction":[{"@type":"ReadAction","target":["https:\/\/www.mitsektionen.se\/mottagningen\/"]}]},{"@type":"ImageObject","inLanguage":"en-US","@id":"https:\/\/www.mitsektionen.se\/mottagningen\/#primaryimage","url":"https:\/\/www.mitsektionen.se\/wp-content\/uploads\/2025\/07\/IMG_4020-1024x683.jpg","contentUrl":"https:\/\/www.mitsektionen.se\/wp-content\/uploads\/2025\/07\/IMG_4020-1024x683.jpg"},{"@type":"BreadcrumbList","@id":"https:\/\/www.mitsektionen.se\/mottagningen\/#breadcrumb","itemListElement":[{"@type":"ListItem","position":1,"name":"Hem","item":"https:\/\/www.mitsektionen.se\/"},{"@type":"ListItem","position":2,"name":"Mottagningen 2025"}]},{"@type":"WebSite","@id":"https:\/\/www.mitsektionen.se\/#website","url":"https:\/\/www.mitsektionen.se\/","name":"The Chapter of Medical Engineering","description":"MedTech vid KTH","publisher":{"@id":"https:\/\/www.mitsektionen.se\/#organization"},"potentialAction":[{"@type":"SearchAction","target":{"@type":"EntryPoint","urlTemplate":"https:\/\/www.mitsektionen.se\/?s={search_term_string}"},"query-input":{"@type":"PropertyValueSpecification","valueRequired":true,"valueName":"search_term_string"}}],"inLanguage":"en-US"},{"@type":"Organization","@id":"https:\/\/www.mitsektionen.se\/#organization","name":"The Chapter of Medical Engineering","url":"https:\/\/www.mitsektionen.se\/","logo":{"@type":"ImageObject","inLanguage":"en-US","@id":"https:\/\/www.mitsektionen.se\/#\/schema\/logo\/image\/","url":"https:\/\/www.mitsektionen.se\/wp-content\/uploads\/2018\/05\/cropped-loggamit.png","contentUrl":"https:\/\/www.mitsektionen.se\/wp-content\/uploads\/2018\/05\/cropped-loggamit.png","width":2361,"height":2385,"caption":"Sektionen f\u00f6r Medicinsk Teknik"},"image":{"@id":"https:\/\/www.mitsektionen.se\/#\/schema\/logo\/image\/"},"sameAs":["https:\/\/www.facebook.com\/profile.php?id=100063481543287","https:\/\/www.instagram.com\/mitsektionen\/","https:\/\/ca.linkedin.com\/company\/sektionen-fr-medicinsk-teknik"]}]}},"_links":{"self":[{"href":"https:\/\/www.mitsektionen.se\/en\/wp-json\/wp\/v2\/pages\/9","targetHints":{"allow":["GET"]}}],"collection":[{"href":"https:\/\/www.mitsektionen.se\/en\/wp-json\/wp\/v2\/pages"}],"about":[{"href":"https:\/\/www.mitsektionen.se\/en\/wp-json\/wp\/v2\/types\/page"}],"author":[{"embeddable":true,"href":"https:\/\/www.mitsektionen.se\/en\/wp-json\/wp\/v2\/users\/1"}],"replies":[{"embeddable":true,"href":"https:\/\/www.mitsektionen.se\/en\/wp-json\/wp\/v2\/comments?post=9"}],"version-history":[{"count":19,"href":"https:\/\/www.mitsektionen.se\/en\/wp-json\/wp\/v2\/pages\/9\/revisions"}],"predecessor-version":[{"id":8145,"href":"https:\/\/www.mitsektionen.se\/en\/wp-json\/wp\/v2\/pages\/9\/revisions\/8145"}],"wp:attachment":[{"href":"https:\/\/www.mitsektionen.se\/en\/wp-json\/wp\/v2\/media?parent=9"}],"curies":[{"name":"wp","href":"https:\/\/api.w.org\/{rel}","templated":true}]}}